{"id":189145,"date":"2024-01-31T07:50:25","date_gmt":"2024-01-31T05:50:25","guid":{"rendered":"https:\/\/glamuur.ee\/product\/ti-sento-milano-ear-charms9052zi\/"},"modified":"2026-04-30T19:26:05","modified_gmt":"2026-04-30T16:26:05","slug":"ti-sento-milano-korva-volusid9052zi","status":"publish","type":"product","link":"https:\/\/glamuur.ee\/et\/product\/ti-sento-milano-ear-charms9052zi\/","title":{"rendered":"TI SENTO \u2013 Milano K\u00f5rvar\u00f5nga ripatsid"},"content":{"rendered":"<p>Nende elegantsete TI SENTO - Milano k\u00f5rvam\u00e4rkide kerakujuline kuju laseb neil valguses atraktiivselt s\u00e4deleda, mist\u00f5ttu on need ideaalne valik \u00f5htuseks kokteili\u00f5htuks. Disaini \u00fclemine silmus ja kinnitus on valmistatud kvaliteetsest h\u00f5bedast, millele on antud kauakestev k\u00f5rge l\u00e4ige roodiumiga. Kinnitus sisaldab briljantse l\u00f5ikega kuubikulist tsirkooniat ja v\u00e4ikeseid h\u00f5bedast kerasid. Need veetlevad k\u00f5rvar\u00f5ngad sobivad vaevata TI SENTO Mix and Match kontseptsiooni.<\/p>","protected":false},"excerpt":{"rendered":"<p>The spherical shape of these elegant TI SENTO &#8211; Milano ear charms let them sparkle attractively as they catch the light, making them the perfect choice for evening cocktail dressing. The upper loop and setting of the design are crafted from high-quality silver sterling which&#8230;<\/p>","protected":false},"featured_media":189146,"comment_status":"open","ping_status":"closed","template":"","meta":{"jetpack_post_was_ever_published":false},"product_brand":[],"product_cat":[728,72,144],"product_tag":[],"giftcard-category":[],"class_list":{"0":"post-189145","1":"product","2":"type-product","3":"status-publish","4":"has-post-thumbnail","6":"product_cat-ear-charms","7":"product_cat-ti-sento-milano","8":"product_cat-ti-sento-milano-ear-charms","9":"pa_material-silver","10":"pa_metal-color-silver","11":"pa_product-brand-ti-sento-milano","12":"pa_stone-color-white","13":"pa_type-category-ear-charms","15":"first","16":"instock","17":"sale","18":"featured","19":"taxable","20":"shipping-taxable","21":"purchasable","22":"product-type-simple"},"bundled_by":[],"bundle_stock_status":"instock","bundle_stock_quantity":4,"bundle_virtual":false,"bundle_layout":"","bundle_add_to_cart_form_location":"","bundle_editable_in_cart":false,"bundle_sold_individually_context":"","bundle_item_grouping":"","bundle_min_size":"","bundle_max_size":"","bundle_price":[],"bundled_items":[],"bundle_sell_ids":[],"etheme_brands":{"errors":{"invalid_taxonomy":["Lubamatu taksonoomia."]},"error_data":[]},"_links":{"self":[{"href":"https:\/\/glamuur.ee\/et\/wp-json\/wp\/v2\/product\/189145","targetHints":{"allow":["GET"]}}],"collection":[{"href":"https:\/\/glamuur.ee\/et\/wp-json\/wp\/v2\/product"}],"about":[{"href":"https:\/\/glamuur.ee\/et\/wp-json\/wp\/v2\/types\/product"}],"replies":[{"embeddable":true,"href":"https:\/\/glamuur.ee\/et\/wp-json\/wp\/v2\/comments?post=189145"}],"wp:featuredmedia":[{"embeddable":true,"href":"https:\/\/glamuur.ee\/et\/wp-json\/wp\/v2\/media\/189146"}],"wp:attachment":[{"href":"https:\/\/glamuur.ee\/et\/wp-json\/wp\/v2\/media?parent=189145"}],"wp:term":[{"taxonomy":"product_brand","embeddable":true,"href":"https:\/\/glamuur.ee\/et\/wp-json\/wp\/v2\/product_brand?post=189145"},{"taxonomy":"product_cat","embeddable":true,"href":"https:\/\/glamuur.ee\/et\/wp-json\/wp\/v2\/product_cat?post=189145"},{"taxonomy":"product_tag","embeddable":true,"href":"https:\/\/glamuur.ee\/et\/wp-json\/wp\/v2\/product_tag?post=189145"},{"taxonomy":"giftcard-category","embeddable":true,"href":"https:\/\/glamuur.ee\/et\/wp-json\/wp\/v2\/giftcard-category?post=189145"}],"curies":[{"name":"wp","href":"https:\/\/api.w.org\/{rel}","templated":true}]}}