{"id":189141,"date":"2023-05-17T07:50:19","date_gmt":"2023-05-17T07:50:19","guid":{"rendered":"https:\/\/glamuur.ee\/product\/ti-sento-milano-pendant-6729dg\/"},"modified":"2026-02-16T13:58:46","modified_gmt":"2026-02-16T11:58:46","slug":"ti-sento-milano-ripats-6729dg","status":"publish","type":"product","link":"https:\/\/glamuur.ee\/et\/product\/ti-sento-milano-pendant-6729dg\/","title":{"rendered":"TI SENTO \u2013 Milano ripats"},"content":{"rendered":"<p>Selle TI SENTO - Milano ripatsi pehme, hall kristall t\u00e4hendab, et seda saab kanda koos erinevate pehmete v\u00e4rvitoonidega. Nagu k\u00f5ik kollektsiooni ehted, on ka see ripats valmistatud roodiumsterlingh\u00f5bedast ja viimistletud roodiumiga, mis annab sellele t\u00e4iendava l\u00e4ike ja aitab seda kulumise eest kaitsta. Selle ripatsiga saab sobitada ka muid ehteid, sest br\u00e4ndi v\u00f5imaldab erinevaid esemeid omavahel kombineerida.<\/p>","protected":false},"excerpt":{"rendered":"<p>The soft, grey crystal in this TI SENTO &#8211; Milano pendant means that you can wear it along with items in different soft color tones. Like all jewellery in the collection, this pendant is made of rhodium sterling silver and finished with rhodium plating, which&#8230;<\/p>","protected":false},"featured_media":189142,"comment_status":"open","ping_status":"closed","template":"","meta":{"jetpack_post_was_ever_published":false},"product_brand":[],"product_cat":[599,729,72,149],"product_tag":[],"giftcard-category":[],"class_list":{"0":"post-189141","1":"product","2":"type-product","3":"status-publish","4":"has-post-thumbnail","6":"product_cat-sale","7":"product_cat-pendants","8":"product_cat-ti-sento-milano","9":"product_cat-ti-sento-milano-pendants","10":"pa_material-silver","11":"pa_metal-color-silver","12":"pa_product-brand-ti-sento-milano","13":"pa_stone-color-grey","14":"pa_type-category-pendants","16":"first","17":"instock","18":"featured","19":"taxable","20":"shipping-taxable","21":"purchasable","22":"product-type-simple"},"bundled_by":[],"bundle_stock_status":"instock","bundle_stock_quantity":4,"bundle_virtual":false,"bundle_layout":"","bundle_add_to_cart_form_location":"","bundle_editable_in_cart":false,"bundle_sold_individually_context":"","bundle_item_grouping":"","bundle_min_size":"","bundle_max_size":"","bundle_price":[],"bundled_items":[],"bundle_sell_ids":[],"etheme_brands":{"errors":{"invalid_taxonomy":["Lubamatu taksonoomia."]},"error_data":[]},"_links":{"self":[{"href":"https:\/\/glamuur.ee\/et\/wp-json\/wp\/v2\/product\/189141","targetHints":{"allow":["GET"]}}],"collection":[{"href":"https:\/\/glamuur.ee\/et\/wp-json\/wp\/v2\/product"}],"about":[{"href":"https:\/\/glamuur.ee\/et\/wp-json\/wp\/v2\/types\/product"}],"replies":[{"embeddable":true,"href":"https:\/\/glamuur.ee\/et\/wp-json\/wp\/v2\/comments?post=189141"}],"wp:featuredmedia":[{"embeddable":true,"href":"https:\/\/glamuur.ee\/et\/wp-json\/wp\/v2\/media\/189142"}],"wp:attachment":[{"href":"https:\/\/glamuur.ee\/et\/wp-json\/wp\/v2\/media?parent=189141"}],"wp:term":[{"taxonomy":"product_brand","embeddable":true,"href":"https:\/\/glamuur.ee\/et\/wp-json\/wp\/v2\/product_brand?post=189141"},{"taxonomy":"product_cat","embeddable":true,"href":"https:\/\/glamuur.ee\/et\/wp-json\/wp\/v2\/product_cat?post=189141"},{"taxonomy":"product_tag","embeddable":true,"href":"https:\/\/glamuur.ee\/et\/wp-json\/wp\/v2\/product_tag?post=189141"},{"taxonomy":"giftcard-category","embeddable":true,"href":"https:\/\/glamuur.ee\/et\/wp-json\/wp\/v2\/giftcard-category?post=189141"}],"curies":[{"name":"wp","href":"https:\/\/api.w.org\/{rel}","templated":true}]}}