{"id":189010,"date":"2023-05-17T07:48:08","date_gmt":"2023-05-17T07:48:08","guid":{"rendered":"https:\/\/glamuur.ee\/product\/ti-sento-milano-ear-charms-9604zb\/"},"modified":"2026-02-16T14:15:00","modified_gmt":"2026-02-16T12:15:00","slug":"ti-sento-milano-korva-volusid-9601zb","status":"publish","type":"product","link":"https:\/\/glamuur.ee\/et\/product\/ti-sento-milano-ear-charms-9601zb\/","title":{"rendered":"TI SENTO \u2013 Milano K\u00f5rvar\u00f5nga ripatsid"},"content":{"rendered":"<p>Need TI SENTO - Milano k\u00f5rvar\u00f5ngad on \u00fcmmarguse lihviga, milles on heledad kristallid, mis on asetatud nendesse TI SENTO - Milano k\u00f5rvar\u00f5ngastesse. Sterling-h\u00f5bedast ja 18 kt roosakuldsest pinnakattematerjalist \u00fcmbrisekujundus loob lihtsa, kuid elegantse v\u00e4ljan\u00e4gemise. Kandke neid k\u00f5rvamuldajaid \u00fcksinda TI SENTO k\u00f5rvar\u00f5ngaste k\u00fcljes v\u00f5i kombineerituna teise paari k\u00f5rvamuldajatega.<\/p>","protected":false},"excerpt":{"rendered":"<p>The light nude crystals, which have been set in these TI SENTO \u2013 Milano ear charms, are cut in a round form. The bezel setting in Sterling silver and a 18kt rose gold plating creates a simple, but elegant look. Wear these ear charms on&#8230;<\/p>","protected":false},"featured_media":254376,"comment_status":"open","ping_status":"closed","template":"","meta":{"jetpack_post_was_ever_published":false},"product_brand":[],"product_cat":[728,72,144],"product_tag":[],"giftcard-category":[],"class_list":{"0":"post-189010","1":"product","2":"type-product","3":"status-publish","4":"has-post-thumbnail","6":"product_cat-ear-charms","7":"product_cat-ti-sento-milano","8":"product_cat-ti-sento-milano-ear-charms","9":"pa_material-silver","10":"pa_metal-color-silver","11":"pa_product-brand-ti-sento-milano","12":"pa_stone-color-black","13":"pa_type-category-ear-charms","15":"first","16":"instock","17":"featured","18":"taxable","19":"shipping-taxable","20":"purchasable","21":"product-type-simple"},"bundled_by":[],"bundle_stock_status":"instock","bundle_stock_quantity":2,"bundle_virtual":false,"bundle_layout":"","bundle_add_to_cart_form_location":"","bundle_editable_in_cart":false,"bundle_sold_individually_context":"","bundle_item_grouping":"","bundle_min_size":"","bundle_max_size":"","bundle_price":[],"bundled_items":[],"bundle_sell_ids":[],"etheme_brands":{"errors":{"invalid_taxonomy":["Lubamatu taksonoomia."]},"error_data":[]},"_links":{"self":[{"href":"https:\/\/glamuur.ee\/et\/wp-json\/wp\/v2\/product\/189010","targetHints":{"allow":["GET"]}}],"collection":[{"href":"https:\/\/glamuur.ee\/et\/wp-json\/wp\/v2\/product"}],"about":[{"href":"https:\/\/glamuur.ee\/et\/wp-json\/wp\/v2\/types\/product"}],"replies":[{"embeddable":true,"href":"https:\/\/glamuur.ee\/et\/wp-json\/wp\/v2\/comments?post=189010"}],"wp:featuredmedia":[{"embeddable":true,"href":"https:\/\/glamuur.ee\/et\/wp-json\/wp\/v2\/media\/254376"}],"wp:attachment":[{"href":"https:\/\/glamuur.ee\/et\/wp-json\/wp\/v2\/media?parent=189010"}],"wp:term":[{"taxonomy":"product_brand","embeddable":true,"href":"https:\/\/glamuur.ee\/et\/wp-json\/wp\/v2\/product_brand?post=189010"},{"taxonomy":"product_cat","embeddable":true,"href":"https:\/\/glamuur.ee\/et\/wp-json\/wp\/v2\/product_cat?post=189010"},{"taxonomy":"product_tag","embeddable":true,"href":"https:\/\/glamuur.ee\/et\/wp-json\/wp\/v2\/product_tag?post=189010"},{"taxonomy":"giftcard-category","embeddable":true,"href":"https:\/\/glamuur.ee\/et\/wp-json\/wp\/v2\/giftcard-category?post=189010"}],"curies":[{"name":"wp","href":"https:\/\/api.w.org\/{rel}","templated":true}]}}