{"id":188966,"date":"2023-05-17T07:47:24","date_gmt":"2023-05-17T07:47:24","guid":{"rendered":"https:\/\/glamuur.ee\/product\/ti-sento-milano-necklace-3862gg-42\/"},"modified":"2026-02-16T13:56:50","modified_gmt":"2026-02-16T11:56:50","slug":"ti-sento-milano-kaelakee-3862gg-42","status":"publish","type":"product","link":"https:\/\/glamuur.ee\/et\/product\/ti-sento-milano-necklace-3862gg-42\/","title":{"rendered":"TI SENTO - Milano kaelakee"},"content":{"rendered":"<p>Selle TI SENTO - Milano kaelakee keskmes on hallikasroheline kristall. Korrap\u00e4rase intervalliga \u00fcmber keti on asetatud roosakullaga kaetud h\u00f5bedast ringid, mis on \u00fcmbritsetud piimjasvalgete kristallide ja briljantse lihviga tsirkooniumidega. See kaelakee on ideaalne valik, et istuda s\u00e4rgi kaelusesse v\u00f5i pakkuda elegantset kontrasti musta kokteilikleidi vastu. TI SENTO kollektsioon koosneb omavahel sobivatest ehetest, mis t\u00e4iendavad \u00fcksteist ideaalselt. TI SENTO - Milano ehted tulevad luksuslikus kinkekarbis. Nii saate oma lemmik ehteid hoida alles harvaesineval hetkel, kui te neid ei kanna.<\/p>","protected":false},"excerpt":{"rendered":"<p>The focal point of this TI SENTO &#8211; Milano necklace is the grey-green crystal. Set at regular intervals around the chain are circles of sterling silver with rose gold plating set with milky white crystals and brilliant cut cubic zirconia. This necklace is the perfect&#8230;<\/p>","protected":false},"featured_media":188967,"comment_status":"open","ping_status":"closed","template":"","meta":{"jetpack_post_was_ever_published":false},"product_brand":[],"product_cat":[727,599,980,964,72,146],"product_tag":[],"giftcard-category":[],"class_list":{"0":"post-188966","1":"product","2":"type-product","3":"status-publish","4":"has-post-thumbnail","6":"product_cat-necklaces","7":"product_cat-sale","8":"product_cat-ready-for-vacation","9":"product_cat-summer-sale-ti-sento","10":"product_cat-ti-sento-milano","11":"product_cat-ti-sento-milano-necklaces","12":"pa_material-silver","13":"pa_metal-color-silver","14":"pa_product-brand-ti-sento-milano","15":"pa_stone-color-green","16":"pa_type-category-necklaces","18":"first","19":"instock","20":"featured","21":"taxable","22":"shipping-taxable","23":"purchasable","24":"product-type-simple"},"bundled_by":[],"bundle_stock_status":"instock","bundle_stock_quantity":8,"bundle_virtual":false,"bundle_layout":"","bundle_add_to_cart_form_location":"","bundle_editable_in_cart":false,"bundle_sold_individually_context":"","bundle_item_grouping":"","bundle_min_size":"","bundle_max_size":"","bundle_price":[],"bundled_items":[],"bundle_sell_ids":[],"etheme_brands":{"errors":{"invalid_taxonomy":["Lubamatu taksonoomia."]},"error_data":[]},"_links":{"self":[{"href":"https:\/\/glamuur.ee\/et\/wp-json\/wp\/v2\/product\/188966","targetHints":{"allow":["GET"]}}],"collection":[{"href":"https:\/\/glamuur.ee\/et\/wp-json\/wp\/v2\/product"}],"about":[{"href":"https:\/\/glamuur.ee\/et\/wp-json\/wp\/v2\/types\/product"}],"replies":[{"embeddable":true,"href":"https:\/\/glamuur.ee\/et\/wp-json\/wp\/v2\/comments?post=188966"}],"wp:featuredmedia":[{"embeddable":true,"href":"https:\/\/glamuur.ee\/et\/wp-json\/wp\/v2\/media\/188967"}],"wp:attachment":[{"href":"https:\/\/glamuur.ee\/et\/wp-json\/wp\/v2\/media?parent=188966"}],"wp:term":[{"taxonomy":"product_brand","embeddable":true,"href":"https:\/\/glamuur.ee\/et\/wp-json\/wp\/v2\/product_brand?post=188966"},{"taxonomy":"product_cat","embeddable":true,"href":"https:\/\/glamuur.ee\/et\/wp-json\/wp\/v2\/product_cat?post=188966"},{"taxonomy":"product_tag","embeddable":true,"href":"https:\/\/glamuur.ee\/et\/wp-json\/wp\/v2\/product_tag?post=188966"},{"taxonomy":"giftcard-category","embeddable":true,"href":"https:\/\/glamuur.ee\/et\/wp-json\/wp\/v2\/giftcard-category?post=188966"}],"curies":[{"name":"wp","href":"https:\/\/api.w.org\/{rel}","templated":true}]}}