{"id":18886,"date":"2023-01-04T20:37:00","date_gmt":"2023-01-04T20:37:00","guid":{"rendered":"https:\/\/dev.glamuur.ee\/product\/ti-sento-milano-ring-1493zi\/"},"modified":"2026-04-15T17:05:14","modified_gmt":"2026-04-15T14:05:14","slug":"ti-sento-milano-ring-1493zi","status":"publish","type":"product","link":"https:\/\/glamuur.ee\/et\/product\/ti-sento-milano-ring-1493zi\/","title":{"rendered":"TI SENTO \u2013 Milano S\u00f5rmus"},"content":{"rendered":"<p>See uhke TI SENTO - Milano s\u00f5rmus on \u00fclimalt moes\u00f5bralik. Suurt briljantse lihviga tsirkooniat hoiavad paigal v\u00e4ikesed pringid, millest iga\u00fche otsas on diskreetne kristall kaunistus. Roodiumiga kaetud h\u00f5bedast s\u00f5rmuse rihmaga on kaetud kolm rida kristalle, mis on paveeritud, k\u00f5ik terava briljandiga, mis s\u00e4ilitavad t\u00e4iusliku tasakaalu suure tsirkooniumkiviga.<\/p>","protected":false},"excerpt":{"rendered":"<p>This gorgeous TI SENTO &#8211; Milano ring makes quite a fashion statement. The large brilliant-cut zirconia is held in place by fthe small prongs, each tipped with a discrete crystal embellishment. The band of the rhodium-plated sterling silver ring features three rows of crystals in&#8230;<\/p>","protected":false},"featured_media":18887,"comment_status":"open","ping_status":"closed","template":"","meta":{"jetpack_post_was_ever_published":false},"product_brand":[],"product_cat":[979,730,939,964,72,145],"product_tag":[],"giftcard-category":[],"class_list":{"0":"post-18886","1":"product","2":"type-product","3":"status-publish","4":"has-post-thumbnail","6":"product_cat-graduation-2025","7":"product_cat-rings","8":"product_cat-ti-sento-sale-europe","9":"product_cat-summer-sale-ti-sento","10":"product_cat-ti-sento-milano","11":"product_cat-ti-sento-milano-rings","12":"pa_material-silver","13":"pa_metal-color-silver","14":"pa_product-brand-ti-sento-milano","15":"pa_size-48-1550","16":"pa_size-50-1600","17":"pa_size-52-1650","18":"pa_size-54-1725","19":"pa_size-56-1775","20":"pa_size-58-1850","21":"pa_size-60-1900","22":"pa_size-62-1950","23":"pa_stone-color-white","24":"pa_type-category-rings","26":"first","27":"instock","28":"featured","29":"taxable","30":"shipping-taxable","31":"purchasable","32":"product-type-variable"},"bundled_by":[],"bundle_stock_status":"instock","bundle_stock_quantity":null,"bundle_virtual":false,"bundle_layout":"","bundle_add_to_cart_form_location":"","bundle_editable_in_cart":false,"bundle_sold_individually_context":"","bundle_item_grouping":"","bundle_min_size":"","bundle_max_size":"","bundle_price":[],"bundled_items":[],"bundle_sell_ids":[],"etheme_brands":{"errors":{"invalid_taxonomy":["Lubamatu taksonoomia."]},"error_data":[]},"_links":{"self":[{"href":"https:\/\/glamuur.ee\/et\/wp-json\/wp\/v2\/product\/18886","targetHints":{"allow":["GET"]}}],"collection":[{"href":"https:\/\/glamuur.ee\/et\/wp-json\/wp\/v2\/product"}],"about":[{"href":"https:\/\/glamuur.ee\/et\/wp-json\/wp\/v2\/types\/product"}],"replies":[{"embeddable":true,"href":"https:\/\/glamuur.ee\/et\/wp-json\/wp\/v2\/comments?post=18886"}],"wp:featuredmedia":[{"embeddable":true,"href":"https:\/\/glamuur.ee\/et\/wp-json\/wp\/v2\/media\/18887"}],"wp:attachment":[{"href":"https:\/\/glamuur.ee\/et\/wp-json\/wp\/v2\/media?parent=18886"}],"wp:term":[{"taxonomy":"product_brand","embeddable":true,"href":"https:\/\/glamuur.ee\/et\/wp-json\/wp\/v2\/product_brand?post=18886"},{"taxonomy":"product_cat","embeddable":true,"href":"https:\/\/glamuur.ee\/et\/wp-json\/wp\/v2\/product_cat?post=18886"},{"taxonomy":"product_tag","embeddable":true,"href":"https:\/\/glamuur.ee\/et\/wp-json\/wp\/v2\/product_tag?post=18886"},{"taxonomy":"giftcard-category","embeddable":true,"href":"https:\/\/glamuur.ee\/et\/wp-json\/wp\/v2\/giftcard-category?post=18886"}],"curies":[{"name":"wp","href":"https:\/\/api.w.org\/{rel}","templated":true}]}}