{"id":188825,"date":"2023-05-17T07:44:02","date_gmt":"2023-05-17T07:44:02","guid":{"rendered":"https:\/\/glamuur.ee\/product\/ti-sento-milano-pendant-6765bo\/"},"modified":"2026-04-20T13:35:33","modified_gmt":"2026-04-20T10:35:33","slug":"ti-sento-milano-riputusvarda-6765bo","status":"publish","type":"product","link":"https:\/\/glamuur.ee\/et\/product\/ti-sento-milano-pendant-6765bo\/","title":{"rendered":"TI SENTO \u2013 Milano ripats"},"content":{"rendered":"<p>Selle TI SENTO - Milano ikoonilise h\u00f5bedast ripatsiga 6765BO musta oon\u00fc\u00fcksi kalliskivi hoiavad tihedalt kinni kullatud kinnitusn\u00f5elad. Klassikaline sileda lihviga TI SENTO lille\u00f5ie kuju, mis on musta oon\u00fc\u00fcksi v\u00e4rvi. Teos, mis kiirgab 70ndate aastate maagiat.<\/p>","protected":false},"excerpt":{"rendered":"<p>Selle TI SENTO - Milano ikoonilise h\u00f5bedast ripatsiga 6765BO musta oon\u00fc\u00fcksi kalliskivi hoiavad tihedalt kinni kullatud kinnitusn\u00f5elad. Klassikaline sileda lihviga TI SENTO lille\u00f5ie kuju, mis on musta oon\u00fc\u00fcksi v\u00e4rvi. Teos, mis kiirgab 70ndate aastate maagiat.<\/p>","protected":false},"featured_media":188826,"comment_status":"open","ping_status":"closed","template":"","meta":{"jetpack_post_was_ever_published":false},"product_brand":[],"product_cat":[599,729,72,149],"product_tag":[],"giftcard-category":[],"class_list":{"0":"post-188825","1":"product","2":"type-product","3":"status-publish","4":"has-post-thumbnail","6":"product_cat-sale","7":"product_cat-pendants","8":"product_cat-ti-sento-milano","9":"product_cat-ti-sento-milano-pendants","10":"pa_material-silver","11":"pa_metal-color-yellow-gold","12":"pa_product-brand-ti-sento-milano","13":"pa_stone-color-black","14":"pa_type-category-pendants","16":"first","17":"instock","18":"featured","19":"taxable","20":"shipping-taxable","21":"purchasable","22":"product-type-simple"},"bundled_by":[],"bundle_stock_status":"instock","bundle_stock_quantity":19,"bundle_virtual":false,"bundle_layout":"","bundle_add_to_cart_form_location":"","bundle_editable_in_cart":false,"bundle_sold_individually_context":"","bundle_item_grouping":"","bundle_min_size":"","bundle_max_size":"","bundle_price":[],"bundled_items":[],"bundle_sell_ids":[],"etheme_brands":{"errors":{"invalid_taxonomy":["Lubamatu taksonoomia."]},"error_data":[]},"_links":{"self":[{"href":"https:\/\/glamuur.ee\/et\/wp-json\/wp\/v2\/product\/188825","targetHints":{"allow":["GET"]}}],"collection":[{"href":"https:\/\/glamuur.ee\/et\/wp-json\/wp\/v2\/product"}],"about":[{"href":"https:\/\/glamuur.ee\/et\/wp-json\/wp\/v2\/types\/product"}],"replies":[{"embeddable":true,"href":"https:\/\/glamuur.ee\/et\/wp-json\/wp\/v2\/comments?post=188825"}],"wp:featuredmedia":[{"embeddable":true,"href":"https:\/\/glamuur.ee\/et\/wp-json\/wp\/v2\/media\/188826"}],"wp:attachment":[{"href":"https:\/\/glamuur.ee\/et\/wp-json\/wp\/v2\/media?parent=188825"}],"wp:term":[{"taxonomy":"product_brand","embeddable":true,"href":"https:\/\/glamuur.ee\/et\/wp-json\/wp\/v2\/product_brand?post=188825"},{"taxonomy":"product_cat","embeddable":true,"href":"https:\/\/glamuur.ee\/et\/wp-json\/wp\/v2\/product_cat?post=188825"},{"taxonomy":"product_tag","embeddable":true,"href":"https:\/\/glamuur.ee\/et\/wp-json\/wp\/v2\/product_tag?post=188825"},{"taxonomy":"giftcard-category","embeddable":true,"href":"https:\/\/glamuur.ee\/et\/wp-json\/wp\/v2\/giftcard-category?post=188825"}],"curies":[{"name":"wp","href":"https:\/\/api.w.org\/{rel}","templated":true}]}}