{"id":18874,"date":"2024-09-26T18:17:09","date_gmt":"2024-09-26T15:17:09","guid":{"rendered":"https:\/\/dev.glamuur.ee\/product\/ti-sento-milano-ring-1795zi\/"},"modified":"2026-04-27T17:00:27","modified_gmt":"2026-04-27T14:00:27","slug":"ti-sento-milano-ring-1795zi","status":"publish","type":"product","link":"https:\/\/glamuur.ee\/et\/product\/ti-sento-milano-ring-1795zi\/","title":{"rendered":"TI SENTO \u2013 Milano S\u00f5rmus"},"content":{"rendered":"<p>See stiilne TI SENTO - Milano s\u00f5rmus koosneb roodiumist h\u00f5bedast s\u00f5rmusest, mis on kaetud kahe rea paveeritud tsirkooniumidega. Suur, \u00fcmmarguse lihviga kristall on briljantlihviga klassikalises \u0161atoonis. Sisemine osa on kaunilt viimistletud, et tagada k\u00f5rge mugavus. S\u00f5rmust on hea kombineerida erinevate TI SENTO kollektsiooni ehetega.<\/p>","protected":false},"excerpt":{"rendered":"<p>This stylish TI SENTO &#8211; Milano ring consists of a rhodium sterling silver ring covered with two rows of pav\u00e9 set cubic zirconias. The large crystal, round cut, is brilliant-cut in a classic chaton setting. The inside is beautifully finished to deliver high comfort. It&#8230;<\/p>","protected":false},"featured_media":18875,"comment_status":"open","ping_status":"closed","template":"","meta":{"jetpack_post_was_ever_published":false},"product_brand":[],"product_cat":[794,979,730,939,964,72,145,976],"product_tag":[],"giftcard-category":[],"class_list":{"0":"post-18874","1":"product","2":"type-product","3":"status-publish","4":"has-post-thumbnail","6":"product_cat-gift-ideas-up-to-100e","7":"product_cat-graduation-2025","8":"product_cat-rings","9":"product_cat-ti-sento-sale-europe","10":"product_cat-summer-sale-ti-sento","11":"product_cat-ti-sento-milano","12":"product_cat-ti-sento-milano-rings","13":"product_cat-wedding-season","14":"pa_material-silver","15":"pa_metal-color-silver","16":"pa_product-brand-ti-sento-milano","17":"pa_size-48-1550","18":"pa_size-50-1600","19":"pa_size-52-1650","20":"pa_size-54-1725","21":"pa_size-56-1775","22":"pa_size-58-1850","23":"pa_size-60-1900","24":"pa_size-62-1950","25":"pa_stone-color-white","26":"pa_type-category-rings","28":"first","29":"instock","30":"featured","31":"taxable","32":"shipping-taxable","33":"purchasable","34":"product-type-variable"},"bundled_by":[],"bundle_stock_status":"instock","bundle_stock_quantity":null,"bundle_virtual":false,"bundle_layout":"","bundle_add_to_cart_form_location":"","bundle_editable_in_cart":false,"bundle_sold_individually_context":"","bundle_item_grouping":"","bundle_min_size":"","bundle_max_size":"","bundle_price":[],"bundled_items":[],"bundle_sell_ids":[],"etheme_brands":{"errors":{"invalid_taxonomy":["Lubamatu taksonoomia."]},"error_data":[]},"_links":{"self":[{"href":"https:\/\/glamuur.ee\/et\/wp-json\/wp\/v2\/product\/18874","targetHints":{"allow":["GET"]}}],"collection":[{"href":"https:\/\/glamuur.ee\/et\/wp-json\/wp\/v2\/product"}],"about":[{"href":"https:\/\/glamuur.ee\/et\/wp-json\/wp\/v2\/types\/product"}],"replies":[{"embeddable":true,"href":"https:\/\/glamuur.ee\/et\/wp-json\/wp\/v2\/comments?post=18874"}],"wp:featuredmedia":[{"embeddable":true,"href":"https:\/\/glamuur.ee\/et\/wp-json\/wp\/v2\/media\/18875"}],"wp:attachment":[{"href":"https:\/\/glamuur.ee\/et\/wp-json\/wp\/v2\/media?parent=18874"}],"wp:term":[{"taxonomy":"product_brand","embeddable":true,"href":"https:\/\/glamuur.ee\/et\/wp-json\/wp\/v2\/product_brand?post=18874"},{"taxonomy":"product_cat","embeddable":true,"href":"https:\/\/glamuur.ee\/et\/wp-json\/wp\/v2\/product_cat?post=18874"},{"taxonomy":"product_tag","embeddable":true,"href":"https:\/\/glamuur.ee\/et\/wp-json\/wp\/v2\/product_tag?post=18874"},{"taxonomy":"giftcard-category","embeddable":true,"href":"https:\/\/glamuur.ee\/et\/wp-json\/wp\/v2\/giftcard-category?post=18874"}],"curies":[{"name":"wp","href":"https:\/\/api.w.org\/{rel}","templated":true}]}}