{"id":188546,"date":"2023-05-17T07:38:08","date_gmt":"2023-05-17T07:38:08","guid":{"rendered":"https:\/\/glamuur.ee\/product\/ti-sento-milano-necklace-3898wl-42\/"},"modified":"2026-02-16T13:57:13","modified_gmt":"2026-02-16T11:57:13","slug":"ti-sento-milano-kaelakee-3898wl-42","status":"publish","type":"product","link":"https:\/\/glamuur.ee\/et\/product\/ti-sento-milano-necklace-3898wl-42\/","title":{"rendered":"TI SENTO - Milano kaelakee"},"content":{"rendered":"<p>Lihtsus oma parimas vormis. See klassikaline ehtekarp peab olema teie ehtekarbis. Minimalistliku v\u00e4limuse saavutamiseks on vesine lavendliv\u00e4rviline kristall asetatud raamistikku. Ehted on valmistatud puhtast h\u00f5bedast, j\u00e4rgides kullassepa standardeid, et tagada k\u00f5rgeim kvaliteet. Sobib ideaalselt nii \u00fcksi kandmiseks kui ka paljude teiste kaelakeedega kombineerimiseks. S\u00f5rmuse roodiumkate kaitseb sterlingh\u00f5bedat ja annab t\u00e4iendava s\u00e4ra. Me armastame oma k\u00e4ed m\u00e4\u00e4rida, et sinu s\u00f5rmus s\u00e4rada.<\/p>","protected":false},"excerpt":{"rendered":"<p>Simplicity at its finest. This classic is a must-have for your jewellery box. The watery lavender crystal is set in a bezel setting for a minimalistic look. A jewellery piece made out of pure silver following goldsmiths standards to ensure the highest quality. Perfect to&#8230;<\/p>","protected":false},"featured_media":188547,"comment_status":"open","ping_status":"closed","template":"","meta":{"jetpack_post_was_ever_published":false},"product_brand":[],"product_cat":[727,599,72,146],"product_tag":[],"giftcard-category":[],"class_list":{"0":"post-188546","1":"product","2":"type-product","3":"status-publish","4":"has-post-thumbnail","6":"product_cat-necklaces","7":"product_cat-sale","8":"product_cat-ti-sento-milano","9":"product_cat-ti-sento-milano-necklaces","10":"pa_material-silver","11":"pa_metal-color-silver","12":"pa_product-brand-ti-sento-milano","13":"pa_stone-color-blue","14":"pa_type-category-necklaces","16":"first","17":"instock","18":"featured","19":"taxable","20":"shipping-taxable","21":"purchasable","22":"product-type-simple"},"bundled_by":[],"bundle_stock_status":"instock","bundle_stock_quantity":39,"bundle_virtual":false,"bundle_layout":"","bundle_add_to_cart_form_location":"","bundle_editable_in_cart":false,"bundle_sold_individually_context":"","bundle_item_grouping":"","bundle_min_size":"","bundle_max_size":"","bundle_price":[],"bundled_items":[],"bundle_sell_ids":[],"etheme_brands":{"errors":{"invalid_taxonomy":["Lubamatu taksonoomia."]},"error_data":[]},"_links":{"self":[{"href":"https:\/\/glamuur.ee\/et\/wp-json\/wp\/v2\/product\/188546","targetHints":{"allow":["GET"]}}],"collection":[{"href":"https:\/\/glamuur.ee\/et\/wp-json\/wp\/v2\/product"}],"about":[{"href":"https:\/\/glamuur.ee\/et\/wp-json\/wp\/v2\/types\/product"}],"replies":[{"embeddable":true,"href":"https:\/\/glamuur.ee\/et\/wp-json\/wp\/v2\/comments?post=188546"}],"wp:featuredmedia":[{"embeddable":true,"href":"https:\/\/glamuur.ee\/et\/wp-json\/wp\/v2\/media\/188547"}],"wp:attachment":[{"href":"https:\/\/glamuur.ee\/et\/wp-json\/wp\/v2\/media?parent=188546"}],"wp:term":[{"taxonomy":"product_brand","embeddable":true,"href":"https:\/\/glamuur.ee\/et\/wp-json\/wp\/v2\/product_brand?post=188546"},{"taxonomy":"product_cat","embeddable":true,"href":"https:\/\/glamuur.ee\/et\/wp-json\/wp\/v2\/product_cat?post=188546"},{"taxonomy":"product_tag","embeddable":true,"href":"https:\/\/glamuur.ee\/et\/wp-json\/wp\/v2\/product_tag?post=188546"},{"taxonomy":"giftcard-category","embeddable":true,"href":"https:\/\/glamuur.ee\/et\/wp-json\/wp\/v2\/giftcard-category?post=188546"}],"curies":[{"name":"wp","href":"https:\/\/api.w.org\/{rel}","templated":true}]}}