{"id":188512,"date":"2023-05-17T07:37:32","date_gmt":"2023-05-17T07:37:32","guid":{"rendered":"https:\/\/glamuur.ee\/product\/ti-sento-milano-earrings-7775sr\/"},"modified":"2026-02-16T14:04:46","modified_gmt":"2026-02-16T12:04:46","slug":"ti-sento-milano-earrings-7775sr","status":"publish","type":"product","link":"https:\/\/glamuur.ee\/et\/product\/ti-sento-milano-earrings-7775sr\/","title":{"rendered":"TI SENTO - Milano k\u00f5rvar\u00f5ngad"},"content":{"rendered":"<p>Pure romance. Our iconic rose-gold plated flowerbuds with a touch of white zirconia pav\u00e9 hang beautifully from your ears. Their smoothly cut shaped stones are warm and feminine.<\/p>\n<p>These TI SENTO &#8211; Milano Earrings 7775SR are crafted with Silver rose gold plated. The colour of these earrings is Silver rosegold plated. All TI SENTO &#8211; Milano jewels are gift-wrapped with infinite love and care. The magic is in our Silver.<\/p>\n<p>Ta on osa meie \u00d5htulehtede kollektsioonist: Kaleidoskoobid moodustavad Evening Lights'i aluse. Nude-toonid, pruunid kivid, roosakuld ja pidulikud s\u00e4delused annavad sellele kollektsioonile rafineeritud suhtumise.<\/p>","protected":false},"excerpt":{"rendered":"<p>Pure romance. Our iconic rose-gold plated flowerbuds with a touch of white zirconia pav\u00e9 hang beautifully from your ears. Their smoothly cut shaped stones are warm and feminine. These TI SENTO &#8211; Milano Earrings 7775SR are crafted with Silver rose gold plated. The colour of&#8230;<\/p>","protected":false},"featured_media":188513,"comment_status":"open","ping_status":"closed","template":"","meta":{"jetpack_post_was_ever_published":false},"product_brand":[],"product_cat":[725,599,980,964,72,143],"product_tag":[],"giftcard-category":[],"class_list":{"0":"post-188512","1":"product","2":"type-product","3":"status-publish","4":"has-post-thumbnail","6":"product_cat-earrings","7":"product_cat-sale","8":"product_cat-ready-for-vacation","9":"product_cat-summer-sale-ti-sento","10":"product_cat-ti-sento-milano","11":"product_cat-ti-sento-milano-earrings","12":"pa_material-silver","13":"pa_metal-color-rose-gold","14":"pa_product-brand-ti-sento-milano","15":"pa_stone-color-pink","16":"pa_type-category-earrings","18":"first","19":"instock","20":"featured","21":"taxable","22":"shipping-taxable","23":"purchasable","24":"product-type-simple"},"bundled_by":[],"bundle_stock_status":"instock","bundle_stock_quantity":16,"bundle_virtual":false,"bundle_layout":"","bundle_add_to_cart_form_location":"","bundle_editable_in_cart":false,"bundle_sold_individually_context":"","bundle_item_grouping":"","bundle_min_size":"","bundle_max_size":"","bundle_price":[],"bundled_items":[],"bundle_sell_ids":[],"etheme_brands":{"errors":{"invalid_taxonomy":["Lubamatu taksonoomia."]},"error_data":[]},"_links":{"self":[{"href":"https:\/\/glamuur.ee\/et\/wp-json\/wp\/v2\/product\/188512","targetHints":{"allow":["GET"]}}],"collection":[{"href":"https:\/\/glamuur.ee\/et\/wp-json\/wp\/v2\/product"}],"about":[{"href":"https:\/\/glamuur.ee\/et\/wp-json\/wp\/v2\/types\/product"}],"replies":[{"embeddable":true,"href":"https:\/\/glamuur.ee\/et\/wp-json\/wp\/v2\/comments?post=188512"}],"wp:featuredmedia":[{"embeddable":true,"href":"https:\/\/glamuur.ee\/et\/wp-json\/wp\/v2\/media\/188513"}],"wp:attachment":[{"href":"https:\/\/glamuur.ee\/et\/wp-json\/wp\/v2\/media?parent=188512"}],"wp:term":[{"taxonomy":"product_brand","embeddable":true,"href":"https:\/\/glamuur.ee\/et\/wp-json\/wp\/v2\/product_brand?post=188512"},{"taxonomy":"product_cat","embeddable":true,"href":"https:\/\/glamuur.ee\/et\/wp-json\/wp\/v2\/product_cat?post=188512"},{"taxonomy":"product_tag","embeddable":true,"href":"https:\/\/glamuur.ee\/et\/wp-json\/wp\/v2\/product_tag?post=188512"},{"taxonomy":"giftcard-category","embeddable":true,"href":"https:\/\/glamuur.ee\/et\/wp-json\/wp\/v2\/giftcard-category?post=188512"}],"curies":[{"name":"wp","href":"https:\/\/api.w.org\/{rel}","templated":true}]}}