{"id":188045,"date":"2023-05-17T07:27:44","date_gmt":"2023-05-17T07:27:44","guid":{"rendered":"https:\/\/glamuur.ee\/product\/ti-sento-milano-necklace-3840dg-42\/"},"modified":"2026-02-16T13:56:23","modified_gmt":"2026-02-16T11:56:23","slug":"ti-sento-milano-kaelakee-3840dg-42","status":"publish","type":"product","link":"https:\/\/glamuur.ee\/et\/product\/ti-sento-milano-necklace-3840dg-42\/","title":{"rendered":"TI SENTO \u2013 Milano ripats"},"content":{"rendered":"<p>Kaelakee Ladies Of Brand Ti Sento - Milano. Ehted valmistatud h\u00f5bedast 925 roodiumiga Al. See Ti Sento ripats - Milano on varustatud tsirkooniga Nestled Pav\u00e9. Ripats on l\u00f5petatud Rodio diivan annab l\u00e4ige Jewel ja kaitsta seda mis tahes kahjustuste eest. Lisage v\u00e4rvi oma kleit kandes seda ripatsit koos ringiga k\u00fctkestava v\u00e4rvi. Jewel of Gray v\u00e4rvi. Kaelakee pikkusega 38-40-42-45-48Cm ja laiusega 12mm. Kaelakee koos homaari sulgemisega. Jewel kujundatud Charming, Style Milanese See t\u00f5esti naine. Viide on 3840Dg \/ 42<\/p>","protected":false},"excerpt":{"rendered":"<p>Necklace Ladies Of Brand Ti Sento &#8211; Milan. Jewel Made of Silver 925 with Rhodium Plating Al. This Ti Sento pendant &#8211; Milano Is Provided By A Zircon Nestled Pav\u00e9. The pendant is Finished With A Rodio Couch Gives Luster To Jewel And Protect It&#8230;<\/p>","protected":false},"featured_media":188046,"comment_status":"open","ping_status":"closed","template":"","meta":{"jetpack_post_was_ever_published":false},"product_brand":[],"product_cat":[727,599,72,146],"product_tag":[],"giftcard-category":[],"class_list":{"0":"post-188045","1":"product","2":"type-product","3":"status-publish","4":"has-post-thumbnail","6":"product_cat-necklaces","7":"product_cat-sale","8":"product_cat-ti-sento-milano","9":"product_cat-ti-sento-milano-necklaces","10":"pa_material-silver","11":"pa_metal-color-silver","12":"pa_product-brand-ti-sento-milano","13":"pa_stone-color-grey","14":"pa_type-category-necklaces","16":"first","17":"instock","18":"featured","19":"taxable","20":"shipping-taxable","21":"purchasable","22":"product-type-simple"},"bundled_by":[],"bundle_stock_status":"instock","bundle_stock_quantity":24,"bundle_virtual":false,"bundle_layout":"","bundle_add_to_cart_form_location":"","bundle_editable_in_cart":false,"bundle_sold_individually_context":"","bundle_item_grouping":"","bundle_min_size":"","bundle_max_size":"","bundle_price":[],"bundled_items":[],"bundle_sell_ids":[],"etheme_brands":{"errors":{"invalid_taxonomy":["Lubamatu taksonoomia."]},"error_data":[]},"_links":{"self":[{"href":"https:\/\/glamuur.ee\/et\/wp-json\/wp\/v2\/product\/188045","targetHints":{"allow":["GET"]}}],"collection":[{"href":"https:\/\/glamuur.ee\/et\/wp-json\/wp\/v2\/product"}],"about":[{"href":"https:\/\/glamuur.ee\/et\/wp-json\/wp\/v2\/types\/product"}],"replies":[{"embeddable":true,"href":"https:\/\/glamuur.ee\/et\/wp-json\/wp\/v2\/comments?post=188045"}],"wp:featuredmedia":[{"embeddable":true,"href":"https:\/\/glamuur.ee\/et\/wp-json\/wp\/v2\/media\/188046"}],"wp:attachment":[{"href":"https:\/\/glamuur.ee\/et\/wp-json\/wp\/v2\/media?parent=188045"}],"wp:term":[{"taxonomy":"product_brand","embeddable":true,"href":"https:\/\/glamuur.ee\/et\/wp-json\/wp\/v2\/product_brand?post=188045"},{"taxonomy":"product_cat","embeddable":true,"href":"https:\/\/glamuur.ee\/et\/wp-json\/wp\/v2\/product_cat?post=188045"},{"taxonomy":"product_tag","embeddable":true,"href":"https:\/\/glamuur.ee\/et\/wp-json\/wp\/v2\/product_tag?post=188045"},{"taxonomy":"giftcard-category","embeddable":true,"href":"https:\/\/glamuur.ee\/et\/wp-json\/wp\/v2\/giftcard-category?post=188045"}],"curies":[{"name":"wp","href":"https:\/\/api.w.org\/{rel}","templated":true}]}}