{"id":188031,"date":"2023-05-17T07:27:29","date_gmt":"2023-05-17T07:27:29","guid":{"rendered":"https:\/\/glamuur.ee\/product\/ti-sento-milano-necklace-3782zi-42\/"},"modified":"2026-02-16T13:55:42","modified_gmt":"2026-02-16T11:55:42","slug":"ti-sento-milano-kaelakee-3782zi-42","status":"publish","type":"product","link":"https:\/\/glamuur.ee\/et\/product\/ti-sento-milano-necklace-3782zi-42\/","title":{"rendered":"TI SENTO - Milano kaelakee"},"content":{"rendered":"<p>Kaelakee Ladies Of Brand Ti Sento - Milano. Ehted valmistatud h\u00f5bedast 925 roodiumiga Al. See ilus kaelakee Ti Sento - Milan t\u00f5eliselt t\u00f5mbab t\u00e4helepanu. Kombinatsioon eri tooni roosa teha t\u00e4iuslik alates Leaning kombineerida teiste juveelide kollektsiooni. Iga kristall on cabochon l\u00f5igatud (Smooth) Putting veelgi Aktsent V\u00e4rvi Pastel. Roosa aktsent panna veel rohkem alates plaatimine Rose Gold alates 18K. Disainer Ti Sento Lend t\u00e4helepanu igale detailile, see kajastub Soffisticato viisil, kus isegi v\u00e4ikesed Griffe on immutatud tsirkooniumiga. See annab kristallid veelgi rohkem s\u00e4ra. Kalda see tuleb kaelakee, mis v\u00f5ib libiseda vabalt ja saab tuua 42 cm. Valge v\u00e4rvi Jewel. Kaelakee 40-42-45Cm pikkusega ja laius 25mm. Kaelakee koos homaari sulgemisega. Jewel kujundatud Charming, Style Milanese See t\u00f5esti Female.The viide on 3782Zi \/ 42<\/p>","protected":false},"excerpt":{"rendered":"<p>Necklace Ladies Of Brand Ti Sento &#8211; Milan. Jewel Made of Silver 925 with Rhodium Plating Al. This Pretty Necklace Ti Sento &#8211; Milan really Attracts The Attention. The Combination Of Different Shades Of Pink Make Perfect From The Leaning Combine With Other Jewels of&#8230;<\/p>","protected":false},"featured_media":188032,"comment_status":"open","ping_status":"closed","template":"","meta":{"jetpack_post_was_ever_published":false},"product_brand":[],"product_cat":[727,599,72,146],"product_tag":[],"giftcard-category":[],"class_list":{"0":"post-188031","1":"product","2":"type-product","3":"status-publish","4":"has-post-thumbnail","6":"product_cat-necklaces","7":"product_cat-sale","8":"product_cat-ti-sento-milano","9":"product_cat-ti-sento-milano-necklaces","10":"pa_material-silver","11":"pa_metal-color-silver","12":"pa_product-brand-ti-sento-milano","13":"pa_stone-color-white","14":"pa_type-category-necklaces","16":"first","17":"instock","18":"featured","19":"taxable","20":"shipping-taxable","21":"purchasable","22":"product-type-simple"},"bundled_by":[],"bundle_stock_status":"instock","bundle_stock_quantity":4,"bundle_virtual":false,"bundle_layout":"","bundle_add_to_cart_form_location":"","bundle_editable_in_cart":false,"bundle_sold_individually_context":"","bundle_item_grouping":"","bundle_min_size":"","bundle_max_size":"","bundle_price":[],"bundled_items":[],"bundle_sell_ids":[],"etheme_brands":{"errors":{"invalid_taxonomy":["Lubamatu taksonoomia."]},"error_data":[]},"_links":{"self":[{"href":"https:\/\/glamuur.ee\/et\/wp-json\/wp\/v2\/product\/188031","targetHints":{"allow":["GET"]}}],"collection":[{"href":"https:\/\/glamuur.ee\/et\/wp-json\/wp\/v2\/product"}],"about":[{"href":"https:\/\/glamuur.ee\/et\/wp-json\/wp\/v2\/types\/product"}],"replies":[{"embeddable":true,"href":"https:\/\/glamuur.ee\/et\/wp-json\/wp\/v2\/comments?post=188031"}],"wp:featuredmedia":[{"embeddable":true,"href":"https:\/\/glamuur.ee\/et\/wp-json\/wp\/v2\/media\/188032"}],"wp:attachment":[{"href":"https:\/\/glamuur.ee\/et\/wp-json\/wp\/v2\/media?parent=188031"}],"wp:term":[{"taxonomy":"product_brand","embeddable":true,"href":"https:\/\/glamuur.ee\/et\/wp-json\/wp\/v2\/product_brand?post=188031"},{"taxonomy":"product_cat","embeddable":true,"href":"https:\/\/glamuur.ee\/et\/wp-json\/wp\/v2\/product_cat?post=188031"},{"taxonomy":"product_tag","embeddable":true,"href":"https:\/\/glamuur.ee\/et\/wp-json\/wp\/v2\/product_tag?post=188031"},{"taxonomy":"giftcard-category","embeddable":true,"href":"https:\/\/glamuur.ee\/et\/wp-json\/wp\/v2\/giftcard-category?post=188031"}],"curies":[{"name":"wp","href":"https:\/\/api.w.org\/{rel}","templated":true}]}}