{"id":188010,"date":"2023-05-17T07:27:09","date_gmt":"2023-05-17T07:27:09","guid":{"rendered":"https:\/\/glamuur.ee\/product\/ti-sento-milano-necklace-3864zi-42\/"},"modified":"2026-02-16T13:56:58","modified_gmt":"2026-02-16T11:56:58","slug":"ti-sento-milano-kaelakee-3864zi-42","status":"publish","type":"product","link":"https:\/\/glamuur.ee\/et\/product\/ti-sento-milano-necklace-3864zi-42\/","title":{"rendered":"TI SENTO - Milano kaelakee"},"content":{"rendered":"<p>Kaelakee Ladies Of Brand Ti Sento - Milano. Ehted valmistatud h\u00f5bedast 925 roodiumiga Al. Unikaalne ripats Ti Sento rafineeritud massiivne ja samal ajal t\u00e4nu oma avatud. Kaks ringi, mis liiguvad \u00fcksteisest s\u00f5ltumatult Form Design Del ripats. V\u00e4limine ring on valmistatud l\u00e4ikivast h\u00f5bedast ja omaks sisemine ring tehtud tsirkooniga Nestled Pav\u00e9. Sisemine ring on Center Zirkooniumiga Suurem koos Un'Incastonatura suletud, mis loovad kauni elegantse disaini. Valge v\u00e4rvi Jewel. Kaelakee 38-40-42-45-48Cm pikkusega ja laius 33mm. Kaelakee Lobster sulgemine. Jewel kujundatud Charming, Style Milanese See t\u00f5esti naine. Viide on 3864Zi \/ 42tiliste kividega, mis on valmistatud naturaalsest materjalidest. Tsirkoonid on suhteliselt tugevad, Mohsi skaalal 8 (v\u00f5rdluseks teemant on Mohsi skaalal 10). Tsirkoone on saadaval paljudes v\u00e4rvides.<\/p>","protected":false},"excerpt":{"rendered":"<p>Necklace Ladies Of Brand Ti Sento &#8211; Milan. Jewel Made of Silver 925 with Rhodium Plating Al. A Unique Pendant Ti Sento Refined Massive And At The Same Time Due To Its Open. Two circles moving independently of one another Form Design Del pendant. The&#8230;<\/p>","protected":false},"featured_media":188011,"comment_status":"open","ping_status":"closed","template":"","meta":{"jetpack_post_was_ever_published":false},"product_brand":[],"product_cat":[727,599,72,146],"product_tag":[],"giftcard-category":[],"class_list":{"0":"post-188010","1":"product","2":"type-product","3":"status-publish","4":"has-post-thumbnail","6":"product_cat-necklaces","7":"product_cat-sale","8":"product_cat-ti-sento-milano","9":"product_cat-ti-sento-milano-necklaces","10":"pa_material-silver","11":"pa_metal-color-silver","12":"pa_product-brand-ti-sento-milano","13":"pa_stone-color-white","14":"pa_type-category-necklaces","16":"first","17":"instock","18":"featured","19":"taxable","20":"shipping-taxable","21":"purchasable","22":"product-type-simple"},"bundled_by":[],"bundle_stock_status":"instock","bundle_stock_quantity":7,"bundle_virtual":false,"bundle_layout":"","bundle_add_to_cart_form_location":"","bundle_editable_in_cart":false,"bundle_sold_individually_context":"","bundle_item_grouping":"","bundle_min_size":"","bundle_max_size":"","bundle_price":[],"bundled_items":[],"bundle_sell_ids":[],"etheme_brands":{"errors":{"invalid_taxonomy":["Lubamatu taksonoomia."]},"error_data":[]},"_links":{"self":[{"href":"https:\/\/glamuur.ee\/et\/wp-json\/wp\/v2\/product\/188010","targetHints":{"allow":["GET"]}}],"collection":[{"href":"https:\/\/glamuur.ee\/et\/wp-json\/wp\/v2\/product"}],"about":[{"href":"https:\/\/glamuur.ee\/et\/wp-json\/wp\/v2\/types\/product"}],"replies":[{"embeddable":true,"href":"https:\/\/glamuur.ee\/et\/wp-json\/wp\/v2\/comments?post=188010"}],"wp:featuredmedia":[{"embeddable":true,"href":"https:\/\/glamuur.ee\/et\/wp-json\/wp\/v2\/media\/188011"}],"wp:attachment":[{"href":"https:\/\/glamuur.ee\/et\/wp-json\/wp\/v2\/media?parent=188010"}],"wp:term":[{"taxonomy":"product_brand","embeddable":true,"href":"https:\/\/glamuur.ee\/et\/wp-json\/wp\/v2\/product_brand?post=188010"},{"taxonomy":"product_cat","embeddable":true,"href":"https:\/\/glamuur.ee\/et\/wp-json\/wp\/v2\/product_cat?post=188010"},{"taxonomy":"product_tag","embeddable":true,"href":"https:\/\/glamuur.ee\/et\/wp-json\/wp\/v2\/product_tag?post=188010"},{"taxonomy":"giftcard-category","embeddable":true,"href":"https:\/\/glamuur.ee\/et\/wp-json\/wp\/v2\/giftcard-category?post=188010"}],"curies":[{"name":"wp","href":"https:\/\/api.w.org\/{rel}","templated":true}]}}