{"id":187985,"date":"2023-05-17T07:26:45","date_gmt":"2023-05-17T07:26:45","guid":{"rendered":"https:\/\/glamuur.ee\/product\/ti-sento-milano-pendant-6744gb\/"},"modified":"2026-02-16T13:58:50","modified_gmt":"2026-02-16T11:58:50","slug":"ti-sento-milano-ripats-6744gb","status":"publish","type":"product","link":"https:\/\/glamuur.ee\/et\/product\/ti-sento-milano-pendant-6744gb\/","title":{"rendered":"TI SENTO \u2013 Milano ripats"},"content":{"rendered":"<p>Leaning Ladies Of Brand Ti Sento - Milano. Ehted valmistatud h\u00f5bedast 925 roodiumiga Al. Crystal v\u00e4rvi piim on peamine atraktiivsus Need k\u00f5rvar\u00f5ngad Ti Sento - Milano. K\u00f5rvar\u00f5ngad on valmistatud Sterling Silver ja varustatud kiht roodium viimistlus, mis annab kell Jewel Brilliance pikendades selle eluiga. Kollektsioon Ti Sento - Milano Ehted, mis sisaldab mitu koos need k\u00f5rvar\u00f5ngad kahju elu koosk\u00f5lastatud v\u00e4ga kehtiv. V\u00f5ite valida ka kanda k\u00f5rvar\u00f5ngad vastavalt valemiga \"Mix &amp; Match\" Of Ti Sento - Milano. Jewel of Blue-White. Ripats 3,4 cm pikkusega ja laius 20mm. Jewel kujundatud Charming, Style Milanese See t\u00f5esti naine. Viide on 6744Gb<\/p>","protected":false},"excerpt":{"rendered":"<p>Leaning Ladies Of Brand Ti Sento &#8211; Milan. Jewel Made of Silver 925 with Rhodium Plating Al. The Crystal Color Milk Is The Main Attractiveness Of These earrings Ti Sento &#8211; Milan. Earrings Are Made Of Sterling Silver And Equipped With A Layer Of Rhodium&#8230;<\/p>","protected":false},"featured_media":187986,"comment_status":"open","ping_status":"closed","template":"","meta":{"jetpack_post_was_ever_published":false},"product_brand":[],"product_cat":[599,729,72,149],"product_tag":[],"giftcard-category":[],"class_list":{"0":"post-187985","1":"product","2":"type-product","3":"status-publish","4":"has-post-thumbnail","6":"product_cat-sale","7":"product_cat-pendants","8":"product_cat-ti-sento-milano","9":"product_cat-ti-sento-milano-pendants","10":"pa_material-silver","11":"pa_metal-color-silver","12":"pa_product-brand-ti-sento-milano","13":"pa_stone-color-grey","14":"pa_type-category-pendants","16":"first","17":"instock","18":"featured","19":"taxable","20":"shipping-taxable","21":"purchasable","22":"product-type-simple"},"bundled_by":[],"bundle_stock_status":"instock","bundle_stock_quantity":4,"bundle_virtual":false,"bundle_layout":"","bundle_add_to_cart_form_location":"","bundle_editable_in_cart":false,"bundle_sold_individually_context":"","bundle_item_grouping":"","bundle_min_size":"","bundle_max_size":"","bundle_price":[],"bundled_items":[],"bundle_sell_ids":[],"etheme_brands":{"errors":{"invalid_taxonomy":["Lubamatu taksonoomia."]},"error_data":[]},"_links":{"self":[{"href":"https:\/\/glamuur.ee\/et\/wp-json\/wp\/v2\/product\/187985","targetHints":{"allow":["GET"]}}],"collection":[{"href":"https:\/\/glamuur.ee\/et\/wp-json\/wp\/v2\/product"}],"about":[{"href":"https:\/\/glamuur.ee\/et\/wp-json\/wp\/v2\/types\/product"}],"replies":[{"embeddable":true,"href":"https:\/\/glamuur.ee\/et\/wp-json\/wp\/v2\/comments?post=187985"}],"wp:featuredmedia":[{"embeddable":true,"href":"https:\/\/glamuur.ee\/et\/wp-json\/wp\/v2\/media\/187986"}],"wp:attachment":[{"href":"https:\/\/glamuur.ee\/et\/wp-json\/wp\/v2\/media?parent=187985"}],"wp:term":[{"taxonomy":"product_brand","embeddable":true,"href":"https:\/\/glamuur.ee\/et\/wp-json\/wp\/v2\/product_brand?post=187985"},{"taxonomy":"product_cat","embeddable":true,"href":"https:\/\/glamuur.ee\/et\/wp-json\/wp\/v2\/product_cat?post=187985"},{"taxonomy":"product_tag","embeddable":true,"href":"https:\/\/glamuur.ee\/et\/wp-json\/wp\/v2\/product_tag?post=187985"},{"taxonomy":"giftcard-category","embeddable":true,"href":"https:\/\/glamuur.ee\/et\/wp-json\/wp\/v2\/giftcard-category?post=187985"}],"curies":[{"name":"wp","href":"https:\/\/api.w.org\/{rel}","templated":true}]}}