{"id":187974,"date":"2023-05-17T07:26:35","date_gmt":"2023-05-17T07:26:35","guid":{"rendered":"https:\/\/glamuur.ee\/product\/ti-sento-milano-earrings-7778zi\/"},"modified":"2026-04-15T17:05:09","modified_gmt":"2026-04-15T14:05:09","slug":"ti-sento-milano-korvarongad-7778zi","status":"publish","type":"product","link":"https:\/\/glamuur.ee\/et\/product\/ti-sento-milano-earrings-7778zi\/","title":{"rendered":"TI SENTO - Milano k\u00f5rvar\u00f5ngad"},"content":{"rendered":"<p>J\u00e4ine s\u00e4ra. Nende k\u00f5rvar\u00f5ngaste s\u00e4delevad keskosad s\u00e4delevad ja t\u00e4iendavad allapoole riputavat s\u00e4ravat valget lihvitud kivi. M\u00f5lemad t\u00fckid on \u00fcmbritsetud meie h\u00f5beda maagiaga. Pidulik ja stiilne.<\/p>\n<p>Need TI SENTO - Milano k\u00f5rvar\u00f5ngad 7778ZI on valmistatud h\u00f5bedase roodiumiga. Nende k\u00f5rvar\u00f5ngaste v\u00e4rvus on valge tsirkoonium. K\u00f5ik TI SENTO - Milano ehted on kinkekaubana pakitud l\u00f5pmatu armastuse ja hoolega. Maagia on meie h\u00f5bedas.<\/p>\n<p>Ta on osa meie \u00d5htulehtede kollektsioonist: Kaleidoskoobid moodustavad Evening Lights'i aluse. Nude-toonid, pruunid kivid, roosakuld ja pidulikud s\u00e4delused annavad sellele kollektsioonile rafineeritud suhtumise.<\/p>","protected":false},"excerpt":{"rendered":"<p>Icy brilliance. The shimmering centrepieces of these earrings sparkle complimenting the lustrous white facetted stone that hangs below. Both pieces are surrounded by our silver magic. Festive and classy. These TI SENTO &#8211; Milano Earrings 7778ZI are crafted with Silver rhodium plated. The colour of&#8230;<\/p>","protected":false},"featured_media":187975,"comment_status":"open","ping_status":"closed","template":"","meta":{"jetpack_post_was_ever_published":false},"product_brand":[],"product_cat":[725,599,72,143],"product_tag":[],"giftcard-category":[],"class_list":{"0":"post-187974","1":"product","2":"type-product","3":"status-publish","4":"has-post-thumbnail","6":"product_cat-earrings","7":"product_cat-sale","8":"product_cat-ti-sento-milano","9":"product_cat-ti-sento-milano-earrings","10":"pa_material-silver","11":"pa_metal-color-silver","12":"pa_product-brand-ti-sento-milano","13":"pa_stone-color-white","14":"pa_type-category-earrings","16":"first","17":"instock","18":"featured","19":"taxable","20":"shipping-taxable","21":"purchasable","22":"product-type-simple"},"bundled_by":[],"bundle_stock_status":"instock","bundle_stock_quantity":11,"bundle_virtual":false,"bundle_layout":"","bundle_add_to_cart_form_location":"","bundle_editable_in_cart":false,"bundle_sold_individually_context":"","bundle_item_grouping":"","bundle_min_size":"","bundle_max_size":"","bundle_price":[],"bundled_items":[],"bundle_sell_ids":[],"etheme_brands":{"errors":{"invalid_taxonomy":["Lubamatu taksonoomia."]},"error_data":[]},"_links":{"self":[{"href":"https:\/\/glamuur.ee\/et\/wp-json\/wp\/v2\/product\/187974","targetHints":{"allow":["GET"]}}],"collection":[{"href":"https:\/\/glamuur.ee\/et\/wp-json\/wp\/v2\/product"}],"about":[{"href":"https:\/\/glamuur.ee\/et\/wp-json\/wp\/v2\/types\/product"}],"replies":[{"embeddable":true,"href":"https:\/\/glamuur.ee\/et\/wp-json\/wp\/v2\/comments?post=187974"}],"wp:featuredmedia":[{"embeddable":true,"href":"https:\/\/glamuur.ee\/et\/wp-json\/wp\/v2\/media\/187975"}],"wp:attachment":[{"href":"https:\/\/glamuur.ee\/et\/wp-json\/wp\/v2\/media?parent=187974"}],"wp:term":[{"taxonomy":"product_brand","embeddable":true,"href":"https:\/\/glamuur.ee\/et\/wp-json\/wp\/v2\/product_brand?post=187974"},{"taxonomy":"product_cat","embeddable":true,"href":"https:\/\/glamuur.ee\/et\/wp-json\/wp\/v2\/product_cat?post=187974"},{"taxonomy":"product_tag","embeddable":true,"href":"https:\/\/glamuur.ee\/et\/wp-json\/wp\/v2\/product_tag?post=187974"},{"taxonomy":"giftcard-category","embeddable":true,"href":"https:\/\/glamuur.ee\/et\/wp-json\/wp\/v2\/giftcard-category?post=187974"}],"curies":[{"name":"wp","href":"https:\/\/api.w.org\/{rel}","templated":true}]}}