{"id":187939,"date":"2023-05-17T07:26:04","date_gmt":"2023-05-17T07:26:04","guid":{"rendered":"https:\/\/glamuur.ee\/product\/ti-sento-milano-pendant-6758tb\/"},"modified":"2026-03-09T11:10:15","modified_gmt":"2026-03-09T09:10:15","slug":"ti-sento-milano-ripats-6758tb","status":"publish","type":"product","link":"https:\/\/glamuur.ee\/et\/product\/ti-sento-milano-pendant-6758tb\/","title":{"rendered":"TI SENTO \u2013 Milano ripats"},"content":{"rendered":"<p>Pidulik ja \u00f5rn. See kaunilt lihvitud pruun kivi p\u00fc\u00fcab valgust, kui ta ripub teie kaelas. Tema t\u00e4iuslik kettakujuline ja valge tsirooniapaneeliga klamber l\u00f5petab tema v\u00e4limuse.<\/p>\n<p>TI SENTO - Milano Ripats 6758TB on valmistatud h\u00f5bedase roodiumiga. Selle ripatsi v\u00e4rvus on pruun. K\u00f5ik TI SENTO - Milano tooted tarnitakse kaunis kinkekarbis. Maagia peitub meie h\u00f5bedas.<\/p>\n<p>Ta on osa meie \u00d5htulehtede kollektsioonist: Kaleidoskoobid moodustavad Evening Lights'i aluse. Nude-toonid, pruunid kivid, roosakuld ja pidulikud s\u00e4delused annavad sellele kollektsioonile rafineeritud suhtumise.<\/p>","protected":false},"excerpt":{"rendered":"<p>Festive and delicate. This beautifully facetted brown stone catches the light as she dangles from your neck. Her perfect disk shape and white zironia pav\u00e9 clasp finish her look. The TI SENTO &#8211; Milano Pendant 6758TB is crafted with Silver rhodium plated. The colour of&#8230;<\/p>","protected":false},"featured_media":187940,"comment_status":"open","ping_status":"closed","template":"","meta":{"jetpack_post_was_ever_published":false},"product_brand":[],"product_cat":[793,599,729,72,149],"product_tag":[],"giftcard-category":[],"class_list":{"0":"post-187939","1":"product","2":"type-product","3":"status-publish","4":"has-post-thumbnail","6":"product_cat-gift-ideas-up-to-50e","7":"product_cat-sale","8":"product_cat-pendants","9":"product_cat-ti-sento-milano","10":"product_cat-ti-sento-milano-pendants","11":"pa_material-silver","12":"pa_metal-color-silver","13":"pa_product-brand-ti-sento-milano","14":"pa_stone-color-brown","15":"pa_type-category-pendants","17":"first","18":"instock","19":"featured","20":"taxable","21":"shipping-taxable","22":"purchasable","23":"product-type-simple"},"bundled_by":[],"bundle_stock_status":"instock","bundle_stock_quantity":14,"bundle_virtual":false,"bundle_layout":"","bundle_add_to_cart_form_location":"","bundle_editable_in_cart":false,"bundle_sold_individually_context":"","bundle_item_grouping":"","bundle_min_size":"","bundle_max_size":"","bundle_price":[],"bundled_items":[],"bundle_sell_ids":[],"etheme_brands":{"errors":{"invalid_taxonomy":["Lubamatu taksonoomia."]},"error_data":[]},"_links":{"self":[{"href":"https:\/\/glamuur.ee\/et\/wp-json\/wp\/v2\/product\/187939","targetHints":{"allow":["GET"]}}],"collection":[{"href":"https:\/\/glamuur.ee\/et\/wp-json\/wp\/v2\/product"}],"about":[{"href":"https:\/\/glamuur.ee\/et\/wp-json\/wp\/v2\/types\/product"}],"replies":[{"embeddable":true,"href":"https:\/\/glamuur.ee\/et\/wp-json\/wp\/v2\/comments?post=187939"}],"wp:featuredmedia":[{"embeddable":true,"href":"https:\/\/glamuur.ee\/et\/wp-json\/wp\/v2\/media\/187940"}],"wp:attachment":[{"href":"https:\/\/glamuur.ee\/et\/wp-json\/wp\/v2\/media?parent=187939"}],"wp:term":[{"taxonomy":"product_brand","embeddable":true,"href":"https:\/\/glamuur.ee\/et\/wp-json\/wp\/v2\/product_brand?post=187939"},{"taxonomy":"product_cat","embeddable":true,"href":"https:\/\/glamuur.ee\/et\/wp-json\/wp\/v2\/product_cat?post=187939"},{"taxonomy":"product_tag","embeddable":true,"href":"https:\/\/glamuur.ee\/et\/wp-json\/wp\/v2\/product_tag?post=187939"},{"taxonomy":"giftcard-category","embeddable":true,"href":"https:\/\/glamuur.ee\/et\/wp-json\/wp\/v2\/giftcard-category?post=187939"}],"curies":[{"name":"wp","href":"https:\/\/api.w.org\/{rel}","templated":true}]}}