{"id":187865,"date":"2023-05-17T07:24:59","date_gmt":"2023-05-17T07:24:59","guid":{"rendered":"https:\/\/glamuur.ee\/product\/ti-sento-milano-earrings-7769ty\/"},"modified":"2026-02-16T14:04:46","modified_gmt":"2026-02-16T12:04:46","slug":"ti-sento-milano-korvarongad-7769ty","status":"publish","type":"product","link":"https:\/\/glamuur.ee\/et\/product\/ti-sento-milano-earrings-7769ty\/","title":{"rendered":"TI SENTO - Milano k\u00f5rvar\u00f5ngad"},"content":{"rendered":"<p>Julge minna suureks meie ikooniliste lillepunga k\u00f5rvar\u00f5ngastega. Lisage oma v\u00e4limusele kollast energiat. Meie ikooniline Flowerbud on inspireeritud loodusest. Ta on naiselik ja rafineeritud. Tema sujuvad puhtad jooned loovad peene, kuid elegantse ehte.<\/p>\n<p>Need TI SENTO - Milano k\u00f5rvar\u00f5ngad 7769TY on valmistatud kullatud h\u00f5bedast. Nende k\u00f5rvar\u00f5ngaste v\u00e4rvus on kollane. K\u00f5ik TI SENTO - Milano ehted on kinkekaubana pakitud l\u00f5pmatu armastuse ja hoolega. Maagia on meie h\u00f5bedas.<\/p>\n<p>Ta on osa meie City Chic kollektsioonist: Energiline kollane, julge talvine s\u00e4ra, ristk\u00fclikukujuline ja ikooniline. Reisige selle kaunitaride kollektsiooniga maailma tundmatutesse linnadesse.<\/p>","protected":false},"excerpt":{"rendered":"<p>Dare to go big with our iconic flowerbud earrings. Add a touch of yellow energy to your look. Our iconic Flowerbud was inspired by nature. She is feminine and refined. Her smooth clean lines create a subtle yet elegant jewel. These TI SENTO &#8211; Milano&#8230;<\/p>","protected":false},"featured_media":187866,"comment_status":"open","ping_status":"closed","template":"","meta":{"jetpack_post_was_ever_published":false},"product_brand":[],"product_cat":[725,599,980,964,72,143],"product_tag":[],"giftcard-category":[],"class_list":{"0":"post-187865","1":"product","2":"type-product","3":"status-publish","4":"has-post-thumbnail","6":"product_cat-earrings","7":"product_cat-sale","8":"product_cat-ready-for-vacation","9":"product_cat-summer-sale-ti-sento","10":"product_cat-ti-sento-milano","11":"product_cat-ti-sento-milano-earrings","12":"pa_material-silver","13":"pa_metal-color-yellow-gold","14":"pa_product-brand-ti-sento-milano","15":"pa_stone-color-yellow","16":"pa_type-category-earrings","18":"first","19":"instock","20":"featured","21":"taxable","22":"shipping-taxable","23":"purchasable","24":"product-type-simple"},"bundled_by":[],"bundle_stock_status":"instock","bundle_stock_quantity":4,"bundle_virtual":false,"bundle_layout":"","bundle_add_to_cart_form_location":"","bundle_editable_in_cart":false,"bundle_sold_individually_context":"","bundle_item_grouping":"","bundle_min_size":"","bundle_max_size":"","bundle_price":[],"bundled_items":[],"bundle_sell_ids":[],"etheme_brands":{"errors":{"invalid_taxonomy":["Lubamatu taksonoomia."]},"error_data":[]},"_links":{"self":[{"href":"https:\/\/glamuur.ee\/et\/wp-json\/wp\/v2\/product\/187865","targetHints":{"allow":["GET"]}}],"collection":[{"href":"https:\/\/glamuur.ee\/et\/wp-json\/wp\/v2\/product"}],"about":[{"href":"https:\/\/glamuur.ee\/et\/wp-json\/wp\/v2\/types\/product"}],"replies":[{"embeddable":true,"href":"https:\/\/glamuur.ee\/et\/wp-json\/wp\/v2\/comments?post=187865"}],"wp:featuredmedia":[{"embeddable":true,"href":"https:\/\/glamuur.ee\/et\/wp-json\/wp\/v2\/media\/187866"}],"wp:attachment":[{"href":"https:\/\/glamuur.ee\/et\/wp-json\/wp\/v2\/media?parent=187865"}],"wp:term":[{"taxonomy":"product_brand","embeddable":true,"href":"https:\/\/glamuur.ee\/et\/wp-json\/wp\/v2\/product_brand?post=187865"},{"taxonomy":"product_cat","embeddable":true,"href":"https:\/\/glamuur.ee\/et\/wp-json\/wp\/v2\/product_cat?post=187865"},{"taxonomy":"product_tag","embeddable":true,"href":"https:\/\/glamuur.ee\/et\/wp-json\/wp\/v2\/product_tag?post=187865"},{"taxonomy":"giftcard-category","embeddable":true,"href":"https:\/\/glamuur.ee\/et\/wp-json\/wp\/v2\/giftcard-category?post=187865"}],"curies":[{"name":"wp","href":"https:\/\/api.w.org\/{rel}","templated":true}]}}