{"id":187851,"date":"2023-12-15T13:40:23","date_gmt":"2023-12-15T11:40:23","guid":{"rendered":"https:\/\/glamuur.ee\/product\/ti-sento-milano-earrings-7768ty\/"},"modified":"2026-03-09T11:05:34","modified_gmt":"2026-03-09T09:05:34","slug":"ti-sento-milano-korvarongad-7768ty","status":"publish","type":"product","link":"https:\/\/glamuur.ee\/et\/product\/ti-sento-milano-earrings-7768ty\/","title":{"rendered":"TI SENTO - Milano k\u00f5rvar\u00f5ngad"},"content":{"rendered":"<p>Linna \u0161ikk. Need p\u00e4ikesepaistelised kivid, mis on asetatud kollase kullaga kullatud kinnitusse, lisavad teie v\u00e4limusele v\u00e4rvi ja \u00fcllatust. Meie ikooniline Flowerbud on inspireeritud loodusest. Ta on naiselik ja rafineeritud. Tema sujuvad puhtad jooned loovad peene, kuid elegantse ehte.<\/p>\n<p>Need TI SENTO - Milano k\u00f5rvar\u00f5ngad 7768TY on valmistatud h\u00f5bedase kuldkattega. Nende k\u00f5rvar\u00f5ngaste v\u00e4rvus on kollane. K\u00f5ik TI SENTO - Milano ehted on kinkekaubana pakitud l\u00f5pmatu armastuse ja hoolega. Maagia peitub meie h\u00f5bedas.<\/p>\n<p>Ta on osa meie City Chic kollektsioonist: Energiline kollane, julge talvine s\u00e4ra, ristk\u00fclikukujuline ja ikooniline. Reisige selle kaunitaride kollektsiooniga maailma tundmatutesse linnadesse.<\/p>","protected":false},"excerpt":{"rendered":"<p>City chic. These sunny stones set in a yellow-gold plated prong setting add a touch of colour and surprise to your look. Our iconic Flowerbud was inspired by nature. She is feminine and refined. Her smooth clean lines create a subtle yet elegant jewel. These&#8230;<\/p>","protected":false},"featured_media":187852,"comment_status":"open","ping_status":"closed","template":"","meta":{"jetpack_post_was_ever_published":false},"product_brand":[],"product_cat":[725,793,599,980,964,72,143],"product_tag":[],"giftcard-category":[],"class_list":{"0":"post-187851","1":"product","2":"type-product","3":"status-publish","4":"has-post-thumbnail","6":"product_cat-earrings","7":"product_cat-gift-ideas-up-to-50e","8":"product_cat-sale","9":"product_cat-ready-for-vacation","10":"product_cat-summer-sale-ti-sento","11":"product_cat-ti-sento-milano","12":"product_cat-ti-sento-milano-earrings","13":"pa_material-silver","14":"pa_metal-color-yellow-gold","15":"pa_product-brand-ti-sento-milano","16":"pa_stone-color-yellow","17":"pa_type-category-earrings","19":"first","20":"instock","21":"featured","22":"taxable","23":"shipping-taxable","24":"purchasable","25":"product-type-simple"},"bundled_by":["292652"],"bundle_stock_status":"instock","bundle_stock_quantity":4,"bundle_virtual":false,"bundle_layout":"","bundle_add_to_cart_form_location":"","bundle_editable_in_cart":false,"bundle_sold_individually_context":"","bundle_item_grouping":"","bundle_min_size":"","bundle_max_size":"","bundle_price":[],"bundled_items":[],"bundle_sell_ids":[],"etheme_brands":{"errors":{"invalid_taxonomy":["Lubamatu taksonoomia."]},"error_data":[]},"_links":{"self":[{"href":"https:\/\/glamuur.ee\/et\/wp-json\/wp\/v2\/product\/187851","targetHints":{"allow":["GET"]}}],"collection":[{"href":"https:\/\/glamuur.ee\/et\/wp-json\/wp\/v2\/product"}],"about":[{"href":"https:\/\/glamuur.ee\/et\/wp-json\/wp\/v2\/types\/product"}],"replies":[{"embeddable":true,"href":"https:\/\/glamuur.ee\/et\/wp-json\/wp\/v2\/comments?post=187851"}],"wp:featuredmedia":[{"embeddable":true,"href":"https:\/\/glamuur.ee\/et\/wp-json\/wp\/v2\/media\/187852"}],"wp:attachment":[{"href":"https:\/\/glamuur.ee\/et\/wp-json\/wp\/v2\/media?parent=187851"}],"wp:term":[{"taxonomy":"product_brand","embeddable":true,"href":"https:\/\/glamuur.ee\/et\/wp-json\/wp\/v2\/product_brand?post=187851"},{"taxonomy":"product_cat","embeddable":true,"href":"https:\/\/glamuur.ee\/et\/wp-json\/wp\/v2\/product_cat?post=187851"},{"taxonomy":"product_tag","embeddable":true,"href":"https:\/\/glamuur.ee\/et\/wp-json\/wp\/v2\/product_tag?post=187851"},{"taxonomy":"giftcard-category","embeddable":true,"href":"https:\/\/glamuur.ee\/et\/wp-json\/wp\/v2\/giftcard-category?post=187851"}],"curies":[{"name":"wp","href":"https:\/\/api.w.org\/{rel}","templated":true}]}}