{"id":187833,"date":"2023-05-17T07:24:33","date_gmt":"2023-05-17T07:24:33","guid":{"rendered":"https:\/\/glamuur.ee\/product\/ti-sento-milano-necklace-3524si-90\/"},"modified":"2026-02-16T13:54:57","modified_gmt":"2026-02-16T11:54:57","slug":"ti-sento-milano-kaelakee-3524si-90","status":"publish","type":"product","link":"https:\/\/glamuur.ee\/et\/product\/ti-sento-milano-necklace-3524si-90\/","title":{"rendered":"TI SENTO - Milano kaelakee"},"content":{"rendered":"<p>TI SENTO - Milanos oleme v\u00e4lja t\u00f6\u00f6tanud ainulaadse Mix &amp; Match kontseptsiooni, et saaksite ehetekollektsiooni maksimaalselt \u00e4ra kasutada ja kanda iga detaili mitmel erineval moel, alati oma isikliku v\u00e4\u00e4ndega. Paljud selle kollektsiooni ripatsid on varustatud klamberr\u00f5ngaga, mis muudab need t\u00e4iuslikuks t\u00e4ienduseks sellele TI SENTO kaelakeele. Klamberr\u00f5ngal on dekoratiivne funktsioon, kuid see on \u00fchtlasi kaelakee disaini lahutamatu osa, kuna see toimib ka klambrina ja hoiab valitud ripatsit fookuses. See Mix &amp; Match kaelakee on valmistatud roodiumiga kaetud sterlingh\u00f5bedast ja sobib ideaalselt paljude linkkettidega. See kaelakee on saadaval mitmes pikkuses (42, 48, 70 ja 90 cm).<\/p>","protected":false},"excerpt":{"rendered":"<p>At TI SENTO \u2013 Milano we have developed the unique Mix &#038; Match concept so that you can make the most of the jewellery collection and wear every piece in many different ways, always with the very own personal twist. Many of the pendants from&#8230;<\/p>","protected":false},"featured_media":187834,"comment_status":"open","ping_status":"closed","template":"","meta":{"jetpack_post_was_ever_published":false},"product_brand":[],"product_cat":[727,599,72,146],"product_tag":[],"giftcard-category":[],"class_list":{"0":"post-187833","1":"product","2":"type-product","3":"status-publish","4":"has-post-thumbnail","6":"product_cat-necklaces","7":"product_cat-sale","8":"product_cat-ti-sento-milano","9":"product_cat-ti-sento-milano-necklaces","10":"pa_material-silver","11":"pa_metal-color-silver","12":"pa_product-brand-ti-sento-milano","13":"pa_stone-color-without-stones","14":"pa_type-category-necklaces","16":"first","17":"instock","18":"featured","19":"taxable","20":"shipping-taxable","21":"purchasable","22":"product-type-simple"},"bundled_by":[],"bundle_stock_status":"instock","bundle_stock_quantity":19,"bundle_virtual":false,"bundle_layout":"","bundle_add_to_cart_form_location":"","bundle_editable_in_cart":false,"bundle_sold_individually_context":"","bundle_item_grouping":"","bundle_min_size":"","bundle_max_size":"","bundle_price":[],"bundled_items":[],"bundle_sell_ids":[],"etheme_brands":{"errors":{"invalid_taxonomy":["Lubamatu taksonoomia."]},"error_data":[]},"_links":{"self":[{"href":"https:\/\/glamuur.ee\/et\/wp-json\/wp\/v2\/product\/187833","targetHints":{"allow":["GET"]}}],"collection":[{"href":"https:\/\/glamuur.ee\/et\/wp-json\/wp\/v2\/product"}],"about":[{"href":"https:\/\/glamuur.ee\/et\/wp-json\/wp\/v2\/types\/product"}],"replies":[{"embeddable":true,"href":"https:\/\/glamuur.ee\/et\/wp-json\/wp\/v2\/comments?post=187833"}],"wp:featuredmedia":[{"embeddable":true,"href":"https:\/\/glamuur.ee\/et\/wp-json\/wp\/v2\/media\/187834"}],"wp:attachment":[{"href":"https:\/\/glamuur.ee\/et\/wp-json\/wp\/v2\/media?parent=187833"}],"wp:term":[{"taxonomy":"product_brand","embeddable":true,"href":"https:\/\/glamuur.ee\/et\/wp-json\/wp\/v2\/product_brand?post=187833"},{"taxonomy":"product_cat","embeddable":true,"href":"https:\/\/glamuur.ee\/et\/wp-json\/wp\/v2\/product_cat?post=187833"},{"taxonomy":"product_tag","embeddable":true,"href":"https:\/\/glamuur.ee\/et\/wp-json\/wp\/v2\/product_tag?post=187833"},{"taxonomy":"giftcard-category","embeddable":true,"href":"https:\/\/glamuur.ee\/et\/wp-json\/wp\/v2\/giftcard-category?post=187833"}],"curies":[{"name":"wp","href":"https:\/\/api.w.org\/{rel}","templated":true}]}}