{"id":187829,"date":"2023-05-17T07:24:29","date_gmt":"2023-05-17T07:24:29","guid":{"rendered":"https:\/\/glamuur.ee\/product\/ti-sento-milano-earrings-7701sd\/"},"modified":"2026-02-16T14:04:07","modified_gmt":"2026-02-16T12:04:07","slug":"ti-sento-milano-korvarongad-7701sd","status":"publish","type":"product","link":"https:\/\/glamuur.ee\/et\/product\/ti-sento-milano-earrings-7701sd\/","title":{"rendered":"TI SENTO - Milano k\u00f5rvar\u00f5ngad"},"content":{"rendered":"<p>Esmapilgul tundub, et need TI SENTO - Milano k\u00f5rvar\u00f5ngad on loodud mitme kivirea abil, kuid tegelikult on need k\u00f5ik \u00fches t\u00fckis. Samuti tundub, nagu oleks see ese h\u00f5bedasse kastetud, kuid see tuleneb disainimeeskonna poolt kasutatud roodiumiga kaetud h\u00f5bedast. Need k\u00f5rvar\u00f5ngad on m\u00f5eldud kombineerimiseks teiste TI SENTO sarja kuuluvate esemetega.<\/p>","protected":false},"excerpt":{"rendered":"<p>At first glance, it seems like these TI SENTO &#8211; Milano earrings have been created using several rows of stones, but in reality, it is all one piece. It also seems as if the piece has been dipped in silver, but this is created by&#8230;<\/p>","protected":false},"featured_media":187830,"comment_status":"open","ping_status":"closed","template":"","meta":{"jetpack_post_was_ever_published":false},"product_brand":[],"product_cat":[725,599,72,143],"product_tag":[],"giftcard-category":[],"class_list":{"0":"post-187829","1":"product","2":"type-product","3":"status-publish","4":"has-post-thumbnail","6":"product_cat-earrings","7":"product_cat-sale","8":"product_cat-ti-sento-milano","9":"product_cat-ti-sento-milano-earrings","10":"pa_material-silver","11":"pa_metal-color-silver","12":"pa_product-brand-ti-sento-milano","13":"pa_stone-color-without-stones","14":"pa_type-category-earrings","16":"first","17":"instock","18":"featured","19":"taxable","20":"shipping-taxable","21":"purchasable","22":"product-type-simple"},"bundled_by":[],"bundle_stock_status":"instock","bundle_stock_quantity":3,"bundle_virtual":false,"bundle_layout":"","bundle_add_to_cart_form_location":"","bundle_editable_in_cart":false,"bundle_sold_individually_context":"","bundle_item_grouping":"","bundle_min_size":"","bundle_max_size":"","bundle_price":[],"bundled_items":[],"bundle_sell_ids":[],"etheme_brands":{"errors":{"invalid_taxonomy":["Lubamatu taksonoomia."]},"error_data":[]},"_links":{"self":[{"href":"https:\/\/glamuur.ee\/et\/wp-json\/wp\/v2\/product\/187829","targetHints":{"allow":["GET"]}}],"collection":[{"href":"https:\/\/glamuur.ee\/et\/wp-json\/wp\/v2\/product"}],"about":[{"href":"https:\/\/glamuur.ee\/et\/wp-json\/wp\/v2\/types\/product"}],"replies":[{"embeddable":true,"href":"https:\/\/glamuur.ee\/et\/wp-json\/wp\/v2\/comments?post=187829"}],"wp:featuredmedia":[{"embeddable":true,"href":"https:\/\/glamuur.ee\/et\/wp-json\/wp\/v2\/media\/187830"}],"wp:attachment":[{"href":"https:\/\/glamuur.ee\/et\/wp-json\/wp\/v2\/media?parent=187829"}],"wp:term":[{"taxonomy":"product_brand","embeddable":true,"href":"https:\/\/glamuur.ee\/et\/wp-json\/wp\/v2\/product_brand?post=187829"},{"taxonomy":"product_cat","embeddable":true,"href":"https:\/\/glamuur.ee\/et\/wp-json\/wp\/v2\/product_cat?post=187829"},{"taxonomy":"product_tag","embeddable":true,"href":"https:\/\/glamuur.ee\/et\/wp-json\/wp\/v2\/product_tag?post=187829"},{"taxonomy":"giftcard-category","embeddable":true,"href":"https:\/\/glamuur.ee\/et\/wp-json\/wp\/v2\/giftcard-category?post=187829"}],"curies":[{"name":"wp","href":"https:\/\/api.w.org\/{rel}","templated":true}]}}