{"id":187791,"date":"2023-05-17T07:23:49","date_gmt":"2023-05-17T07:23:49","guid":{"rendered":"https:\/\/glamuur.ee\/product\/ti-sento-milano-pendant-6733la\/"},"modified":"2026-02-16T13:58:46","modified_gmt":"2026-02-16T11:58:46","slug":"ti-sento-milano-ripats-6733la","status":"publish","type":"product","link":"https:\/\/glamuur.ee\/et\/product\/ti-sento-milano-pendant-6733la\/","title":{"rendered":"TI SENTO \u2013 Milano ripats"},"content":{"rendered":"<p>Selle teose rafineeritud detailiks on asjaolu, et ripatsi k\u00fclge on asetatud kaks rida briljantse lihviga tsirkoone, mis annavad ripatsile t\u00e4iendava s\u00e4ra. Teos on valmistatud roodiumiga sterlingh\u00f5bedast ja viimistletud roodiumiga, mis annab sellele t\u00e4iendava l\u00e4ike ja aitab seda kulumise eest kaitsta. TI SENTO - Milano ehted tulevad luksuslikus kinkekarbis. Nii saate oma lemmik ehet hoida s\u00e4\u00e4stetud kujul sel haruldasel hetkel, kui te seda ei kanna.<\/p>","protected":false},"excerpt":{"rendered":"<p>A refined detail of this piece is the fact that the pendant was set with two rows of brilliant-cut zirconias, giving the pendant an extra sheen. The piece is made of rhodium sterling silver and finished with rhodium plating, which gives it an additional sheen&#8230;<\/p>","protected":false},"featured_media":187792,"comment_status":"open","ping_status":"closed","template":"","meta":{"jetpack_post_was_ever_published":false},"product_brand":[],"product_cat":[599,729,72,149],"product_tag":[],"giftcard-category":[],"class_list":{"0":"post-187791","1":"product","2":"type-product","3":"status-publish","4":"has-post-thumbnail","6":"product_cat-sale","7":"product_cat-pendants","8":"product_cat-ti-sento-milano","9":"product_cat-ti-sento-milano-pendants","10":"pa_material-silver","11":"pa_metal-color-silver","12":"pa_product-brand-ti-sento-milano","13":"pa_stone-color-blue","14":"pa_type-category-pendants","16":"first","17":"instock","18":"featured","19":"taxable","20":"shipping-taxable","21":"purchasable","22":"product-type-simple"},"bundled_by":[],"bundle_stock_status":"instock","bundle_stock_quantity":6,"bundle_virtual":false,"bundle_layout":"","bundle_add_to_cart_form_location":"","bundle_editable_in_cart":false,"bundle_sold_individually_context":"","bundle_item_grouping":"","bundle_min_size":"","bundle_max_size":"","bundle_price":[],"bundled_items":[],"bundle_sell_ids":[],"etheme_brands":{"errors":{"invalid_taxonomy":["Lubamatu taksonoomia."]},"error_data":[]},"_links":{"self":[{"href":"https:\/\/glamuur.ee\/et\/wp-json\/wp\/v2\/product\/187791","targetHints":{"allow":["GET"]}}],"collection":[{"href":"https:\/\/glamuur.ee\/et\/wp-json\/wp\/v2\/product"}],"about":[{"href":"https:\/\/glamuur.ee\/et\/wp-json\/wp\/v2\/types\/product"}],"replies":[{"embeddable":true,"href":"https:\/\/glamuur.ee\/et\/wp-json\/wp\/v2\/comments?post=187791"}],"wp:featuredmedia":[{"embeddable":true,"href":"https:\/\/glamuur.ee\/et\/wp-json\/wp\/v2\/media\/187792"}],"wp:attachment":[{"href":"https:\/\/glamuur.ee\/et\/wp-json\/wp\/v2\/media?parent=187791"}],"wp:term":[{"taxonomy":"product_brand","embeddable":true,"href":"https:\/\/glamuur.ee\/et\/wp-json\/wp\/v2\/product_brand?post=187791"},{"taxonomy":"product_cat","embeddable":true,"href":"https:\/\/glamuur.ee\/et\/wp-json\/wp\/v2\/product_cat?post=187791"},{"taxonomy":"product_tag","embeddable":true,"href":"https:\/\/glamuur.ee\/et\/wp-json\/wp\/v2\/product_tag?post=187791"},{"taxonomy":"giftcard-category","embeddable":true,"href":"https:\/\/glamuur.ee\/et\/wp-json\/wp\/v2\/giftcard-category?post=187791"}],"curies":[{"name":"wp","href":"https:\/\/api.w.org\/{rel}","templated":true}]}}