{"id":187773,"date":"2023-05-17T07:23:29","date_gmt":"2023-05-17T07:23:29","guid":{"rendered":"https:\/\/glamuur.ee\/product\/ti-sento-milano-necklace-3908my-90\/"},"modified":"2026-04-09T20:00:06","modified_gmt":"2026-04-09T17:00:06","slug":"ti-sento-milano-kaelakee-3908my-90","status":"publish","type":"product","link":"https:\/\/glamuur.ee\/et\/product\/ti-sento-milano-necklace-3908my-90\/","title":{"rendered":"TI SENTO - Milano kaelakee"},"content":{"rendered":"<p>Selles elegantses kaelakees on h\u00f5bedase s\u00e4ra ja kollase kullaga peenelt \u00fchendatud mosaiik m\u00e4rkidest, \u00fcmmargustest ja ristk\u00fclikukujulistest kividest ning piimjasvalgetest kividest.<\/p>\n<p>TI SENTO - Milano kaelakee 3908MY on valmistatud h\u00f5bedast kullatud. Selle kaelakee v\u00e4rv on p\u00e4rlmutter kollase kullatud. K\u00f5ik TI SENTO - Milano ehted on kinkekaubana pakitud l\u00f5pmatu armastuse ja hoolega. Maagia on meie h\u00f5bedas.<\/p>\n<p>Ta on osa meie City Chic kollektsioonist: Energiline kollane, julge talvine s\u00e4ra, ristk\u00fclikukujuline ja ikooniline. Reisige selle kaunitaride kollektsiooniga maailma tundmatutesse linnadesse.<\/p>","protected":false},"excerpt":{"rendered":"<p>A mosaic of tokens, round and rectangular shapes and milky white stones are finely connected by silver brilliance and yellow gold in this elegant necklace. The TI SENTO &#8211; Milano Necklace 3908MY is crafted with Silver gold plated. The colour of this necklace is Mother&#8230;<\/p>","protected":false},"featured_media":187774,"comment_status":"open","ping_status":"closed","template":"","meta":{"jetpack_post_was_ever_published":false},"product_brand":[],"product_cat":[968,727,945,72,146],"product_tag":[],"giftcard-category":[],"class_list":{"0":"post-187773","1":"product","2":"type-product","3":"status-publish","4":"has-post-thumbnail","6":"product_cat-mothers-day-2025-ti-sento","7":"product_cat-necklaces","8":"product_cat-pearls","9":"product_cat-ti-sento-milano","10":"product_cat-ti-sento-milano-necklaces","11":"pa_material-silver","12":"pa_metal-color-yellow-gold","13":"pa_product-brand-ti-sento-milano","14":"pa_stone-color-pearl","15":"pa_type-category-necklaces","17":"first","18":"instock","19":"featured","20":"taxable","21":"shipping-taxable","22":"purchasable","23":"product-type-simple"},"bundled_by":[],"bundle_stock_status":"instock","bundle_stock_quantity":5,"bundle_virtual":false,"bundle_layout":"","bundle_add_to_cart_form_location":"","bundle_editable_in_cart":false,"bundle_sold_individually_context":"","bundle_item_grouping":"","bundle_min_size":"","bundle_max_size":"","bundle_price":[],"bundled_items":[],"bundle_sell_ids":[],"etheme_brands":{"errors":{"invalid_taxonomy":["Lubamatu taksonoomia."]},"error_data":[]},"_links":{"self":[{"href":"https:\/\/glamuur.ee\/et\/wp-json\/wp\/v2\/product\/187773","targetHints":{"allow":["GET"]}}],"collection":[{"href":"https:\/\/glamuur.ee\/et\/wp-json\/wp\/v2\/product"}],"about":[{"href":"https:\/\/glamuur.ee\/et\/wp-json\/wp\/v2\/types\/product"}],"replies":[{"embeddable":true,"href":"https:\/\/glamuur.ee\/et\/wp-json\/wp\/v2\/comments?post=187773"}],"wp:featuredmedia":[{"embeddable":true,"href":"https:\/\/glamuur.ee\/et\/wp-json\/wp\/v2\/media\/187774"}],"wp:attachment":[{"href":"https:\/\/glamuur.ee\/et\/wp-json\/wp\/v2\/media?parent=187773"}],"wp:term":[{"taxonomy":"product_brand","embeddable":true,"href":"https:\/\/glamuur.ee\/et\/wp-json\/wp\/v2\/product_brand?post=187773"},{"taxonomy":"product_cat","embeddable":true,"href":"https:\/\/glamuur.ee\/et\/wp-json\/wp\/v2\/product_cat?post=187773"},{"taxonomy":"product_tag","embeddable":true,"href":"https:\/\/glamuur.ee\/et\/wp-json\/wp\/v2\/product_tag?post=187773"},{"taxonomy":"giftcard-category","embeddable":true,"href":"https:\/\/glamuur.ee\/et\/wp-json\/wp\/v2\/giftcard-category?post=187773"}],"curies":[{"name":"wp","href":"https:\/\/api.w.org\/{rel}","templated":true}]}}