{"id":187435,"date":"2023-05-17T07:14:24","date_gmt":"2023-05-17T07:14:24","guid":{"rendered":"https:\/\/glamuur.ee\/product\/ti-sento-milano-necklace-3871zi-42\/"},"modified":"2026-02-16T13:57:00","modified_gmt":"2026-02-16T11:57:00","slug":"ti-sento-milano-kaelakee-3871zi-42","status":"publish","type":"product","link":"https:\/\/glamuur.ee\/et\/product\/ti-sento-milano-necklace-3871zi-42\/","title":{"rendered":"TI SENTO - Milano kaelakee"},"content":{"rendered":"<p>Kaelakee Ladies Of Brand Ti Sento - Milano, Della Collection Combine. Jewel valmistatud h\u00f5bedast 925 koos roodiumiga Al, Zirkoon valge v\u00e4rviga. H\u00f5be Nende k\u00f5rvar\u00f5ngad Ti Sento - Milano pakub teile \u00fcks kiht kulda 18 karaati ja kingitused tagak\u00fcljel Rodio diivan teeb selle Jewel Brilliance Extra pikendab oma eluiga. Kollektsioonis Ti Sento On mitmeid Charm, millega saab luua Stupendi paarid Teise valemiga \"Mix &amp; Match\" Ti Sento. Jewel koos 38-40-42-45-48Cm pikkusega ja laius 12mm. Kaelakee koos Lobster sulgemine. Jewel kujundatud Charming, Style Milanese See t\u00f5esti naine. Viide on 3871Zi \/ 42<\/p>","protected":false},"excerpt":{"rendered":"<p>Necklace Ladies Of Brand Ti Sento &#8211; Milan, Della Collection Combine. Jewel Made of Silver 925 with Rhodium Plating Al, Zircon With White Color. The Silver Of These earrings Ti Sento &#8211; Milano Offering You The One Layer Of Gold 18 Carats And Presents On&#8230;<\/p>","protected":false},"featured_media":187436,"comment_status":"open","ping_status":"closed","template":"","meta":{"jetpack_post_was_ever_published":false},"product_brand":[],"product_cat":[727,599,72,146],"product_tag":[],"giftcard-category":[],"class_list":{"0":"post-187435","1":"product","2":"type-product","3":"status-publish","4":"has-post-thumbnail","6":"product_cat-necklaces","7":"product_cat-sale","8":"product_cat-ti-sento-milano","9":"product_cat-ti-sento-milano-necklaces","10":"pa_material-silver","11":"pa_metal-color-silver","12":"pa_product-brand-ti-sento-milano","13":"pa_stone-color-white","14":"pa_type-category-necklaces","16":"first","17":"instock","18":"featured","19":"taxable","20":"shipping-taxable","21":"purchasable","22":"product-type-simple"},"bundled_by":[],"bundle_stock_status":"instock","bundle_stock_quantity":1,"bundle_virtual":false,"bundle_layout":"","bundle_add_to_cart_form_location":"","bundle_editable_in_cart":false,"bundle_sold_individually_context":"","bundle_item_grouping":"","bundle_min_size":"","bundle_max_size":"","bundle_price":[],"bundled_items":[],"bundle_sell_ids":[],"etheme_brands":{"errors":{"invalid_taxonomy":["Lubamatu taksonoomia."]},"error_data":[]},"_links":{"self":[{"href":"https:\/\/glamuur.ee\/et\/wp-json\/wp\/v2\/product\/187435","targetHints":{"allow":["GET"]}}],"collection":[{"href":"https:\/\/glamuur.ee\/et\/wp-json\/wp\/v2\/product"}],"about":[{"href":"https:\/\/glamuur.ee\/et\/wp-json\/wp\/v2\/types\/product"}],"replies":[{"embeddable":true,"href":"https:\/\/glamuur.ee\/et\/wp-json\/wp\/v2\/comments?post=187435"}],"wp:featuredmedia":[{"embeddable":true,"href":"https:\/\/glamuur.ee\/et\/wp-json\/wp\/v2\/media\/187436"}],"wp:attachment":[{"href":"https:\/\/glamuur.ee\/et\/wp-json\/wp\/v2\/media?parent=187435"}],"wp:term":[{"taxonomy":"product_brand","embeddable":true,"href":"https:\/\/glamuur.ee\/et\/wp-json\/wp\/v2\/product_brand?post=187435"},{"taxonomy":"product_cat","embeddable":true,"href":"https:\/\/glamuur.ee\/et\/wp-json\/wp\/v2\/product_cat?post=187435"},{"taxonomy":"product_tag","embeddable":true,"href":"https:\/\/glamuur.ee\/et\/wp-json\/wp\/v2\/product_tag?post=187435"},{"taxonomy":"giftcard-category","embeddable":true,"href":"https:\/\/glamuur.ee\/et\/wp-json\/wp\/v2\/giftcard-category?post=187435"}],"curies":[{"name":"wp","href":"https:\/\/api.w.org\/{rel}","templated":true}]}}