{"id":18582,"date":"2024-09-26T18:17:23","date_gmt":"2024-09-26T15:17:23","guid":{"rendered":"https:\/\/dev.glamuur.ee\/product\/ti-sento-milano-ring-12205sy\/"},"modified":"2026-04-14T18:10:03","modified_gmt":"2026-04-14T15:10:03","slug":"ti-sento-milano-ring-12205sy","status":"publish","type":"product","link":"https:\/\/glamuur.ee\/et\/product\/ti-sento-milano-ring-12205sy\/","title":{"rendered":"TI SENTO \u2013 Milano S\u00f5rmus"},"content":{"rendered":"<p>Sellel TI SENTO - Milano kett h\u00f5bedast s\u00f5rmusel 12205SY on kuldsetest l\u00fclidest koosnev voog. Geomeetria on t\u00e4pne, stiil kindlasti luksuslik. Peen vintage baas.<\/p>","protected":false},"excerpt":{"rendered":"<p>Sellel TI SENTO - Milano kett h\u00f5bedast s\u00f5rmusel 12205SY on kuldsetest l\u00fclidest koosnev voog. Geomeetria on t\u00e4pne, stiil kindlasti luksuslik. Peen vintage baas.<\/p>","protected":false},"featured_media":18583,"comment_status":"open","ping_status":"closed","template":"","meta":{"jetpack_post_was_ever_published":false},"product_brand":[],"product_cat":[979,808,730,939,964,812,72,145,976],"product_tag":[],"giftcard-category":[],"class_list":{"0":"post-18582","1":"product","2":"type-product","3":"status-publish","4":"has-post-thumbnail","6":"product_cat-graduation-2025","7":"product_cat-modern-classic","8":"product_cat-rings","9":"product_cat-ti-sento-sale-europe","10":"product_cat-summer-sale-ti-sento","11":"product_cat-the-iconic","12":"product_cat-ti-sento-milano","13":"product_cat-ti-sento-milano-rings","14":"product_cat-wedding-season","15":"pa_material-silver","16":"pa_metal-color-yellow-gold","17":"pa_product-brand-ti-sento-milano","18":"pa_size-48-1550","19":"pa_size-50-1600","20":"pa_size-52-1650","21":"pa_size-54-1725","22":"pa_size-56-1775","23":"pa_size-58-1850","24":"pa_size-60-1900","25":"pa_size-62-1950","26":"pa_stone-color-without-stones","27":"pa_type-category-rings","29":"first","30":"instock","31":"featured","32":"taxable","33":"shipping-taxable","34":"purchasable","35":"product-type-variable"},"bundled_by":[],"bundle_stock_status":"instock","bundle_stock_quantity":null,"bundle_virtual":false,"bundle_layout":"","bundle_add_to_cart_form_location":"","bundle_editable_in_cart":false,"bundle_sold_individually_context":"","bundle_item_grouping":"","bundle_min_size":"","bundle_max_size":"","bundle_price":[],"bundled_items":[],"bundle_sell_ids":[],"etheme_brands":{"errors":{"invalid_taxonomy":["Lubamatu taksonoomia."]},"error_data":[]},"_links":{"self":[{"href":"https:\/\/glamuur.ee\/et\/wp-json\/wp\/v2\/product\/18582","targetHints":{"allow":["GET"]}}],"collection":[{"href":"https:\/\/glamuur.ee\/et\/wp-json\/wp\/v2\/product"}],"about":[{"href":"https:\/\/glamuur.ee\/et\/wp-json\/wp\/v2\/types\/product"}],"replies":[{"embeddable":true,"href":"https:\/\/glamuur.ee\/et\/wp-json\/wp\/v2\/comments?post=18582"}],"wp:featuredmedia":[{"embeddable":true,"href":"https:\/\/glamuur.ee\/et\/wp-json\/wp\/v2\/media\/18583"}],"wp:attachment":[{"href":"https:\/\/glamuur.ee\/et\/wp-json\/wp\/v2\/media?parent=18582"}],"wp:term":[{"taxonomy":"product_brand","embeddable":true,"href":"https:\/\/glamuur.ee\/et\/wp-json\/wp\/v2\/product_brand?post=18582"},{"taxonomy":"product_cat","embeddable":true,"href":"https:\/\/glamuur.ee\/et\/wp-json\/wp\/v2\/product_cat?post=18582"},{"taxonomy":"product_tag","embeddable":true,"href":"https:\/\/glamuur.ee\/et\/wp-json\/wp\/v2\/product_tag?post=18582"},{"taxonomy":"giftcard-category","embeddable":true,"href":"https:\/\/glamuur.ee\/et\/wp-json\/wp\/v2\/giftcard-category?post=18582"}],"curies":[{"name":"wp","href":"https:\/\/api.w.org\/{rel}","templated":true}]}}