{"id":18561,"date":"2024-09-26T18:10:39","date_gmt":"2024-09-26T15:10:39","guid":{"rendered":"https:\/\/dev.glamuur.ee\/product\/ti-sento-milano-ring-12205si\/"},"modified":"2026-03-09T11:11:08","modified_gmt":"2026-03-09T09:11:08","slug":"ti-sento-milano-ring-12205si","status":"publish","type":"product","link":"https:\/\/glamuur.ee\/et\/product\/ti-sento-milano-ring-12205si\/","title":{"rendered":"TI SENTO \u2013 Milano S\u00f5rmus"},"content":{"rendered":"<p>See TI SENTO - Milano kett h\u00f5bes\u00f5rmus 12205SI on t\u00e4ielikult valmistatud h\u00f5bedast. Vintage disain m\u00e4ngib geomeetriaga, s\u00e4ilitades samal ajal minimalistliku ja glamuurse v\u00f5lu.<\/p>","protected":false},"excerpt":{"rendered":"<p>See TI SENTO - Milano kett h\u00f5bes\u00f5rmus 12205SI on t\u00e4ielikult valmistatud h\u00f5bedast. Vintage disain m\u00e4ngib geomeetriaga, s\u00e4ilitades samal ajal minimalistliku ja glamuurse v\u00f5lu.<\/p>","protected":false},"featured_media":18562,"comment_status":"open","ping_status":"closed","template":"","meta":{"jetpack_post_was_ever_published":false},"product_brand":[],"product_cat":[794,979,599,730,939,964,812,72,145,976],"product_tag":[],"giftcard-category":[],"class_list":{"0":"post-18561","1":"product","2":"type-product","3":"status-publish","4":"has-post-thumbnail","6":"product_cat-gift-ideas-up-to-100e","7":"product_cat-graduation-2025","8":"product_cat-sale","9":"product_cat-rings","10":"product_cat-ti-sento-sale-europe","11":"product_cat-summer-sale-ti-sento","12":"product_cat-the-iconic","13":"product_cat-ti-sento-milano","14":"product_cat-ti-sento-milano-rings","15":"product_cat-wedding-season","16":"pa_material-silver","17":"pa_metal-color-silver","18":"pa_product-brand-ti-sento-milano","19":"pa_size-48-1550","20":"pa_size-50-1600","21":"pa_size-52-1650","22":"pa_size-54-1725","23":"pa_size-56-1775","24":"pa_size-58-1850","25":"pa_size-60-1900","26":"pa_size-62-1950","27":"pa_stone-color-without-stones","28":"pa_type-category-rings","30":"first","31":"instock","32":"featured","33":"taxable","34":"shipping-taxable","35":"purchasable","36":"product-type-variable"},"bundled_by":[],"bundle_stock_status":"instock","bundle_stock_quantity":null,"bundle_virtual":false,"bundle_layout":"","bundle_add_to_cart_form_location":"","bundle_editable_in_cart":false,"bundle_sold_individually_context":"","bundle_item_grouping":"","bundle_min_size":"","bundle_max_size":"","bundle_price":[],"bundled_items":[],"bundle_sell_ids":[],"etheme_brands":{"errors":{"invalid_taxonomy":["Lubamatu taksonoomia."]},"error_data":[]},"_links":{"self":[{"href":"https:\/\/glamuur.ee\/et\/wp-json\/wp\/v2\/product\/18561","targetHints":{"allow":["GET"]}}],"collection":[{"href":"https:\/\/glamuur.ee\/et\/wp-json\/wp\/v2\/product"}],"about":[{"href":"https:\/\/glamuur.ee\/et\/wp-json\/wp\/v2\/types\/product"}],"replies":[{"embeddable":true,"href":"https:\/\/glamuur.ee\/et\/wp-json\/wp\/v2\/comments?post=18561"}],"wp:featuredmedia":[{"embeddable":true,"href":"https:\/\/glamuur.ee\/et\/wp-json\/wp\/v2\/media\/18562"}],"wp:attachment":[{"href":"https:\/\/glamuur.ee\/et\/wp-json\/wp\/v2\/media?parent=18561"}],"wp:term":[{"taxonomy":"product_brand","embeddable":true,"href":"https:\/\/glamuur.ee\/et\/wp-json\/wp\/v2\/product_brand?post=18561"},{"taxonomy":"product_cat","embeddable":true,"href":"https:\/\/glamuur.ee\/et\/wp-json\/wp\/v2\/product_cat?post=18561"},{"taxonomy":"product_tag","embeddable":true,"href":"https:\/\/glamuur.ee\/et\/wp-json\/wp\/v2\/product_tag?post=18561"},{"taxonomy":"giftcard-category","embeddable":true,"href":"https:\/\/glamuur.ee\/et\/wp-json\/wp\/v2\/giftcard-category?post=18561"}],"curies":[{"name":"wp","href":"https:\/\/api.w.org\/{rel}","templated":true}]}}