{"id":182549,"date":"2025-11-24T12:36:28","date_gmt":"2025-11-24T10:36:28","guid":{"rendered":"https:\/\/dev.glamuur.ee\/product\/heide-heinzendorff-ear-charms-22300120901\/"},"modified":"2026-04-09T10:37:08","modified_gmt":"2026-04-09T07:37:08","slug":"heide-heinzendorff-ear-charms-22300120901","status":"publish","type":"product","link":"https:\/\/glamuur.ee\/et\/product\/heide-heinzendorff-ear-charms-22300120901\/","title":{"rendered":"Heide Heinzendorff K\u00f5rvar\u00f5nga ripatsid"},"content":{"rendered":"<p>Pav\u00e9 Color01 &#8211; Silver &#8211; Pair<\/p>","protected":false},"excerpt":{"rendered":"<p>Pav\u00e9 Color01 &#8211; Silver &#8211; Pair<\/p>","protected":false},"featured_media":258973,"comment_status":"open","ping_status":"closed","template":"","meta":{"jetpack_post_was_ever_published":true},"product_brand":[],"product_cat":[728,1477,1479],"product_tag":[],"giftcard-category":[],"class_list":{"0":"post-182549","1":"product","2":"type-product","3":"status-publish","4":"has-post-thumbnail","6":"product_cat-ear-charms","7":"product_cat-heide-heinzendorff","8":"product_cat-heide-heinzendorff-ear-charms","9":"pa_material-silver","10":"pa_metal-color-silver","11":"pa_product-brand-heide-heinzendorff","12":"pa_stone-color-grey","13":"pa_type-category-ear-charms","15":"first","16":"instock","17":"featured","18":"taxable","19":"shipping-taxable","20":"purchasable","21":"product-type-simple"},"bundled_by":[],"bundle_stock_status":"instock","bundle_stock_quantity":7,"bundle_virtual":false,"bundle_layout":"","bundle_add_to_cart_form_location":"","bundle_editable_in_cart":false,"bundle_sold_individually_context":"","bundle_item_grouping":"","bundle_min_size":"","bundle_max_size":"","bundle_price":[],"bundled_items":[],"bundle_sell_ids":[],"etheme_brands":{"errors":{"invalid_taxonomy":["Lubamatu taksonoomia."]},"error_data":[]},"_links":{"self":[{"href":"https:\/\/glamuur.ee\/et\/wp-json\/wp\/v2\/product\/182549","targetHints":{"allow":["GET"]}}],"collection":[{"href":"https:\/\/glamuur.ee\/et\/wp-json\/wp\/v2\/product"}],"about":[{"href":"https:\/\/glamuur.ee\/et\/wp-json\/wp\/v2\/types\/product"}],"replies":[{"embeddable":true,"href":"https:\/\/glamuur.ee\/et\/wp-json\/wp\/v2\/comments?post=182549"}],"wp:featuredmedia":[{"embeddable":true,"href":"https:\/\/glamuur.ee\/et\/wp-json\/wp\/v2\/media\/258973"}],"wp:attachment":[{"href":"https:\/\/glamuur.ee\/et\/wp-json\/wp\/v2\/media?parent=182549"}],"wp:term":[{"taxonomy":"product_brand","embeddable":true,"href":"https:\/\/glamuur.ee\/et\/wp-json\/wp\/v2\/product_brand?post=182549"},{"taxonomy":"product_cat","embeddable":true,"href":"https:\/\/glamuur.ee\/et\/wp-json\/wp\/v2\/product_cat?post=182549"},{"taxonomy":"product_tag","embeddable":true,"href":"https:\/\/glamuur.ee\/et\/wp-json\/wp\/v2\/product_tag?post=182549"},{"taxonomy":"giftcard-category","embeddable":true,"href":"https:\/\/glamuur.ee\/et\/wp-json\/wp\/v2\/giftcard-category?post=182549"}],"curies":[{"name":"wp","href":"https:\/\/api.w.org\/{rel}","templated":true}]}}