{"id":150892,"date":"2023-03-27T21:10:13","date_gmt":"2023-03-27T21:10:13","guid":{"rendered":"https:\/\/dev.glamuur.ee\/product\/bronzallure-rings-wsbz01997-red\/"},"modified":"2026-02-23T14:31:09","modified_gmt":"2026-02-23T12:31:09","slug":"pronkssoormed-wsbz01997-punane","status":"publish","type":"product","link":"https:\/\/glamuur.ee\/et\/product\/bronzallure-rings-wsbz01997-red\/","title":{"rendered":"Bronzallure s\u00f5rmus"},"content":{"rendered":"<p>Topelt s\u00f5rmus: bikoloorne s\u00f5rmus lihtsa elemendiga, millel on kuubilise tsirkooniumiga riviir ja s\u00fcdamega s\u00f5rmus, mis on loodud rafineeritud s\u00fcnteetilistest punastest korunditest Golden Ros\u00e9 18 kt roosakullaga kaetud alusel. T\u00e4iuslik \u00fcksi v\u00f5i koos sobiva sama fantaasiaga bijoux s\u00fcdamega<br \/>\n- Golden Rose patenteeritud sulam 18 kt roosakuldne pinnakate S\u00fcnteetiline korund ja kuubilised tsirkooniumid Disainitud Itaalias Niklivaba, kaadmiumivaba, h\u00fcpoallergeeniline<\/p>","protected":false},"excerpt":{"rendered":"<p>Double ring: bicolor ring with simple element with cubic zirconia riviere and ring with hearts, created with refined synthetic red corundums on Golden Ros\u00e9 18 Kt rose gold plated base. Perfect alone or with matching bijoux of the same fantasy with hearts &#8211; Golden Rose&#8230;<\/p>","protected":false},"featured_media":303373,"comment_status":"open","ping_status":"closed","template":"","meta":{"jetpack_post_was_ever_published":false},"product_brand":[],"product_cat":[197,730,939,964,941],"product_tag":[942],"giftcard-category":[],"class_list":{"0":"post-150892","1":"product","2":"type-product","3":"status-publish","4":"has-post-thumbnail","6":"product_cat-bronzallure-rings","7":"product_cat-rings","8":"product_cat-ti-sento-sale-europe","9":"product_cat-summer-sale-ti-sento","10":"product_cat-valentines-day","11":"product_tag-valentines-day","12":"pa_material-silver","13":"pa_metal-color-rose-gold","14":"pa_size-10-1600","15":"pa_size-12-1650","16":"pa_size-14-1700","17":"pa_size-16-1750","18":"pa_size-18-1800","19":"pa_size-20-1850","20":"pa_stone-color-red","21":"pa_type-category-rings","23":"first","24":"instock","25":"featured","26":"taxable","27":"shipping-taxable","28":"purchasable","29":"product-type-variable"},"bundled_by":[],"bundle_stock_status":"instock","bundle_stock_quantity":null,"bundle_virtual":false,"bundle_layout":"","bundle_add_to_cart_form_location":"","bundle_editable_in_cart":false,"bundle_sold_individually_context":"","bundle_item_grouping":"","bundle_min_size":"","bundle_max_size":"","bundle_price":[],"bundled_items":[],"bundle_sell_ids":[],"etheme_brands":{"errors":{"invalid_taxonomy":["Lubamatu taksonoomia."]},"error_data":[]},"_links":{"self":[{"href":"https:\/\/glamuur.ee\/et\/wp-json\/wp\/v2\/product\/150892","targetHints":{"allow":["GET"]}}],"collection":[{"href":"https:\/\/glamuur.ee\/et\/wp-json\/wp\/v2\/product"}],"about":[{"href":"https:\/\/glamuur.ee\/et\/wp-json\/wp\/v2\/types\/product"}],"replies":[{"embeddable":true,"href":"https:\/\/glamuur.ee\/et\/wp-json\/wp\/v2\/comments?post=150892"}],"wp:featuredmedia":[{"embeddable":true,"href":"https:\/\/glamuur.ee\/et\/wp-json\/wp\/v2\/media\/303373"}],"wp:attachment":[{"href":"https:\/\/glamuur.ee\/et\/wp-json\/wp\/v2\/media?parent=150892"}],"wp:term":[{"taxonomy":"product_brand","embeddable":true,"href":"https:\/\/glamuur.ee\/et\/wp-json\/wp\/v2\/product_brand?post=150892"},{"taxonomy":"product_cat","embeddable":true,"href":"https:\/\/glamuur.ee\/et\/wp-json\/wp\/v2\/product_cat?post=150892"},{"taxonomy":"product_tag","embeddable":true,"href":"https:\/\/glamuur.ee\/et\/wp-json\/wp\/v2\/product_tag?post=150892"},{"taxonomy":"giftcard-category","embeddable":true,"href":"https:\/\/glamuur.ee\/et\/wp-json\/wp\/v2\/giftcard-category?post=150892"}],"curies":[{"name":"wp","href":"https:\/\/api.w.org\/{rel}","templated":true}]}}