{"id":150871,"date":"2023-03-27T21:09:08","date_gmt":"2023-03-27T21:09:08","guid":{"rendered":"https:\/\/dev.glamuur.ee\/product\/bronzallure-rings-wsbz01996-red\/"},"modified":"2026-02-13T12:50:24","modified_gmt":"2026-02-13T10:50:24","slug":"pronkssoormed-wsbz01996-punane","status":"publish","type":"product","link":"https:\/\/glamuur.ee\/et\/product\/bronzallure-rings-wsbz01996-red\/","title":{"rendered":"Bronzallure s\u00f5rmus"},"content":{"rendered":"<p>Topelt s\u00f5brap\u00e4eva s\u00f5rmus koosneb rivi\u00e8re'i s\u00f5rmusest ja rikkalikust s\u00fcdamem\u00e4ngust, m\u00f5lemad 18 kt roosakullaga kaetud kuldsel kuldkingal, mille alus on kuldne roosa.<br \/>\n- Golden Rose patenteeritud sulam 18 kt roosakuldne pinnakate disainitud Made in Italy niklivaba, kaadmiumivaba, h\u00fcpoallergeenne<\/p>","protected":false},"excerpt":{"rendered":"<p>The double Valentine&#8217;s Day ring consists of a rivi\u00e8re ring and a rich play of hearts, both on an 18 KT rose gold plated Golden Ros\u00e9 base &#8211; Golden Rose patented alloy 18kt Rose Gold Plating Designed Made in Italy Nickel free, cadmium free, hypoallergenic<\/p>","protected":false},"featured_media":303374,"comment_status":"open","ping_status":"closed","template":"","meta":{"jetpack_post_was_ever_published":false},"product_brand":[],"product_cat":[197,730,939,964,941],"product_tag":[942],"giftcard-category":[],"class_list":{"0":"post-150871","1":"product","2":"type-product","3":"status-publish","4":"has-post-thumbnail","6":"product_cat-bronzallure-rings","7":"product_cat-rings","8":"product_cat-ti-sento-sale-europe","9":"product_cat-summer-sale-ti-sento","10":"product_cat-valentines-day","11":"product_tag-valentines-day","12":"pa_material-silver","13":"pa_metal-color-rose-gold","14":"pa_size-10-1600","15":"pa_size-12-1650","16":"pa_size-14-1700","17":"pa_size-16-1750","18":"pa_size-18-1800","19":"pa_size-20-1850","20":"pa_stone-color-red","21":"pa_type-category-rings","23":"first","24":"instock","25":"featured","26":"taxable","27":"shipping-taxable","28":"purchasable","29":"product-type-variable"},"bundled_by":[],"bundle_stock_status":"instock","bundle_stock_quantity":null,"bundle_virtual":false,"bundle_layout":"","bundle_add_to_cart_form_location":"","bundle_editable_in_cart":false,"bundle_sold_individually_context":"","bundle_item_grouping":"","bundle_min_size":"","bundle_max_size":"","bundle_price":[],"bundled_items":[],"bundle_sell_ids":[],"etheme_brands":{"errors":{"invalid_taxonomy":["Lubamatu taksonoomia."]},"error_data":[]},"_links":{"self":[{"href":"https:\/\/glamuur.ee\/et\/wp-json\/wp\/v2\/product\/150871","targetHints":{"allow":["GET"]}}],"collection":[{"href":"https:\/\/glamuur.ee\/et\/wp-json\/wp\/v2\/product"}],"about":[{"href":"https:\/\/glamuur.ee\/et\/wp-json\/wp\/v2\/types\/product"}],"replies":[{"embeddable":true,"href":"https:\/\/glamuur.ee\/et\/wp-json\/wp\/v2\/comments?post=150871"}],"wp:featuredmedia":[{"embeddable":true,"href":"https:\/\/glamuur.ee\/et\/wp-json\/wp\/v2\/media\/303374"}],"wp:attachment":[{"href":"https:\/\/glamuur.ee\/et\/wp-json\/wp\/v2\/media?parent=150871"}],"wp:term":[{"taxonomy":"product_brand","embeddable":true,"href":"https:\/\/glamuur.ee\/et\/wp-json\/wp\/v2\/product_brand?post=150871"},{"taxonomy":"product_cat","embeddable":true,"href":"https:\/\/glamuur.ee\/et\/wp-json\/wp\/v2\/product_cat?post=150871"},{"taxonomy":"product_tag","embeddable":true,"href":"https:\/\/glamuur.ee\/et\/wp-json\/wp\/v2\/product_tag?post=150871"},{"taxonomy":"giftcard-category","embeddable":true,"href":"https:\/\/glamuur.ee\/et\/wp-json\/wp\/v2\/giftcard-category?post=150871"}],"curies":[{"name":"wp","href":"https:\/\/api.w.org\/{rel}","templated":true}]}}