{"id":150521,"date":"2023-03-27T20:49:22","date_gmt":"2023-03-27T20:49:22","guid":{"rendered":"https:\/\/dev.glamuur.ee\/product\/bronzallure-rings-wsbz01831-wa\/"},"modified":"2025-09-11T17:54:06","modified_gmt":"2025-09-11T14:54:06","slug":"pronkssoormed-wsbz01831-wa","status":"publish","type":"product","link":"https:\/\/glamuur.ee\/et\/product\/bronzallure-rings-wsbz01831-wa\/","title":{"rendered":"Bronzallure s\u00f5rmus"},"content":{"rendered":"<p>See kolme kiviga s\u00f5rmus on Bronzallure'i kullassepa meisterlikkuse tulemus ja seda kaunistavad elegantsed s\u00fcdamer\u00f5ngad. 18-karvalise roosakullaga kullatud Kuldne roos on saadaval mitmes kontrastses v\u00e4rvitoonis: valige oma lemmik! \u00dchendage see koosk\u00f5lastatud l\u00fchtri kaelakee ja k\u00f5rvar\u00f5ngastega v\u00f5i teiste Felicia kollektsiooni loomingutega.<\/p><\/div>\n<p> Patenteeritud Golden Rose sulam 18k roosakuldne pinnakate Sertifitseeritud looduslikud kivid Disainitud Made in Italy Niklivaba, kaadmiumivaba, h\u00fcpoallergeeniline<\/p>","protected":false},"excerpt":{"rendered":"<p>This three stone ring is the result of Bronzallure&#8217;s goldsmith mastery and is embellished with elegant heart bezels. The 18K rose gold-plated Golden Rose jewel comes in several contrasting color varieties: choose your favorite! Pair it with the coordinating chandelier necklace and earrings or the&#8230;<\/p>","protected":false},"featured_media":303375,"comment_status":"open","ping_status":"closed","template":"","meta":{"jetpack_post_was_ever_published":false},"product_brand":[],"product_cat":[197,730,939,964],"product_tag":[942],"giftcard-category":[],"class_list":{"0":"post-150521","1":"product","2":"type-product","3":"status-publish","4":"has-post-thumbnail","6":"product_cat-bronzallure-rings","7":"product_cat-rings","8":"product_cat-ti-sento-sale-europe","9":"product_cat-summer-sale-ti-sento","10":"product_tag-valentines-day","11":"pa_material-silver","12":"pa_metal-color-rose-gold","13":"pa_size-10-1600","14":"pa_size-12-1650","15":"pa_size-14-1700","16":"pa_size-16-1750","17":"pa_size-18-1800","18":"pa_size-20-1850","19":"pa_size-22-1900","20":"pa_stone-color-red","21":"pa_type-category-rings","23":"first","24":"instock","25":"featured","26":"taxable","27":"shipping-taxable","28":"purchasable","29":"product-type-variable"},"bundled_by":[],"bundle_stock_status":"instock","bundle_stock_quantity":null,"bundle_virtual":false,"bundle_layout":"","bundle_add_to_cart_form_location":"","bundle_editable_in_cart":false,"bundle_sold_individually_context":"","bundle_item_grouping":"","bundle_min_size":"","bundle_max_size":"","bundle_price":[],"bundled_items":[],"bundle_sell_ids":[],"etheme_brands":{"errors":{"invalid_taxonomy":["Lubamatu taksonoomia."]},"error_data":[]},"_links":{"self":[{"href":"https:\/\/glamuur.ee\/et\/wp-json\/wp\/v2\/product\/150521","targetHints":{"allow":["GET"]}}],"collection":[{"href":"https:\/\/glamuur.ee\/et\/wp-json\/wp\/v2\/product"}],"about":[{"href":"https:\/\/glamuur.ee\/et\/wp-json\/wp\/v2\/types\/product"}],"replies":[{"embeddable":true,"href":"https:\/\/glamuur.ee\/et\/wp-json\/wp\/v2\/comments?post=150521"}],"wp:featuredmedia":[{"embeddable":true,"href":"https:\/\/glamuur.ee\/et\/wp-json\/wp\/v2\/media\/303375"}],"wp:attachment":[{"href":"https:\/\/glamuur.ee\/et\/wp-json\/wp\/v2\/media?parent=150521"}],"wp:term":[{"taxonomy":"product_brand","embeddable":true,"href":"https:\/\/glamuur.ee\/et\/wp-json\/wp\/v2\/product_brand?post=150521"},{"taxonomy":"product_cat","embeddable":true,"href":"https:\/\/glamuur.ee\/et\/wp-json\/wp\/v2\/product_cat?post=150521"},{"taxonomy":"product_tag","embeddable":true,"href":"https:\/\/glamuur.ee\/et\/wp-json\/wp\/v2\/product_tag?post=150521"},{"taxonomy":"giftcard-category","embeddable":true,"href":"https:\/\/glamuur.ee\/et\/wp-json\/wp\/v2\/giftcard-category?post=150521"}],"curies":[{"name":"wp","href":"https:\/\/api.w.org\/{rel}","templated":true}]}}