{"id":150277,"date":"2023-03-27T20:35:26","date_gmt":"2023-03-27T20:35:26","guid":{"rendered":"https:\/\/dev.glamuur.ee\/product\/bronzallure-rings-wsbz01729-wm\/"},"modified":"2026-02-23T14:31:13","modified_gmt":"2026-02-23T12:31:13","slug":"pronkskollane-rongad-wsbz01729-wm","status":"publish","type":"product","link":"https:\/\/glamuur.ee\/et\/product\/bronzallure-rings-wsbz01729-wm\/","title":{"rendered":"Bronzallure s\u00f5rmus"},"content":{"rendered":"<p>Bronzallure'i looduskivist s\u00fcdamega s\u00f5rmus on ideaalne kingitus s\u00f5brap\u00e4evaks v\u00f5i lihtsalt selleks, et \u00fcllatada oma kallimat. Magus ja romantiline, see 18 kt roosakullaga kullatud kuldne bjuuks on saadaval musta oon\u00fc\u00fcksi, valge p\u00e4rli v\u00f5i punase kvartsiidi kujul. \u00dchendage see koosk\u00f5lastatud kaelakee v\u00f5i teiste Alba kollektsiooni loomingutega.<br \/>\n- Golden Rose patineeritud sulam 18KT roosakuldne pinnakate Sertifitseeritud looduslikud kivid Disainitud Made in Italy Niklivaba, kaadmiumivaba, h\u00fcpoallergeenne Kivi laius: 1,4 cm<\/p>","protected":false},"excerpt":{"rendered":"<p>The signet ring with heart in natural stone by Bronzallure is the perfect gift for Valentine&#8217;s Day or simply to surprise the one you love. Sweet and romantic, this 18kt rose gold plated Golden Rose bijoux is offered in black onyx, white pearl or red&#8230;<\/p>","protected":false},"featured_media":138764,"comment_status":"open","ping_status":"closed","template":"","meta":{"jetpack_post_was_ever_published":false},"product_brand":[],"product_cat":[197,968,945,730,939,964,941],"product_tag":[942],"giftcard-category":[],"class_list":{"0":"post-150277","1":"product","2":"type-product","3":"status-publish","4":"has-post-thumbnail","6":"product_cat-bronzallure-rings","7":"product_cat-mothers-day-2025-ti-sento","8":"product_cat-pearls","9":"product_cat-rings","10":"product_cat-ti-sento-sale-europe","11":"product_cat-summer-sale-ti-sento","12":"product_cat-valentines-day","13":"product_tag-valentines-day","14":"pa_material-silver","15":"pa_metal-color-rose-gold","16":"pa_size-10-1600","17":"pa_size-12-1650","18":"pa_size-14-1700","19":"pa_size-16-1750","20":"pa_size-18-1800","21":"pa_size-20-1850","22":"pa_size-8-1550","23":"pa_stone-color-pearl","24":"pa_type-category-rings","26":"first","27":"instock","28":"featured","29":"taxable","30":"shipping-taxable","31":"purchasable","32":"product-type-variable"},"bundled_by":[],"bundle_stock_status":"instock","bundle_stock_quantity":null,"bundle_virtual":false,"bundle_layout":"","bundle_add_to_cart_form_location":"","bundle_editable_in_cart":false,"bundle_sold_individually_context":"","bundle_item_grouping":"","bundle_min_size":"","bundle_max_size":"","bundle_price":[],"bundled_items":[],"bundle_sell_ids":[],"etheme_brands":{"errors":{"invalid_taxonomy":["Lubamatu taksonoomia."]},"error_data":[]},"_links":{"self":[{"href":"https:\/\/glamuur.ee\/et\/wp-json\/wp\/v2\/product\/150277","targetHints":{"allow":["GET"]}}],"collection":[{"href":"https:\/\/glamuur.ee\/et\/wp-json\/wp\/v2\/product"}],"about":[{"href":"https:\/\/glamuur.ee\/et\/wp-json\/wp\/v2\/types\/product"}],"replies":[{"embeddable":true,"href":"https:\/\/glamuur.ee\/et\/wp-json\/wp\/v2\/comments?post=150277"}],"wp:featuredmedia":[{"embeddable":true,"href":"https:\/\/glamuur.ee\/et\/wp-json\/wp\/v2\/media\/138764"}],"wp:attachment":[{"href":"https:\/\/glamuur.ee\/et\/wp-json\/wp\/v2\/media?parent=150277"}],"wp:term":[{"taxonomy":"product_brand","embeddable":true,"href":"https:\/\/glamuur.ee\/et\/wp-json\/wp\/v2\/product_brand?post=150277"},{"taxonomy":"product_cat","embeddable":true,"href":"https:\/\/glamuur.ee\/et\/wp-json\/wp\/v2\/product_cat?post=150277"},{"taxonomy":"product_tag","embeddable":true,"href":"https:\/\/glamuur.ee\/et\/wp-json\/wp\/v2\/product_tag?post=150277"},{"taxonomy":"giftcard-category","embeddable":true,"href":"https:\/\/glamuur.ee\/et\/wp-json\/wp\/v2\/giftcard-category?post=150277"}],"curies":[{"name":"wp","href":"https:\/\/api.w.org\/{rel}","templated":true}]}}