{"id":150205,"date":"2023-03-27T20:31:34","date_gmt":"2023-03-27T20:31:34","guid":{"rendered":"https:\/\/dev.glamuur.ee\/product\/bronzallure-rings-wsbz01668-bo\/"},"modified":"2026-02-23T14:31:09","modified_gmt":"2026-02-23T12:31:09","slug":"pronkssoormed-wsbz01668-bo","status":"publish","type":"product","link":"https:\/\/glamuur.ee\/et\/product\/bronzallure-rings-wsbz01668-bo\/","title":{"rendered":"Bronzallure s\u00f5rmus"},"content":{"rendered":"<p>Triloogias\u00f5rmus pakub kogu Bronzallure'i parima k\u00e4sit\u00f6\u00f6oskuse kogemust enneolematu disaini jaoks. Kuldse roosaga kullatud 18-karvalise roosikulla alus sisaldab kolme looduslikku kivi. Ideaalne ehe mis tahes v\u00e4limuse kaunistamiseks. Sobitage seda koosk\u00f5lastatud kaelakee v\u00f5i teiste Felicia kollektsiooni bjuuksidega.<\/p><\/div>\n<p> Golden Rose patenteeritud sulam 18k roosakuldne pinnakate Sertifitseeritud looduslikud kivid Disainitud Made in Italy Niklivaba, kaadmiumivaba, h\u00fcpoallergeeniline<\/p>","protected":false},"excerpt":{"rendered":"<p>The trilogy ring offers all the expertise of Bronzallure&#8217;s finest craftsmanship for an unprecedented design. The Golden Rose base, 18K rose gold plated, incorporates three natural stones. An ideal piece of jewelry to embellish any look. Match it with the coordinating necklace or or the&#8230;<\/p>","protected":false},"featured_media":0,"comment_status":"open","ping_status":"closed","template":"","meta":{"jetpack_post_was_ever_published":false},"product_brand":[],"product_cat":[197,730,939,964],"product_tag":[],"giftcard-category":[],"class_list":{"0":"post-150205","1":"product","2":"type-product","3":"status-publish","5":"product_cat-bronzallure-rings","6":"product_cat-rings","7":"product_cat-ti-sento-sale-europe","8":"product_cat-summer-sale-ti-sento","9":"pa_material-silver","10":"pa_metal-color-rose-gold","11":"pa_size-12-1650","12":"pa_size-14-1700","13":"pa_size-16-1750","14":"pa_size-18-1800","15":"pa_size-20-1850","16":"pa_size-22-1900","17":"pa_stone-color-multicolor","18":"pa_type-category-rings","20":"first","21":"instock","22":"featured","23":"taxable","24":"shipping-taxable","25":"purchasable","26":"product-type-variable"},"bundled_by":[],"bundle_stock_status":"instock","bundle_stock_quantity":null,"bundle_virtual":false,"bundle_layout":"","bundle_add_to_cart_form_location":"","bundle_editable_in_cart":false,"bundle_sold_individually_context":"","bundle_item_grouping":"","bundle_min_size":"","bundle_max_size":"","bundle_price":[],"bundled_items":[],"bundle_sell_ids":[],"etheme_brands":{"errors":{"invalid_taxonomy":["Lubamatu taksonoomia."]},"error_data":[]},"_links":{"self":[{"href":"https:\/\/glamuur.ee\/et\/wp-json\/wp\/v2\/product\/150205","targetHints":{"allow":["GET"]}}],"collection":[{"href":"https:\/\/glamuur.ee\/et\/wp-json\/wp\/v2\/product"}],"about":[{"href":"https:\/\/glamuur.ee\/et\/wp-json\/wp\/v2\/types\/product"}],"replies":[{"embeddable":true,"href":"https:\/\/glamuur.ee\/et\/wp-json\/wp\/v2\/comments?post=150205"}],"wp:attachment":[{"href":"https:\/\/glamuur.ee\/et\/wp-json\/wp\/v2\/media?parent=150205"}],"wp:term":[{"taxonomy":"product_brand","embeddable":true,"href":"https:\/\/glamuur.ee\/et\/wp-json\/wp\/v2\/product_brand?post=150205"},{"taxonomy":"product_cat","embeddable":true,"href":"https:\/\/glamuur.ee\/et\/wp-json\/wp\/v2\/product_cat?post=150205"},{"taxonomy":"product_tag","embeddable":true,"href":"https:\/\/glamuur.ee\/et\/wp-json\/wp\/v2\/product_tag?post=150205"},{"taxonomy":"giftcard-category","embeddable":true,"href":"https:\/\/glamuur.ee\/et\/wp-json\/wp\/v2\/giftcard-category?post=150205"}],"curies":[{"name":"wp","href":"https:\/\/api.w.org\/{rel}","templated":true}]}}