{"id":14976,"date":"2024-06-26T08:17:38","date_gmt":"2024-06-26T05:17:38","guid":{"rendered":"https:\/\/dev.glamuur.ee\/product\/ti-sento-milano-earrings-7764tq\/"},"modified":"2026-04-27T10:30:18","modified_gmt":"2026-04-27T07:30:18","slug":"ti-sento-milano-korvarongad-7764tq","status":"publish","type":"product","link":"https:\/\/glamuur.ee\/et\/product\/ti-sento-milano-earrings-7764tq\/","title":{"rendered":"TI SENTO - Milano k\u00f5rvar\u00f5ngad"},"content":{"rendered":"<p>Klassikaline kreoolipaar, millel on rafineeritud v\u00e4limus. Kreoolid paistavad silma t\u00e4nu uhketele t\u00fcrkiissinistele kristallidele, mis annavad sellele v\u00e4rske v\u00e4limuse. Stiilne disain ja puhas h\u00f5be annavad tulemuseks stiilse paari kreoolid, mis on valmistatud kullassepa standardite j\u00e4rgi. Ikoonilised kreoolid, mis annavad teie v\u00e4limusele s\u00e4ra t\u00e4nu roodiumkihile, mis pakub t\u00e4iendavat kaitset ja pimestavat s\u00e4ra. Kombineerige neid TI SENTO - Milano kollektsiooni t\u00fcrkiisi v\u00f5i kuldse v\u00e4rvusega esemetega ja varastage show. Me armastame oma k\u00e4ed m\u00e4\u00e4rida, et sinu oma s\u00e4raksutada.<\/p>","protected":false},"excerpt":{"rendered":"<p>A classic pair of creoles with a sophisticated swag. The creoles stand out thanks to the gorgeous turquoise crystals that give it a fresh look. The sleek design and the pure silver result in a classy pair of creoles crafted following goldsmith standards. Iconic creoles&#8230;<\/p>","protected":false},"featured_media":14977,"comment_status":"open","ping_status":"closed","template":"","meta":{"jetpack_post_was_ever_published":false},"product_brand":[],"product_cat":[725,794,980,964,72,150],"product_tag":[1059],"giftcard-category":[],"class_list":{"0":"post-14976","1":"product","2":"type-product","3":"status-publish","4":"has-post-thumbnail","6":"product_cat-earrings","7":"product_cat-gift-ideas-up-to-100e","8":"product_cat-ready-for-vacation","9":"product_cat-summer-sale-ti-sento","10":"product_cat-ti-sento-milano","11":"product_cat-ti-sento-milano-basic-earrings","12":"product_tag-jarve-kk","13":"pa_material-silver","14":"pa_metal-color-silver","15":"pa_product-brand-ti-sento-milano","16":"pa_stone-color-turquoise","17":"pa_type-category-earrings","19":"first","20":"instock","21":"sale","22":"featured","23":"taxable","24":"shipping-taxable","25":"purchasable","26":"product-type-simple"},"bundled_by":[],"bundle_stock_status":"instock","bundle_stock_quantity":18,"bundle_virtual":false,"bundle_layout":"","bundle_add_to_cart_form_location":"","bundle_editable_in_cart":false,"bundle_sold_individually_context":"","bundle_item_grouping":"","bundle_min_size":"","bundle_max_size":"","bundle_price":[],"bundled_items":[],"bundle_sell_ids":[],"etheme_brands":{"errors":{"invalid_taxonomy":["Lubamatu taksonoomia."]},"error_data":[]},"_links":{"self":[{"href":"https:\/\/glamuur.ee\/et\/wp-json\/wp\/v2\/product\/14976","targetHints":{"allow":["GET"]}}],"collection":[{"href":"https:\/\/glamuur.ee\/et\/wp-json\/wp\/v2\/product"}],"about":[{"href":"https:\/\/glamuur.ee\/et\/wp-json\/wp\/v2\/types\/product"}],"replies":[{"embeddable":true,"href":"https:\/\/glamuur.ee\/et\/wp-json\/wp\/v2\/comments?post=14976"}],"wp:featuredmedia":[{"embeddable":true,"href":"https:\/\/glamuur.ee\/et\/wp-json\/wp\/v2\/media\/14977"}],"wp:attachment":[{"href":"https:\/\/glamuur.ee\/et\/wp-json\/wp\/v2\/media?parent=14976"}],"wp:term":[{"taxonomy":"product_brand","embeddable":true,"href":"https:\/\/glamuur.ee\/et\/wp-json\/wp\/v2\/product_brand?post=14976"},{"taxonomy":"product_cat","embeddable":true,"href":"https:\/\/glamuur.ee\/et\/wp-json\/wp\/v2\/product_cat?post=14976"},{"taxonomy":"product_tag","embeddable":true,"href":"https:\/\/glamuur.ee\/et\/wp-json\/wp\/v2\/product_tag?post=14976"},{"taxonomy":"giftcard-category","embeddable":true,"href":"https:\/\/glamuur.ee\/et\/wp-json\/wp\/v2\/giftcard-category?post=14976"}],"curies":[{"name":"wp","href":"https:\/\/api.w.org\/{rel}","templated":true}]}}