{"id":149595,"date":"2023-03-27T19:58:55","date_gmt":"2023-03-27T19:58:55","guid":{"rendered":"https:\/\/dev.glamuur.ee\/product\/bronzallure-rings-wsbz01126-wr\/"},"modified":"2025-09-11T17:54:29","modified_gmt":"2025-09-11T14:54:29","slug":"pronkssoormed-wsbz01126-wr","status":"publish","type":"product","link":"https:\/\/glamuur.ee\/et\/product\/bronzallure-rings-wsbz01126-wr\/","title":{"rendered":"Bronzallure s\u00f5rmus"},"content":{"rendered":"<p>Meie \u00f6\u00f6 ja p\u00e4ev Altissima kuubiliste tsirkooniumide kollektsioonist: ruudukujuline pav\u00e9-s\u00f5rmus on kaasaegne h\u00e4davajalik s\u00f5rmus, milles segunevad eksimatu 18 kt roosakullaga kaetud Golden Rose ja kooniline s\u00f5rmus, igap\u00e4evane ilu ja mugavus.<br \/>\n- Golden Rose patenditud sulam 18KT roosakuldne pinnakate Disainitud Made in Italy Niklivaba, kaadmiumivaba, h\u00fcpoallergeenne Ruudu suurus: 1,6 cm<\/p>","protected":false},"excerpt":{"rendered":"<p>From our night and day Altissima collection of cubic zirconia: the squared pav\u00e9 ring is a modern essential blending the unmistakable 18kt rose gold plated Golden Rose with a tapered ring, everyday beauty and comfort. \u2022 Golden Rose patended alloy 18KT rose gold plating Designed&#8230;<\/p>","protected":false},"featured_media":0,"comment_status":"open","ping_status":"closed","template":"","meta":{"jetpack_post_was_ever_published":false},"product_brand":[],"product_cat":[197,730,939,964],"product_tag":[],"giftcard-category":[],"class_list":{"0":"post-149595","1":"product","2":"type-product","3":"status-publish","5":"product_cat-bronzallure-rings","6":"product_cat-rings","7":"product_cat-ti-sento-sale-europe","8":"product_cat-summer-sale-ti-sento","9":"pa_material-silver","10":"pa_metal-color-rose-gold","11":"pa_size-14-1700","12":"pa_size-16-1750","13":"pa_size-18-1800","14":"pa_size-20-1850","15":"pa_stone-color-white","16":"pa_type-category-rings","18":"first","19":"instock","20":"featured","21":"taxable","22":"shipping-taxable","23":"purchasable","24":"product-type-variable"},"bundled_by":[],"bundle_stock_status":"instock","bundle_stock_quantity":null,"bundle_virtual":false,"bundle_layout":"","bundle_add_to_cart_form_location":"","bundle_editable_in_cart":false,"bundle_sold_individually_context":"","bundle_item_grouping":"","bundle_min_size":"","bundle_max_size":"","bundle_price":[],"bundled_items":[],"bundle_sell_ids":[],"etheme_brands":{"errors":{"invalid_taxonomy":["Lubamatu taksonoomia."]},"error_data":[]},"_links":{"self":[{"href":"https:\/\/glamuur.ee\/et\/wp-json\/wp\/v2\/product\/149595","targetHints":{"allow":["GET"]}}],"collection":[{"href":"https:\/\/glamuur.ee\/et\/wp-json\/wp\/v2\/product"}],"about":[{"href":"https:\/\/glamuur.ee\/et\/wp-json\/wp\/v2\/types\/product"}],"replies":[{"embeddable":true,"href":"https:\/\/glamuur.ee\/et\/wp-json\/wp\/v2\/comments?post=149595"}],"wp:attachment":[{"href":"https:\/\/glamuur.ee\/et\/wp-json\/wp\/v2\/media?parent=149595"}],"wp:term":[{"taxonomy":"product_brand","embeddable":true,"href":"https:\/\/glamuur.ee\/et\/wp-json\/wp\/v2\/product_brand?post=149595"},{"taxonomy":"product_cat","embeddable":true,"href":"https:\/\/glamuur.ee\/et\/wp-json\/wp\/v2\/product_cat?post=149595"},{"taxonomy":"product_tag","embeddable":true,"href":"https:\/\/glamuur.ee\/et\/wp-json\/wp\/v2\/product_tag?post=149595"},{"taxonomy":"giftcard-category","embeddable":true,"href":"https:\/\/glamuur.ee\/et\/wp-json\/wp\/v2\/giftcard-category?post=149595"}],"curies":[{"name":"wp","href":"https:\/\/api.w.org\/{rel}","templated":true}]}}