{"id":149532,"date":"2023-03-27T19:55:23","date_gmt":"2023-03-27T19:55:23","guid":{"rendered":"https:\/\/dev.glamuur.ee\/product\/bronzallure-rings-wsbz01046-b\/"},"modified":"2026-02-23T14:31:09","modified_gmt":"2026-02-23T12:31:09","slug":"pronkskollane-rongad-wsbz01046-b","status":"publish","type":"product","link":"https:\/\/glamuur.ee\/et\/product\/bronzallure-rings-wsbz01046-b\/","title":{"rendered":"Bronzallure s\u00f5rmus"},"content":{"rendered":"<p>T\u00e4histage armastust selle Bronzallure'i allkirjastatud s\u00fcnnikivis\u00f5rmusega. Magus ja romantiline, see 18k roosaga kullatud Golden Rose'i bjuuks on saadaval musta oon\u00fc\u00fcksi, sinise kaltsedoni, roosakvartsi, rohelise akaadi ja ploomi akaadi kujul. \u00dchendage see koosk\u00f5lastatud kaelakee v\u00f5i teiste Incanto kollektsiooni toodetega.<\/p><\/div>\n<p> Golden Rose patenteeritud sulam 18k roosakuldne pinnakate Sertifitseeritud looduslikud kivid Disainitud Made in Italy Niklivaba, kaadmiumivaba, h\u00fcpoallergeenne Kivi l\u00e4bim\u00f5\u00f5t: 2,3 cm<\/p>","protected":false},"excerpt":{"rendered":"<p>Celebrate love with this Bronzallure signature birthstone heart ring. Sweet and romantic, this 18k rose gold-plated Golden Rose bijoux is offered in black onyx, blue chalcedony, rose quartz, green agate and plum agate. Pair it with coordinating necklaces or other creations from the Incanto collection&#8230;.<\/p>","protected":false},"featured_media":303380,"comment_status":"open","ping_status":"closed","template":"","meta":{"jetpack_post_was_ever_published":false},"product_brand":[],"product_cat":[197,730,939,964,941],"product_tag":[942],"giftcard-category":[],"class_list":{"0":"post-149532","1":"product","2":"type-product","3":"status-publish","4":"has-post-thumbnail","6":"product_cat-bronzallure-rings","7":"product_cat-rings","8":"product_cat-ti-sento-sale-europe","9":"product_cat-summer-sale-ti-sento","10":"product_cat-valentines-day","11":"product_tag-valentines-day","12":"pa_material-silver","13":"pa_metal-color-rose-gold","14":"pa_size-12-1650","15":"pa_size-14-1700","16":"pa_size-16-1750","17":"pa_size-18-1800","18":"pa_size-20-1850","19":"pa_stone-color-black","20":"pa_type-category-rings","22":"first","23":"instock","24":"featured","25":"taxable","26":"shipping-taxable","27":"purchasable","28":"product-type-variable"},"bundled_by":[],"bundle_stock_status":"instock","bundle_stock_quantity":null,"bundle_virtual":false,"bundle_layout":"","bundle_add_to_cart_form_location":"","bundle_editable_in_cart":false,"bundle_sold_individually_context":"","bundle_item_grouping":"","bundle_min_size":"","bundle_max_size":"","bundle_price":[],"bundled_items":[],"bundle_sell_ids":[],"etheme_brands":{"errors":{"invalid_taxonomy":["Lubamatu taksonoomia."]},"error_data":[]},"_links":{"self":[{"href":"https:\/\/glamuur.ee\/et\/wp-json\/wp\/v2\/product\/149532","targetHints":{"allow":["GET"]}}],"collection":[{"href":"https:\/\/glamuur.ee\/et\/wp-json\/wp\/v2\/product"}],"about":[{"href":"https:\/\/glamuur.ee\/et\/wp-json\/wp\/v2\/types\/product"}],"replies":[{"embeddable":true,"href":"https:\/\/glamuur.ee\/et\/wp-json\/wp\/v2\/comments?post=149532"}],"wp:featuredmedia":[{"embeddable":true,"href":"https:\/\/glamuur.ee\/et\/wp-json\/wp\/v2\/media\/303380"}],"wp:attachment":[{"href":"https:\/\/glamuur.ee\/et\/wp-json\/wp\/v2\/media?parent=149532"}],"wp:term":[{"taxonomy":"product_brand","embeddable":true,"href":"https:\/\/glamuur.ee\/et\/wp-json\/wp\/v2\/product_brand?post=149532"},{"taxonomy":"product_cat","embeddable":true,"href":"https:\/\/glamuur.ee\/et\/wp-json\/wp\/v2\/product_cat?post=149532"},{"taxonomy":"product_tag","embeddable":true,"href":"https:\/\/glamuur.ee\/et\/wp-json\/wp\/v2\/product_tag?post=149532"},{"taxonomy":"giftcard-category","embeddable":true,"href":"https:\/\/glamuur.ee\/et\/wp-json\/wp\/v2\/giftcard-category?post=149532"}],"curies":[{"name":"wp","href":"https:\/\/api.w.org\/{rel}","templated":true}]}}