{"id":149035,"date":"2023-03-27T19:30:34","date_gmt":"2023-03-27T19:30:34","guid":{"rendered":"https:\/\/dev.glamuur.ee\/product\/bronzallure-rings-wsbz00589-r-po\/"},"modified":"2025-09-12T15:06:22","modified_gmt":"2025-09-12T12:06:22","slug":"pronkssoorikud-wsbz00589-r-po-2","status":"publish","type":"product","link":"https:\/\/glamuur.ee\/et\/product\/bronzallure-rings-wsbz00589-r-po-2\/","title":{"rendered":"Bronzallure s\u00f5rmus"},"content":{"rendered":"<p>Fatseteeritud loodusliku kivi ja mikropav\u00e9ga chevalier-s\u00f5rmus, mis on alati kuulunud Bronzallure'i enim m\u00fc\u00fcdud toodete hulka. Kuldse roosaga, 18K roosakullaga kaetud, maksimaalse mahuga ehe, mis sobib ideaalselt teie v\u00e4limuse kaunistamiseks. \u00dchendage see s\u00f5rmus sobiva kaelakee ja k\u00e4ev\u00f5rudega v\u00f5i teiste Alba kollektsiooni ehetega.<br \/>\n- Patenteeritud Golden Rose sulam 18k roosakuldne pinnakate Sertifitseeritud looduslikud kivid Disainitud Made in Italy Niklivaba, kaadmiumivaba, h\u00fcpoallergeenne Kivi laius: 20 mm<\/p>","protected":false},"excerpt":{"rendered":"<p>A chevalier ring with faceted natural stone and micro pav\u00e9 that has always been among Bronzallure&#8217;s best sellers. A jewel in Golden Rose, 18K rose gold plated, with a maxi volume, perfect to embellish your looks. Pair this ring with the matching necklace and bracelets&#8230;<\/p>","protected":false},"featured_media":0,"comment_status":"open","ping_status":"closed","template":"","meta":{"jetpack_post_was_ever_published":false},"product_brand":[],"product_cat":[197,730,939,964],"product_tag":[],"giftcard-category":[],"class_list":{"0":"post-149035","1":"product","2":"type-product","3":"status-publish","5":"product_cat-bronzallure-rings","6":"product_cat-rings","7":"product_cat-ti-sento-sale-europe","8":"product_cat-summer-sale-ti-sento","9":"pa_material-silver","10":"pa_metal-color-rose-gold","11":"pa_size-10-1600","12":"pa_size-12-1650","13":"pa_size-14-1700","14":"pa_size-16-1750","15":"pa_size-18-1800","16":"pa_size-20-1850","17":"pa_size-22-1900","18":"pa_stone-color-pink","19":"pa_type-category-rings","21":"first","22":"instock","23":"featured","24":"taxable","25":"shipping-taxable","26":"purchasable","27":"product-type-variable"},"bundled_by":[],"bundle_stock_status":"instock","bundle_stock_quantity":null,"bundle_virtual":false,"bundle_layout":"","bundle_add_to_cart_form_location":"","bundle_editable_in_cart":false,"bundle_sold_individually_context":"","bundle_item_grouping":"","bundle_min_size":"","bundle_max_size":"","bundle_price":[],"bundled_items":[],"bundle_sell_ids":[],"etheme_brands":{"errors":{"invalid_taxonomy":["Lubamatu taksonoomia."]},"error_data":[]},"_links":{"self":[{"href":"https:\/\/glamuur.ee\/et\/wp-json\/wp\/v2\/product\/149035","targetHints":{"allow":["GET"]}}],"collection":[{"href":"https:\/\/glamuur.ee\/et\/wp-json\/wp\/v2\/product"}],"about":[{"href":"https:\/\/glamuur.ee\/et\/wp-json\/wp\/v2\/types\/product"}],"replies":[{"embeddable":true,"href":"https:\/\/glamuur.ee\/et\/wp-json\/wp\/v2\/comments?post=149035"}],"wp:attachment":[{"href":"https:\/\/glamuur.ee\/et\/wp-json\/wp\/v2\/media?parent=149035"}],"wp:term":[{"taxonomy":"product_brand","embeddable":true,"href":"https:\/\/glamuur.ee\/et\/wp-json\/wp\/v2\/product_brand?post=149035"},{"taxonomy":"product_cat","embeddable":true,"href":"https:\/\/glamuur.ee\/et\/wp-json\/wp\/v2\/product_cat?post=149035"},{"taxonomy":"product_tag","embeddable":true,"href":"https:\/\/glamuur.ee\/et\/wp-json\/wp\/v2\/product_tag?post=149035"},{"taxonomy":"giftcard-category","embeddable":true,"href":"https:\/\/glamuur.ee\/et\/wp-json\/wp\/v2\/giftcard-category?post=149035"}],"curies":[{"name":"wp","href":"https:\/\/api.w.org\/{rel}","templated":true}]}}