{"id":148929,"date":"2023-03-27T19:24:44","date_gmt":"2023-03-27T19:24:44","guid":{"rendered":"https:\/\/dev.glamuur.ee\/product\/bronzallure-rings-wsbz00555-wr\/"},"modified":"2026-01-26T16:25:42","modified_gmt":"2026-01-26T14:25:42","slug":"pronkssoorikud-wsbz00555-wr","status":"publish","type":"product","link":"https:\/\/glamuur.ee\/et\/product\/bronzallure-rings-wsbz00555-wr\/","title":{"rendered":"Bronzallure s\u00f5rmus"},"content":{"rendered":"<p>Bronzallure'i mitmeahelaline s\u00f5rmus \u00fchendab 18-kilose roosakullaga kaetud Golden Rose'i s\u00e4ravate valgete kuubikuliste tsirkooniatega detailidega. S\u00e4rava ehete peenelt t\u00f6\u00f6deldud ja helendavate kividega kaunistatud ehe, mis on alati t\u00e4iuslik. \u00dchendage see s\u00f5rmus teiste kohapeal olevate pave-kreemidega ja t\u00e4iustage paruuri.<br \/>\n- Golden Rose patenditud sulam 18KT roosakuldne pinnakate Sertifitseeritud looduslikud kivid Disainitud Made in Italy Niklivaba, kaadmiumivaba, h\u00fcpoallergeeniline <\/p>","protected":false},"excerpt":{"rendered":"<p>The multi-strand ring by Bronzallure pairs the 18kt rose gold plated Golden Rose with brilliant white cubic zirconia details. A sparkling jewel finely crafted and embellished with luminous stones to always be perfect. Pair this ring with the other pave creations on the site and&#8230;<\/p>","protected":false},"featured_media":0,"comment_status":"open","ping_status":"closed","template":"","meta":{"jetpack_post_was_ever_published":false},"product_brand":[],"product_cat":[197,730,939,964],"product_tag":[],"giftcard-category":[],"class_list":{"0":"post-148929","1":"product","2":"type-product","3":"status-publish","5":"product_cat-bronzallure-rings","6":"product_cat-rings","7":"product_cat-ti-sento-sale-europe","8":"product_cat-summer-sale-ti-sento","9":"pa_material-silver","10":"pa_metal-color-rose-gold","11":"pa_size-10-1600","12":"pa_size-12-1650","13":"pa_size-14-1700","14":"pa_size-16-1750","15":"pa_size-18-1800","16":"pa_size-20-1850","17":"pa_size-22-1900","18":"pa_stone-color-white","19":"pa_type-category-rings","21":"first","22":"instock","23":"featured","24":"taxable","25":"shipping-taxable","26":"purchasable","27":"product-type-variable"},"bundled_by":[],"bundle_stock_status":"instock","bundle_stock_quantity":null,"bundle_virtual":false,"bundle_layout":"","bundle_add_to_cart_form_location":"","bundle_editable_in_cart":false,"bundle_sold_individually_context":"","bundle_item_grouping":"","bundle_min_size":"","bundle_max_size":"","bundle_price":[],"bundled_items":[],"bundle_sell_ids":[],"etheme_brands":{"errors":{"invalid_taxonomy":["Lubamatu taksonoomia."]},"error_data":[]},"_links":{"self":[{"href":"https:\/\/glamuur.ee\/et\/wp-json\/wp\/v2\/product\/148929","targetHints":{"allow":["GET"]}}],"collection":[{"href":"https:\/\/glamuur.ee\/et\/wp-json\/wp\/v2\/product"}],"about":[{"href":"https:\/\/glamuur.ee\/et\/wp-json\/wp\/v2\/types\/product"}],"replies":[{"embeddable":true,"href":"https:\/\/glamuur.ee\/et\/wp-json\/wp\/v2\/comments?post=148929"}],"wp:attachment":[{"href":"https:\/\/glamuur.ee\/et\/wp-json\/wp\/v2\/media?parent=148929"}],"wp:term":[{"taxonomy":"product_brand","embeddable":true,"href":"https:\/\/glamuur.ee\/et\/wp-json\/wp\/v2\/product_brand?post=148929"},{"taxonomy":"product_cat","embeddable":true,"href":"https:\/\/glamuur.ee\/et\/wp-json\/wp\/v2\/product_cat?post=148929"},{"taxonomy":"product_tag","embeddable":true,"href":"https:\/\/glamuur.ee\/et\/wp-json\/wp\/v2\/product_tag?post=148929"},{"taxonomy":"giftcard-category","embeddable":true,"href":"https:\/\/glamuur.ee\/et\/wp-json\/wp\/v2\/giftcard-category?post=148929"}],"curies":[{"name":"wp","href":"https:\/\/api.w.org\/{rel}","templated":true}]}}