{"id":148906,"date":"2023-03-27T19:23:35","date_gmt":"2023-03-27T19:23:35","guid":{"rendered":"https:\/\/dev.glamuur.ee\/product\/bronzallure-rings-wsbz00526-wr\/"},"modified":"2025-09-11T17:55:06","modified_gmt":"2025-09-11T14:55:06","slug":"pronkssoorikud-wsbz00526-wr","status":"publish","type":"product","link":"https:\/\/glamuur.ee\/et\/product\/bronzallure-rings-wsbz00526-wr\/","title":{"rendered":"Bronzallure s\u00f5rmus"},"content":{"rendered":"<p>\u00dcmarate leekidega s\u00f5rmus, millel on kumerad ja hellitavad mahud, ajatu elegantsi disainijuveel. Mitmek\u00fclgsus ja kaasaegne stiil on \u00fchendatud unikaalse disainiga, nagu kahe leegi embus. Avastage rida CZ ja mustade spinellidega, et saada kirevam versioon, esitage v\u00e4ljakutse konventsioonidele mustade ja valgete kombinatsioonidega.<br \/>\n- Patenteeritud Golden Rose sulam 18KT roosakuldne pinnakate Disainitud ja valmistatud Itaalias Niklivaba, kaadmiumivaba, h\u00fcpoallergeenne Laius: 2,1 cm<\/p>","protected":false},"excerpt":{"rendered":"<p>A ring with rounded flame design with sinuous and caressing volumes, a design jewel of timeless elegance. Versatility and modern style are combined with a unique design, like the embrace of two flames. Discover the line with CZ and with black spinels for a grittier&#8230;<\/p>","protected":false},"featured_media":0,"comment_status":"open","ping_status":"closed","template":"","meta":{"jetpack_post_was_ever_published":false},"product_brand":[],"product_cat":[197,730,939,964],"product_tag":[],"giftcard-category":[],"class_list":{"0":"post-148906","1":"product","2":"type-product","3":"status-publish","5":"product_cat-bronzallure-rings","6":"product_cat-rings","7":"product_cat-ti-sento-sale-europe","8":"product_cat-summer-sale-ti-sento","9":"pa_material-silver","10":"pa_metal-color-rose-gold","11":"pa_size-10-1600","12":"pa_size-12-1650","13":"pa_size-14-1700","14":"pa_size-16-1750","15":"pa_size-18-1800","16":"pa_size-20-1850","17":"pa_stone-color-white","18":"pa_type-category-rings","20":"first","21":"instock","22":"featured","23":"taxable","24":"shipping-taxable","25":"purchasable","26":"product-type-variable"},"bundled_by":[],"bundle_stock_status":"instock","bundle_stock_quantity":null,"bundle_virtual":false,"bundle_layout":"","bundle_add_to_cart_form_location":"","bundle_editable_in_cart":false,"bundle_sold_individually_context":"","bundle_item_grouping":"","bundle_min_size":"","bundle_max_size":"","bundle_price":[],"bundled_items":[],"bundle_sell_ids":[],"etheme_brands":{"errors":{"invalid_taxonomy":["Lubamatu taksonoomia."]},"error_data":[]},"_links":{"self":[{"href":"https:\/\/glamuur.ee\/et\/wp-json\/wp\/v2\/product\/148906","targetHints":{"allow":["GET"]}}],"collection":[{"href":"https:\/\/glamuur.ee\/et\/wp-json\/wp\/v2\/product"}],"about":[{"href":"https:\/\/glamuur.ee\/et\/wp-json\/wp\/v2\/types\/product"}],"replies":[{"embeddable":true,"href":"https:\/\/glamuur.ee\/et\/wp-json\/wp\/v2\/comments?post=148906"}],"wp:attachment":[{"href":"https:\/\/glamuur.ee\/et\/wp-json\/wp\/v2\/media?parent=148906"}],"wp:term":[{"taxonomy":"product_brand","embeddable":true,"href":"https:\/\/glamuur.ee\/et\/wp-json\/wp\/v2\/product_brand?post=148906"},{"taxonomy":"product_cat","embeddable":true,"href":"https:\/\/glamuur.ee\/et\/wp-json\/wp\/v2\/product_cat?post=148906"},{"taxonomy":"product_tag","embeddable":true,"href":"https:\/\/glamuur.ee\/et\/wp-json\/wp\/v2\/product_tag?post=148906"},{"taxonomy":"giftcard-category","embeddable":true,"href":"https:\/\/glamuur.ee\/et\/wp-json\/wp\/v2\/giftcard-category?post=148906"}],"curies":[{"name":"wp","href":"https:\/\/api.w.org\/{rel}","templated":true}]}}