{"id":148744,"date":"2023-03-27T19:14:52","date_gmt":"2023-03-27T19:14:52","guid":{"rendered":"https:\/\/dev.glamuur.ee\/product\/bronzallure-rings-wsbz00014-s\/"},"modified":"2025-09-11T17:55:22","modified_gmt":"2025-09-11T14:55:22","slug":"pronkssoormed-wsbz00014-s","status":"publish","type":"product","link":"https:\/\/glamuur.ee\/et\/product\/bronzallure-rings-wsbz00014-s\/","title":{"rendered":"Bronzallure s\u00f5rmus"},"content":{"rendered":"<p>Autentne Itaalias valmistatud julge ruudukujuline s\u00f5rmus, millel on Bronzallure MILANO patenteeritud 18KT roosakullatud ikooniline segu. Suurep\u00e4rane k\u00e4sit\u00f6\u00f6 vastab valitud materjalidele ja mitmetahulistele, s\u00e4ravatele l\u00f5igetele. Nautige parimaid Made in Italy ehteid ja tundke ehtsate looduslike kivide ilu: ruudukujuline, siledate servadega maksir\u00f5ngas, mis sisaldab ehtsate poolv\u00e4\u00e4riskivide maagilisi v\u00e4rvitoone ja valgust. Sirvige meie veebivalikut ja v\u00f5tke aega, et sirvida kaupluses Itaalia disainilahendusi, mida on lihtne kanda. Kujundage oma isikup\u00e4rane stiil, millel on h\u00f5nguline glamuur: kombineerige ja kombineerige meie laia valikut s\u00f5rmuseid, kokteilis\u00f5rmuseid, k\u00f5rvar\u00f5ngaid ja kaelakeesid, kandke neid hommikust \u00f5htuni. Kunagi ei ole liiga hilja, et julgeda taskukohase luksuse stiili iga p\u00e4ev. - Kood: WSBZ00014<\/p>","protected":false},"excerpt":{"rendered":"<p>An authentic made in Italy bold square ring, featuring the iconic 18KT rose gold plated patented blend by Bronzallure MILANO. Sublime craftsmanship meets selected materials and multi-faceted, luminous cuts. Enjoy the best of Made in Italy jewelry and feel the beauty of genuine natural stones:&#8230;<\/p>","protected":false},"featured_media":0,"comment_status":"open","ping_status":"closed","template":"","meta":{"jetpack_post_was_ever_published":false},"product_brand":[],"product_cat":[197,730,939,964],"product_tag":[],"giftcard-category":[],"class_list":{"0":"post-148744","1":"product","2":"type-product","3":"status-publish","5":"product_cat-bronzallure-rings","6":"product_cat-rings","7":"product_cat-ti-sento-sale-europe","8":"product_cat-summer-sale-ti-sento","9":"pa_material-silver","10":"pa_metal-color-rose-gold","11":"pa_size-10-1600","12":"pa_size-12-1650","13":"pa_size-14-1700","14":"pa_size-16-1750","15":"pa_size-18-1800","16":"pa_size-20-1850","17":"pa_stone-color-brown","18":"pa_type-category-rings","20":"first","21":"instock","22":"featured","23":"taxable","24":"shipping-taxable","25":"product-type-variable"},"bundled_by":[],"bundle_stock_status":"instock","bundle_stock_quantity":3,"bundle_virtual":false,"bundle_layout":"","bundle_add_to_cart_form_location":"","bundle_editable_in_cart":false,"bundle_sold_individually_context":"","bundle_item_grouping":"","bundle_min_size":"","bundle_max_size":"","bundle_price":[],"bundled_items":[],"bundle_sell_ids":[],"etheme_brands":{"errors":{"invalid_taxonomy":["Lubamatu taksonoomia."]},"error_data":[]},"_links":{"self":[{"href":"https:\/\/glamuur.ee\/et\/wp-json\/wp\/v2\/product\/148744","targetHints":{"allow":["GET"]}}],"collection":[{"href":"https:\/\/glamuur.ee\/et\/wp-json\/wp\/v2\/product"}],"about":[{"href":"https:\/\/glamuur.ee\/et\/wp-json\/wp\/v2\/types\/product"}],"replies":[{"embeddable":true,"href":"https:\/\/glamuur.ee\/et\/wp-json\/wp\/v2\/comments?post=148744"}],"wp:attachment":[{"href":"https:\/\/glamuur.ee\/et\/wp-json\/wp\/v2\/media?parent=148744"}],"wp:term":[{"taxonomy":"product_brand","embeddable":true,"href":"https:\/\/glamuur.ee\/et\/wp-json\/wp\/v2\/product_brand?post=148744"},{"taxonomy":"product_cat","embeddable":true,"href":"https:\/\/glamuur.ee\/et\/wp-json\/wp\/v2\/product_cat?post=148744"},{"taxonomy":"product_tag","embeddable":true,"href":"https:\/\/glamuur.ee\/et\/wp-json\/wp\/v2\/product_tag?post=148744"},{"taxonomy":"giftcard-category","embeddable":true,"href":"https:\/\/glamuur.ee\/et\/wp-json\/wp\/v2\/giftcard-category?post=148744"}],"curies":[{"name":"wp","href":"https:\/\/api.w.org\/{rel}","templated":true}]}}