{"id":148567,"date":"2023-03-27T19:05:29","date_gmt":"2023-03-27T19:05:29","guid":{"rendered":"https:\/\/dev.glamuur.ee\/product\/bronzallure-rings-wsbz00013-mz\/"},"modified":"2025-09-11T17:55:29","modified_gmt":"2025-09-11T14:55:29","slug":"pronkssoormed-wsbz00013-mz","status":"publish","type":"product","link":"https:\/\/glamuur.ee\/et\/product\/bronzallure-rings-wsbz00013-mz\/","title":{"rendered":"Bronzallure s\u00f5rmus"},"content":{"rendered":"<p>\u00d5rn ja eksimatu, see lihvitud s\u00fcnnikivi kokteilis\u00f5rmus on kaasaegne ja elegantne. 18-karaadise roosakullaga kullatud Golden Rose ehteid on saadaval mitmes v\u00e4rvitoonis. Valige oma lemmik ja \u00fchendage see koordineeriva kaelakee v\u00f5i teiste kollektsiooni ehetega.<\/p><\/div>\n<p> Patenteeritud Golden Rose sulam 18K roosakuldne pinnakate Sertifitseeritud looduslikud kivid Disainitud Made in Italy Niklivaba, kaadmiumivaba, h\u00fcpoallergeenne Kivi l\u00e4bim\u00f5\u00f5t: 12 mm<\/p>","protected":false},"excerpt":{"rendered":"<p>Delicate and unmistakable, this faceted birthstone cocktail ring is contemporary and elegant. The 18-karat rose gold-plated Golden Rose jewelry is available in several color varieties. Choose your favorite and pair it with the coordinating necklace or other jewelry in the collection. Patented Golden Rose alloy&#8230;<\/p>","protected":false},"featured_media":0,"comment_status":"open","ping_status":"closed","template":"","meta":{"jetpack_post_was_ever_published":false},"product_brand":[],"product_cat":[197,730,939,964],"product_tag":[],"giftcard-category":[],"class_list":{"0":"post-148567","1":"product","2":"type-product","3":"status-publish","5":"product_cat-bronzallure-rings","6":"product_cat-rings","7":"product_cat-ti-sento-sale-europe","8":"product_cat-summer-sale-ti-sento","9":"pa_material-silver","10":"pa_metal-color-rose-gold","11":"pa_size-10-1600","12":"pa_size-12-1650","13":"pa_size-14-1700","14":"pa_size-16-1750","15":"pa_size-18-1800","16":"pa_size-20-1850","17":"pa_size-22-1900","18":"pa_size-8-1550","19":"pa_stone-color-red","20":"pa_type-category-rings","22":"first","23":"instock","24":"featured","25":"taxable","26":"shipping-taxable","27":"product-type-variable"},"bundled_by":[],"bundle_stock_status":"instock","bundle_stock_quantity":3,"bundle_virtual":false,"bundle_layout":"","bundle_add_to_cart_form_location":"","bundle_editable_in_cart":false,"bundle_sold_individually_context":"","bundle_item_grouping":"","bundle_min_size":"","bundle_max_size":"","bundle_price":[],"bundled_items":[],"bundle_sell_ids":[],"etheme_brands":{"errors":{"invalid_taxonomy":["Lubamatu taksonoomia."]},"error_data":[]},"_links":{"self":[{"href":"https:\/\/glamuur.ee\/et\/wp-json\/wp\/v2\/product\/148567","targetHints":{"allow":["GET"]}}],"collection":[{"href":"https:\/\/glamuur.ee\/et\/wp-json\/wp\/v2\/product"}],"about":[{"href":"https:\/\/glamuur.ee\/et\/wp-json\/wp\/v2\/types\/product"}],"replies":[{"embeddable":true,"href":"https:\/\/glamuur.ee\/et\/wp-json\/wp\/v2\/comments?post=148567"}],"wp:attachment":[{"href":"https:\/\/glamuur.ee\/et\/wp-json\/wp\/v2\/media?parent=148567"}],"wp:term":[{"taxonomy":"product_brand","embeddable":true,"href":"https:\/\/glamuur.ee\/et\/wp-json\/wp\/v2\/product_brand?post=148567"},{"taxonomy":"product_cat","embeddable":true,"href":"https:\/\/glamuur.ee\/et\/wp-json\/wp\/v2\/product_cat?post=148567"},{"taxonomy":"product_tag","embeddable":true,"href":"https:\/\/glamuur.ee\/et\/wp-json\/wp\/v2\/product_tag?post=148567"},{"taxonomy":"giftcard-category","embeddable":true,"href":"https:\/\/glamuur.ee\/et\/wp-json\/wp\/v2\/giftcard-category?post=148567"}],"curies":[{"name":"wp","href":"https:\/\/api.w.org\/{rel}","templated":true}]}}