{"id":14713,"date":"2023-01-04T16:17:29","date_gmt":"2023-01-04T16:17:29","guid":{"rendered":"https:\/\/dev.glamuur.ee\/product\/ti-sento-milano-earrings-7557zr\/"},"modified":"2026-04-09T20:00:07","modified_gmt":"2026-04-09T17:00:07","slug":"ti-sento-milano-korvarongad-7557zr","status":"publish","type":"product","link":"https:\/\/glamuur.ee\/et\/product\/ti-sento-milano-earrings-7557zr\/","title":{"rendered":"TI SENTO - Milano k\u00f5rvar\u00f5ngad"},"content":{"rendered":"<p>Need TI SENTO - Milano k\u00f5rvar\u00f5ngad on iga\u00fcks 18 mm l\u00e4bim\u00f5\u00f5duga ja valmistatud kvaliteetsest roosakullatud h\u00f5bedast, need on kujundatud kahe rea briljantsete, korralikult lihvitud kuubiliste tsirkooniumidega, mis on paigutatud kanalisse, mis domineerib k\u00f5rvar\u00f5ngaste esiosa, kui neid kantakse. Meie siin TI SENTOs soovitame neid k\u00f5rvar\u00f5ngaid kanda koos k\u00f5rvaarmidega, kuigi need s\u00e4ravad ka \u00fcksi sama h\u00e4sti.<\/p>\n<p>Suurus 18mm<\/p>","protected":false},"excerpt":{"rendered":"<p>These TI SENTO &#8211; Milano earrings each have a diameter of 18 mm, and are made from quality Rose Gold plated sterling silver, they have been designed with two rows of brilliant, neatly-cut cubic zirconias, which have themselves been placed in a channel setting that&#8230;<\/p>","protected":false},"featured_media":14714,"comment_status":"open","ping_status":"closed","template":"","meta":{"jetpack_post_was_ever_published":false},"product_brand":[],"product_cat":[725,838,979,939,964,72,150],"product_tag":[],"giftcard-category":[],"class_list":{"0":"post-14713","1":"product","2":"type-product","3":"status-publish","4":"has-post-thumbnail","6":"product_cat-earrings","7":"product_cat-gift-ideas-for-graduates","8":"product_cat-graduation-2025","9":"product_cat-ti-sento-sale-europe","10":"product_cat-summer-sale-ti-sento","11":"product_cat-ti-sento-milano","12":"product_cat-ti-sento-milano-basic-earrings","13":"pa_material-silver","14":"pa_metal-color-rose-gold","15":"pa_product-brand-ti-sento-milano","16":"pa_stone-color-white","17":"pa_type-category-earrings","19":"first","20":"outofstock","21":"featured","22":"taxable","23":"shipping-taxable","24":"purchasable","25":"product-type-simple"},"bundled_by":["260476"],"bundle_stock_status":"outofstock","bundle_stock_quantity":0,"bundle_virtual":false,"bundle_layout":"","bundle_add_to_cart_form_location":"","bundle_editable_in_cart":false,"bundle_sold_individually_context":"","bundle_item_grouping":"","bundle_min_size":"","bundle_max_size":"","bundle_price":[],"bundled_items":[],"bundle_sell_ids":[],"etheme_brands":{"errors":{"invalid_taxonomy":["Lubamatu taksonoomia."]},"error_data":[]},"_links":{"self":[{"href":"https:\/\/glamuur.ee\/et\/wp-json\/wp\/v2\/product\/14713","targetHints":{"allow":["GET"]}}],"collection":[{"href":"https:\/\/glamuur.ee\/et\/wp-json\/wp\/v2\/product"}],"about":[{"href":"https:\/\/glamuur.ee\/et\/wp-json\/wp\/v2\/types\/product"}],"replies":[{"embeddable":true,"href":"https:\/\/glamuur.ee\/et\/wp-json\/wp\/v2\/comments?post=14713"}],"wp:featuredmedia":[{"embeddable":true,"href":"https:\/\/glamuur.ee\/et\/wp-json\/wp\/v2\/media\/14714"}],"wp:attachment":[{"href":"https:\/\/glamuur.ee\/et\/wp-json\/wp\/v2\/media?parent=14713"}],"wp:term":[{"taxonomy":"product_brand","embeddable":true,"href":"https:\/\/glamuur.ee\/et\/wp-json\/wp\/v2\/product_brand?post=14713"},{"taxonomy":"product_cat","embeddable":true,"href":"https:\/\/glamuur.ee\/et\/wp-json\/wp\/v2\/product_cat?post=14713"},{"taxonomy":"product_tag","embeddable":true,"href":"https:\/\/glamuur.ee\/et\/wp-json\/wp\/v2\/product_tag?post=14713"},{"taxonomy":"giftcard-category","embeddable":true,"href":"https:\/\/glamuur.ee\/et\/wp-json\/wp\/v2\/giftcard-category?post=14713"}],"curies":[{"name":"wp","href":"https:\/\/api.w.org\/{rel}","templated":true}]}}