{"id":14638,"date":"2024-09-26T18:13:48","date_gmt":"2024-09-26T15:13:48","guid":{"rendered":"https:\/\/dev.glamuur.ee\/product\/ti-sento-milano-earrings-7210zi\/"},"modified":"2026-04-15T16:56:08","modified_gmt":"2026-04-15T13:56:08","slug":"ti-sento-milano-korvarongad-7210zi","status":"publish","type":"product","link":"https:\/\/glamuur.ee\/et\/product\/ti-sento-milano-earrings-7210zi\/","title":{"rendered":"TI SENTO - Milano k\u00f5rvar\u00f5ngad"},"content":{"rendered":"<p>These TI SENTO  earrings are made from rhodium plated sterling silver and pav\u00e9 set with brilliant-cut cubic zirconias laid out in two rows. The earrings can be worn alone, or are suitable for wearing with ear charms in keeping with the TI SENTO Mix &#038; Match concept. <\/br> These earrings are suitable for all ear charms. Mix and match them any way you like!<\/p>","protected":false},"excerpt":{"rendered":"<p>These TI SENTO earrings are made from rhodium plated sterling silver and pav\u00e9 set with brilliant-cut cubic zirconias laid out in two rows. The earrings can be worn alone, or are suitable for wearing with ear charms in keeping with the TI SENTO Mix &#038;&#8230;<\/p>","protected":false},"featured_media":14639,"comment_status":"open","ping_status":"closed","template":"","meta":{"jetpack_post_was_ever_published":false},"product_brand":[],"product_cat":[725,838,794,979,939,964,810,72,150,976],"product_tag":[],"giftcard-category":[],"class_list":{"0":"post-14638","1":"product","2":"type-product","3":"status-publish","4":"has-post-thumbnail","6":"product_cat-earrings","7":"product_cat-gift-ideas-for-graduates","8":"product_cat-gift-ideas-up-to-100e","9":"product_cat-graduation-2025","10":"product_cat-ti-sento-sale-europe","11":"product_cat-summer-sale-ti-sento","12":"product_cat-the-minimalist","13":"product_cat-ti-sento-milano","14":"product_cat-ti-sento-milano-basic-earrings","15":"product_cat-wedding-season","16":"pa_material-silver","17":"pa_metal-color-silver","18":"pa_product-brand-ti-sento-milano","19":"pa_stone-color-white","20":"pa_type-category-earrings","22":"first","23":"instock","24":"featured","25":"taxable","26":"shipping-taxable","27":"purchasable","28":"product-type-simple"},"bundled_by":["251849","271593","261066","251859","260466","260472","255018","255015","255012","260473","255011"],"bundle_stock_status":"instock","bundle_stock_quantity":60,"bundle_virtual":false,"bundle_layout":"","bundle_add_to_cart_form_location":"","bundle_editable_in_cart":false,"bundle_sold_individually_context":"","bundle_item_grouping":"","bundle_min_size":"","bundle_max_size":"","bundle_price":[],"bundled_items":[],"bundle_sell_ids":[],"etheme_brands":{"errors":{"invalid_taxonomy":["Lubamatu taksonoomia."]},"error_data":[]},"_links":{"self":[{"href":"https:\/\/glamuur.ee\/et\/wp-json\/wp\/v2\/product\/14638","targetHints":{"allow":["GET"]}}],"collection":[{"href":"https:\/\/glamuur.ee\/et\/wp-json\/wp\/v2\/product"}],"about":[{"href":"https:\/\/glamuur.ee\/et\/wp-json\/wp\/v2\/types\/product"}],"replies":[{"embeddable":true,"href":"https:\/\/glamuur.ee\/et\/wp-json\/wp\/v2\/comments?post=14638"}],"wp:featuredmedia":[{"embeddable":true,"href":"https:\/\/glamuur.ee\/et\/wp-json\/wp\/v2\/media\/14639"}],"wp:attachment":[{"href":"https:\/\/glamuur.ee\/et\/wp-json\/wp\/v2\/media?parent=14638"}],"wp:term":[{"taxonomy":"product_brand","embeddable":true,"href":"https:\/\/glamuur.ee\/et\/wp-json\/wp\/v2\/product_brand?post=14638"},{"taxonomy":"product_cat","embeddable":true,"href":"https:\/\/glamuur.ee\/et\/wp-json\/wp\/v2\/product_cat?post=14638"},{"taxonomy":"product_tag","embeddable":true,"href":"https:\/\/glamuur.ee\/et\/wp-json\/wp\/v2\/product_tag?post=14638"},{"taxonomy":"giftcard-category","embeddable":true,"href":"https:\/\/glamuur.ee\/et\/wp-json\/wp\/v2\/giftcard-category?post=14638"}],"curies":[{"name":"wp","href":"https:\/\/api.w.org\/{rel}","templated":true}]}}