{"id":14254,"date":"2024-06-26T08:10:59","date_gmt":"2024-06-26T05:10:59","guid":{"rendered":"https:\/\/dev.glamuur.ee\/product\/ti-sento-milano-pendant-6755zr\/"},"modified":"2026-04-20T13:35:33","modified_gmt":"2026-04-20T10:35:33","slug":"ti-sento-milano-rippkapp-6755zr","status":"publish","type":"product","link":"https:\/\/glamuur.ee\/et\/product\/ti-sento-milano-pendant-6755zr\/","title":{"rendered":"TI SENTO \u2013 Milano ripats"},"content":{"rendered":"<p>Ainulaadne TI SENTO - Milano rippvalgusti, mis on t\u00e4nu avatud disainile \u00fchtaegu rafineeritud ja mahukas. Ripatsi disaini loovad kaks \u00fcksteisest s\u00f5ltumatult liikuvat ringi. V\u00e4limine ring on valmistatud siledaks poleeritud h\u00f5bedast, millele on kantud 18 kt roosakuldne pinnakate, ja h\u00f5lmab sisemist ringi, mis on paveeritud tsirkooniatega. Sisemise ringi keskel on suur tsirkoonium, mis t\u00e4nu sileda raamiga kinnitusele annab sellele elegantsele disainile toreda terviklikkuse.<\/p>","protected":false},"excerpt":{"rendered":"<p>A unique TI SENTO &#8211; Milano pendant, which is both refined and voluminous as a result of the openness in the design. The two circles, which move independent of each other, create the design of the pendant. The outer circle is made of smoothly polished&#8230;<\/p>","protected":false},"featured_media":14255,"comment_status":"open","ping_status":"closed","template":"","meta":{"jetpack_post_was_ever_published":false},"product_brand":[],"product_cat":[599,729,72,149],"product_tag":[],"giftcard-category":[],"class_list":{"0":"post-14254","1":"product","2":"type-product","3":"status-publish","4":"has-post-thumbnail","6":"product_cat-sale","7":"product_cat-pendants","8":"product_cat-ti-sento-milano","9":"product_cat-ti-sento-milano-pendants","10":"pa_material-silver","11":"pa_metal-color-rose-gold","12":"pa_product-brand-ti-sento-milano","13":"pa_stone-color-white","14":"pa_type-category-pendants","16":"first","17":"instock","18":"featured","19":"taxable","20":"shipping-taxable","21":"purchasable","22":"product-type-simple"},"bundled_by":[],"bundle_stock_status":"instock","bundle_stock_quantity":3,"bundle_virtual":false,"bundle_layout":"","bundle_add_to_cart_form_location":"","bundle_editable_in_cart":false,"bundle_sold_individually_context":"","bundle_item_grouping":"","bundle_min_size":"","bundle_max_size":"","bundle_price":[],"bundled_items":[],"bundle_sell_ids":[],"etheme_brands":{"errors":{"invalid_taxonomy":["Lubamatu taksonoomia."]},"error_data":[]},"_links":{"self":[{"href":"https:\/\/glamuur.ee\/et\/wp-json\/wp\/v2\/product\/14254","targetHints":{"allow":["GET"]}}],"collection":[{"href":"https:\/\/glamuur.ee\/et\/wp-json\/wp\/v2\/product"}],"about":[{"href":"https:\/\/glamuur.ee\/et\/wp-json\/wp\/v2\/types\/product"}],"replies":[{"embeddable":true,"href":"https:\/\/glamuur.ee\/et\/wp-json\/wp\/v2\/comments?post=14254"}],"wp:featuredmedia":[{"embeddable":true,"href":"https:\/\/glamuur.ee\/et\/wp-json\/wp\/v2\/media\/14255"}],"wp:attachment":[{"href":"https:\/\/glamuur.ee\/et\/wp-json\/wp\/v2\/media?parent=14254"}],"wp:term":[{"taxonomy":"product_brand","embeddable":true,"href":"https:\/\/glamuur.ee\/et\/wp-json\/wp\/v2\/product_brand?post=14254"},{"taxonomy":"product_cat","embeddable":true,"href":"https:\/\/glamuur.ee\/et\/wp-json\/wp\/v2\/product_cat?post=14254"},{"taxonomy":"product_tag","embeddable":true,"href":"https:\/\/glamuur.ee\/et\/wp-json\/wp\/v2\/product_tag?post=14254"},{"taxonomy":"giftcard-category","embeddable":true,"href":"https:\/\/glamuur.ee\/et\/wp-json\/wp\/v2\/giftcard-category?post=14254"}],"curies":[{"name":"wp","href":"https:\/\/api.w.org\/{rel}","templated":true}]}}