{"id":14226,"date":"2024-01-23T14:28:11","date_gmt":"2024-01-23T12:28:11","guid":{"rendered":"https:\/\/dev.glamuur.ee\/product\/ti-sento-milano-pendant-6745sr\/"},"modified":"2026-02-16T13:58:50","modified_gmt":"2026-02-16T11:58:50","slug":"ti-sento-milano-ripats-6745sr","status":"publish","type":"product","link":"https:\/\/glamuur.ee\/et\/product\/ti-sento-milano-pendant-6745sr\/","title":{"rendered":"TI SENTO \u2013 Milano ripats"},"content":{"rendered":"<p>See elegantne s\u00fcdamekujuline TI SENTO - Milano ripats on osa Mix &amp; Match kontseptsioonist. Klipsisilm v\u00f5imaldab ripatsit kanda erinevatel viisidel: lihtsa h\u00f5bedase keti v\u00f5i roosakullatud keti k\u00fcljes v\u00f5i teistele ripatsitele lisatud klipsir\u00f5nga k\u00fcljes. Mitmed v\u00f5imalused v\u00f5imaldavad luua oma unikaalse ehte ning muuta ja isikup\u00e4rastada oma stiili, nagu ka riietust. Klipsir\u00f5ngas on s\u00e4titud tsirkooniatega, mis annab ripatsile peene l\u00e4ike. Ripats on valmistatud roodiumiga kaetud sterlingh\u00f5bedast, millel on 3 mikromeetri paksune 18k roosakuldne kiht. TI SENTO - Milano ehted tulevad luksuslikus kinkekarbis. Nii saad oma lemmik ehet hoida s\u00e4\u00e4stetud harvaesinevatel hetkedel, kui sa seda ei kanna.<\/p>","protected":false},"excerpt":{"rendered":"<p>This elegant heart-shaped TI SENTO &#8211; Milano pendant is part of the Mix &#038; Match concept. The clip-eye allows you to wear the pendant in different ways: on a simple silver chain or rose gold plated chain or added to other pendants on a clip&#8230;<\/p>","protected":false},"featured_media":14227,"comment_status":"open","ping_status":"closed","template":"","meta":{"jetpack_post_was_ever_published":false},"product_brand":[],"product_cat":[979,599,729,939,964,72,149,941],"product_tag":[942],"giftcard-category":[],"class_list":{"0":"post-14226","1":"product","2":"type-product","3":"status-publish","4":"has-post-thumbnail","6":"product_cat-graduation-2025","7":"product_cat-sale","8":"product_cat-pendants","9":"product_cat-ti-sento-sale-europe","10":"product_cat-summer-sale-ti-sento","11":"product_cat-ti-sento-milano","12":"product_cat-ti-sento-milano-pendants","13":"product_cat-valentines-day","14":"product_tag-valentines-day","15":"pa_material-silver","16":"pa_metal-color-rose-gold","17":"pa_product-brand-ti-sento-milano","18":"pa_stone-color-without-stones","19":"pa_type-category-pendants","21":"first","22":"instock","23":"featured","24":"taxable","25":"shipping-taxable","26":"purchasable","27":"product-type-simple"},"bundled_by":[],"bundle_stock_status":"instock","bundle_stock_quantity":16,"bundle_virtual":false,"bundle_layout":"","bundle_add_to_cart_form_location":"","bundle_editable_in_cart":false,"bundle_sold_individually_context":"","bundle_item_grouping":"","bundle_min_size":"","bundle_max_size":"","bundle_price":[],"bundled_items":[],"bundle_sell_ids":[],"etheme_brands":{"errors":{"invalid_taxonomy":["Lubamatu taksonoomia."]},"error_data":[]},"_links":{"self":[{"href":"https:\/\/glamuur.ee\/et\/wp-json\/wp\/v2\/product\/14226","targetHints":{"allow":["GET"]}}],"collection":[{"href":"https:\/\/glamuur.ee\/et\/wp-json\/wp\/v2\/product"}],"about":[{"href":"https:\/\/glamuur.ee\/et\/wp-json\/wp\/v2\/types\/product"}],"replies":[{"embeddable":true,"href":"https:\/\/glamuur.ee\/et\/wp-json\/wp\/v2\/comments?post=14226"}],"wp:featuredmedia":[{"embeddable":true,"href":"https:\/\/glamuur.ee\/et\/wp-json\/wp\/v2\/media\/14227"}],"wp:attachment":[{"href":"https:\/\/glamuur.ee\/et\/wp-json\/wp\/v2\/media?parent=14226"}],"wp:term":[{"taxonomy":"product_brand","embeddable":true,"href":"https:\/\/glamuur.ee\/et\/wp-json\/wp\/v2\/product_brand?post=14226"},{"taxonomy":"product_cat","embeddable":true,"href":"https:\/\/glamuur.ee\/et\/wp-json\/wp\/v2\/product_cat?post=14226"},{"taxonomy":"product_tag","embeddable":true,"href":"https:\/\/glamuur.ee\/et\/wp-json\/wp\/v2\/product_tag?post=14226"},{"taxonomy":"giftcard-category","embeddable":true,"href":"https:\/\/glamuur.ee\/et\/wp-json\/wp\/v2\/giftcard-category?post=14226"}],"curies":[{"name":"wp","href":"https:\/\/api.w.org\/{rel}","templated":true}]}}