{"id":13326,"date":"2023-01-04T15:41:04","date_gmt":"2023-01-04T15:41:04","guid":{"rendered":"https:\/\/dev.glamuur.ee\/product\/ti-sento-milano-necklace-3849pw-90\/"},"modified":"2026-02-16T13:56:46","modified_gmt":"2026-02-16T11:56:46","slug":"ti-sento-milano-kaelakee-3849pw-90","status":"publish","type":"product","link":"https:\/\/glamuur.ee\/et\/product\/ti-sento-milano-necklace-3849pw-90\/","title":{"rendered":"TI SENTO - Milano kaelakee"},"content":{"rendered":"<p>See klassikaline TI SENTO - Milano p\u00e4rlmutterkaelakee on t\u00e4iuslik t\u00e4iendus kollektsioonile. Kandke seda \u00fcksi, et saavutada efektne efekt, v\u00f5i kombineerige seda teiste p\u00e4rlitega ja ripatsitega, et saavutada elegantne t\u00e4iendus. Selle kaelakee helmede vahele saab kinnitada klambriga kinnitusega ahelaid, mis v\u00f5imaldab seda detaili oma maitse j\u00e4rgi kohandada. See kaelakee on saadaval 42 cm ja 90 cm pikkuses.<\/p>","protected":false},"excerpt":{"rendered":"<p>This classic TI SENTO &#8211; Milano pearl necklace makes the perfect addition to the collection. Wear it on its own for a stunning effect, or combine with other pearl pieces and pendants for an elegant complement. Chains with clip-eye fastening can be attached between the&#8230;<\/p>","protected":false},"featured_media":13323,"comment_status":"open","ping_status":"closed","template":"","meta":{"jetpack_post_was_ever_published":false},"product_brand":[],"product_cat":[979,968,727,945,939,964,72,146],"product_tag":[],"giftcard-category":[],"class_list":{"0":"post-13326","1":"product","2":"type-product","3":"status-publish","4":"has-post-thumbnail","6":"product_cat-graduation-2025","7":"product_cat-mothers-day-2025-ti-sento","8":"product_cat-necklaces","9":"product_cat-pearls","10":"product_cat-ti-sento-sale-europe","11":"product_cat-summer-sale-ti-sento","12":"product_cat-ti-sento-milano","13":"product_cat-ti-sento-milano-necklaces","14":"pa_material-silver","15":"pa_metal-color-silver","16":"pa_product-brand-ti-sento-milano","17":"pa_stone-color-pearl","18":"pa_type-category-necklaces","20":"first","21":"instock","22":"featured","23":"taxable","24":"shipping-taxable","25":"purchasable","26":"product-type-simple"},"bundled_by":[],"bundle_stock_status":"instock","bundle_stock_quantity":8,"bundle_virtual":false,"bundle_layout":"","bundle_add_to_cart_form_location":"","bundle_editable_in_cart":false,"bundle_sold_individually_context":"","bundle_item_grouping":"","bundle_min_size":"","bundle_max_size":"","bundle_price":[],"bundled_items":[],"bundle_sell_ids":[],"etheme_brands":{"errors":{"invalid_taxonomy":["Lubamatu taksonoomia."]},"error_data":[]},"_links":{"self":[{"href":"https:\/\/glamuur.ee\/et\/wp-json\/wp\/v2\/product\/13326","targetHints":{"allow":["GET"]}}],"collection":[{"href":"https:\/\/glamuur.ee\/et\/wp-json\/wp\/v2\/product"}],"about":[{"href":"https:\/\/glamuur.ee\/et\/wp-json\/wp\/v2\/types\/product"}],"replies":[{"embeddable":true,"href":"https:\/\/glamuur.ee\/et\/wp-json\/wp\/v2\/comments?post=13326"}],"wp:featuredmedia":[{"embeddable":true,"href":"https:\/\/glamuur.ee\/et\/wp-json\/wp\/v2\/media\/13323"}],"wp:attachment":[{"href":"https:\/\/glamuur.ee\/et\/wp-json\/wp\/v2\/media?parent=13326"}],"wp:term":[{"taxonomy":"product_brand","embeddable":true,"href":"https:\/\/glamuur.ee\/et\/wp-json\/wp\/v2\/product_brand?post=13326"},{"taxonomy":"product_cat","embeddable":true,"href":"https:\/\/glamuur.ee\/et\/wp-json\/wp\/v2\/product_cat?post=13326"},{"taxonomy":"product_tag","embeddable":true,"href":"https:\/\/glamuur.ee\/et\/wp-json\/wp\/v2\/product_tag?post=13326"},{"taxonomy":"giftcard-category","embeddable":true,"href":"https:\/\/glamuur.ee\/et\/wp-json\/wp\/v2\/giftcard-category?post=13326"}],"curies":[{"name":"wp","href":"https:\/\/api.w.org\/{rel}","templated":true}]}}