{"id":13310,"date":"2024-09-26T18:07:26","date_gmt":"2024-09-26T15:07:26","guid":{"rendered":"https:\/\/dev.glamuur.ee\/product\/ti-sento-milano-necklace-3830si-80\/"},"modified":"2026-02-16T13:56:13","modified_gmt":"2026-02-16T11:56:13","slug":"ti-sento-milano-kaelakee-3830si-80","status":"publish","type":"product","link":"https:\/\/glamuur.ee\/et\/product\/ti-sento-milano-necklace-3830si-80\/","title":{"rendered":"TI SENTO - Milano kaelakee"},"content":{"rendered":"<p>Peen TI SENTO - Milano kaelakee ankrukettidega, see keerukas kett v\u00f5ib olla aluseks paljudele v\u00e4limustele. Kaelakee on saadaval 42, 48 ja 80 sentimeetri pikkuses ning seda saab t\u00f5husalt kombineerida teiste kollektsiooni ripatsite ja kaelakeedega. Kvaliteetne sterlingh\u00f5bedast kaelakee on viimistletud roodiumiga, mis loob lisakiilu ja kaitseb ehteid v\u00e4rvimuutuste ja kriimustuste eest. Kaelakee klambril on eriline silt, millel on TI SENTO monogramm.<\/p>","protected":false},"excerpt":{"rendered":"<p>A fine TI SENTO &#8211; Milano necklace with anchor links, this sophisticated chain can serve as the basis of many looks. The necklace is available in lengths of 42, 48 and 80 centimetres and it can be effectively combined with other pendants and necklaces from&#8230;<\/p>","protected":false},"featured_media":13307,"comment_status":"open","ping_status":"closed","template":"","meta":{"jetpack_post_was_ever_published":false},"product_brand":[],"product_cat":[794,979,727,939,964,72,146],"product_tag":[],"giftcard-category":[],"class_list":{"0":"post-13310","1":"product","2":"type-product","3":"status-publish","4":"has-post-thumbnail","6":"product_cat-gift-ideas-up-to-100e","7":"product_cat-graduation-2025","8":"product_cat-necklaces","9":"product_cat-ti-sento-sale-europe","10":"product_cat-summer-sale-ti-sento","11":"product_cat-ti-sento-milano","12":"product_cat-ti-sento-milano-necklaces","13":"pa_material-silver","14":"pa_metal-color-silver","15":"pa_product-brand-ti-sento-milano","16":"pa_stone-color-without-stones","17":"pa_type-category-necklaces","19":"first","20":"instock","21":"featured","22":"taxable","23":"shipping-taxable","24":"purchasable","25":"product-type-simple"},"bundled_by":[],"bundle_stock_status":"instock","bundle_stock_quantity":7,"bundle_virtual":false,"bundle_layout":"","bundle_add_to_cart_form_location":"","bundle_editable_in_cart":false,"bundle_sold_individually_context":"","bundle_item_grouping":"","bundle_min_size":"","bundle_max_size":"","bundle_price":[],"bundled_items":[],"bundle_sell_ids":[],"etheme_brands":{"errors":{"invalid_taxonomy":["Lubamatu taksonoomia."]},"error_data":[]},"_links":{"self":[{"href":"https:\/\/glamuur.ee\/et\/wp-json\/wp\/v2\/product\/13310","targetHints":{"allow":["GET"]}}],"collection":[{"href":"https:\/\/glamuur.ee\/et\/wp-json\/wp\/v2\/product"}],"about":[{"href":"https:\/\/glamuur.ee\/et\/wp-json\/wp\/v2\/types\/product"}],"replies":[{"embeddable":true,"href":"https:\/\/glamuur.ee\/et\/wp-json\/wp\/v2\/comments?post=13310"}],"wp:featuredmedia":[{"embeddable":true,"href":"https:\/\/glamuur.ee\/et\/wp-json\/wp\/v2\/media\/13307"}],"wp:attachment":[{"href":"https:\/\/glamuur.ee\/et\/wp-json\/wp\/v2\/media?parent=13310"}],"wp:term":[{"taxonomy":"product_brand","embeddable":true,"href":"https:\/\/glamuur.ee\/et\/wp-json\/wp\/v2\/product_brand?post=13310"},{"taxonomy":"product_cat","embeddable":true,"href":"https:\/\/glamuur.ee\/et\/wp-json\/wp\/v2\/product_cat?post=13310"},{"taxonomy":"product_tag","embeddable":true,"href":"https:\/\/glamuur.ee\/et\/wp-json\/wp\/v2\/product_tag?post=13310"},{"taxonomy":"giftcard-category","embeddable":true,"href":"https:\/\/glamuur.ee\/et\/wp-json\/wp\/v2\/giftcard-category?post=13310"}],"curies":[{"name":"wp","href":"https:\/\/api.w.org\/{rel}","templated":true}]}}