{"id":13285,"date":"2024-06-26T08:10:59","date_gmt":"2024-06-26T05:10:59","guid":{"rendered":"https:\/\/dev.glamuur.ee\/product\/ti-sento-milano-necklace-3807zi-42\/"},"modified":"2026-04-15T17:05:08","modified_gmt":"2026-04-15T14:05:08","slug":"ti-sento-milano-kaelakee-3807zi-42","status":"publish","type":"product","link":"https:\/\/glamuur.ee\/et\/product\/ti-sento-milano-necklace-3807zi-42\/","title":{"rendered":"TI SENTO - Milano kaelakee"},"content":{"rendered":"<p>See keerukas TI SENTO - Milano kaelakee on elegantne ja kergesti kantav. Selle peenike kett on 42 cm pikk ja valmistatud k\u00f5rge l\u00e4ikega roodiumiga kaetud sterlingh\u00f5bedast. Ripats on samuti h\u00f5bedast ja selles on k\u00e4sitsi paigaldatud prismaatilise viimistlusega kuubiline tsirkoonium, mis s\u00e4rab valguses. See kaelakee sobib TI SENTO Mix &amp; Match ehte kontseptsiooni.<\/p>","protected":false},"excerpt":{"rendered":"<p>This sophisticated TI SENTO &#8211; Milano necklace is an elegant and easy to wear piece. Its fine chain is 42 cm long, crafted from rhodium-plated sterling silver with a high shine finish. The pendant setting is also in silver and holds a hand-set cubic zirconia&#8230;<\/p>","protected":false},"featured_media":13286,"comment_status":"open","ping_status":"closed","template":"","meta":{"jetpack_post_was_ever_published":false},"product_brand":[],"product_cat":[838,727,599,72,146],"product_tag":[],"giftcard-category":[],"class_list":{"0":"post-13285","1":"product","2":"type-product","3":"status-publish","4":"has-post-thumbnail","6":"product_cat-gift-ideas-for-graduates","7":"product_cat-necklaces","8":"product_cat-sale","9":"product_cat-ti-sento-milano","10":"product_cat-ti-sento-milano-necklaces","11":"pa_material-silver","12":"pa_metal-color-silver","13":"pa_product-brand-ti-sento-milano","14":"pa_stone-color-white","15":"pa_type-category-necklaces","17":"first","18":"instock","19":"featured","20":"taxable","21":"shipping-taxable","22":"purchasable","23":"product-type-simple"},"bundled_by":[],"bundle_stock_status":"instock","bundle_stock_quantity":12,"bundle_virtual":false,"bundle_layout":"","bundle_add_to_cart_form_location":"","bundle_editable_in_cart":false,"bundle_sold_individually_context":"","bundle_item_grouping":"","bundle_min_size":"","bundle_max_size":"","bundle_price":[],"bundled_items":[],"bundle_sell_ids":[],"etheme_brands":{"errors":{"invalid_taxonomy":["Lubamatu taksonoomia."]},"error_data":[]},"_links":{"self":[{"href":"https:\/\/glamuur.ee\/et\/wp-json\/wp\/v2\/product\/13285","targetHints":{"allow":["GET"]}}],"collection":[{"href":"https:\/\/glamuur.ee\/et\/wp-json\/wp\/v2\/product"}],"about":[{"href":"https:\/\/glamuur.ee\/et\/wp-json\/wp\/v2\/types\/product"}],"replies":[{"embeddable":true,"href":"https:\/\/glamuur.ee\/et\/wp-json\/wp\/v2\/comments?post=13285"}],"wp:featuredmedia":[{"embeddable":true,"href":"https:\/\/glamuur.ee\/et\/wp-json\/wp\/v2\/media\/13286"}],"wp:attachment":[{"href":"https:\/\/glamuur.ee\/et\/wp-json\/wp\/v2\/media?parent=13285"}],"wp:term":[{"taxonomy":"product_brand","embeddable":true,"href":"https:\/\/glamuur.ee\/et\/wp-json\/wp\/v2\/product_brand?post=13285"},{"taxonomy":"product_cat","embeddable":true,"href":"https:\/\/glamuur.ee\/et\/wp-json\/wp\/v2\/product_cat?post=13285"},{"taxonomy":"product_tag","embeddable":true,"href":"https:\/\/glamuur.ee\/et\/wp-json\/wp\/v2\/product_tag?post=13285"},{"taxonomy":"giftcard-category","embeddable":true,"href":"https:\/\/glamuur.ee\/et\/wp-json\/wp\/v2\/giftcard-category?post=13285"}],"curies":[{"name":"wp","href":"https:\/\/api.w.org\/{rel}","templated":true}]}}