{"id":131376,"date":"2023-02-28T18:52:19","date_gmt":"2023-02-28T18:52:19","guid":{"rendered":"https:\/\/dev.glamuur.ee\/product\/bronzallure-bracelet-wsbz01310-bo-bn\/"},"modified":"2026-02-13T12:50:21","modified_gmt":"2026-02-13T10:50:21","slug":"pronksvalge-kaevoru-wsbz01310-bo-bn","status":"publish","type":"product","link":"https:\/\/glamuur.ee\/et\/product\/bronzallure-bracelet-wsbz01310-bo-bn\/","title":{"rendered":"Bronzallure K\u00e4ev\u00f5ru"},"content":{"rendered":"<p>Bronzallure'i k\u00e4ev\u00f5ru Centocinque on kaunis, rafineeritud ja elegantse stiiliga ehe, mis sobib suurteks s\u00fcndmusteks. Bijoux'i disainis on 18K roosakullaga kaetud poolring, mille otsad on kaunistatud musta oon\u00fc\u00fcksi ja s\u00e4rava sinise Nano Gem pav\u00e9ga. \u00dchendage see j\u00e4ik k\u00e4ev\u00f5ru koosk\u00f5lastatud s\u00f5rmuse v\u00f5i teiste Preziosa loomingutega.<br \/>\n- Patenteeritud Golden Rose sulam 18k roosakuldne pinnakate Sertifitseeritud looduslikud kivid Disainitud Itaalias Nikli- ja kaadmiumivaba, h\u00fcpoallergeenne Pikkus: 17,50 cm. <\/p>","protected":false},"excerpt":{"rendered":"<p>The Centocinque bracelet by Bronzallure is a beautiful jewel with a refined and elegant style, suitable for great occasions. The design of the bijoux features an 18K rose gold plated semicircle whose ends are embellished with black onyx and a sparkling blue Nano Gem pav\u00e9&#8230;.<\/p>","protected":false},"featured_media":131377,"comment_status":"open","ping_status":"closed","template":"","meta":{"jetpack_post_was_ever_published":false},"product_brand":[],"product_cat":[726,193,196,599,980,964],"product_tag":[],"giftcard-category":[],"class_list":{"0":"post-131376","1":"product","2":"type-product","3":"status-publish","4":"has-post-thumbnail","6":"product_cat-bracelets","7":"product_cat-bronzallure","8":"product_cat-bronzallure-bracelets","9":"product_cat-sale","10":"product_cat-ready-for-vacation","11":"product_cat-summer-sale-ti-sento","12":"pa_material-golden-rose","13":"pa_metal-color-rose-gold","14":"pa_product-brand-bronzallure","15":"pa_stone-color-multicolor","16":"pa_type-category-bracelets","18":"first","19":"outofstock","20":"featured","21":"taxable","22":"shipping-taxable","23":"purchasable","24":"product-type-simple"},"bundled_by":[],"bundle_stock_status":"outofstock","bundle_stock_quantity":0,"bundle_virtual":false,"bundle_layout":"","bundle_add_to_cart_form_location":"","bundle_editable_in_cart":false,"bundle_sold_individually_context":"","bundle_item_grouping":"","bundle_min_size":"","bundle_max_size":"","bundle_price":[],"bundled_items":[],"bundle_sell_ids":[],"etheme_brands":{"errors":{"invalid_taxonomy":["Lubamatu taksonoomia."]},"error_data":[]},"_links":{"self":[{"href":"https:\/\/glamuur.ee\/et\/wp-json\/wp\/v2\/product\/131376","targetHints":{"allow":["GET"]}}],"collection":[{"href":"https:\/\/glamuur.ee\/et\/wp-json\/wp\/v2\/product"}],"about":[{"href":"https:\/\/glamuur.ee\/et\/wp-json\/wp\/v2\/types\/product"}],"replies":[{"embeddable":true,"href":"https:\/\/glamuur.ee\/et\/wp-json\/wp\/v2\/comments?post=131376"}],"wp:featuredmedia":[{"embeddable":true,"href":"https:\/\/glamuur.ee\/et\/wp-json\/wp\/v2\/media\/131377"}],"wp:attachment":[{"href":"https:\/\/glamuur.ee\/et\/wp-json\/wp\/v2\/media?parent=131376"}],"wp:term":[{"taxonomy":"product_brand","embeddable":true,"href":"https:\/\/glamuur.ee\/et\/wp-json\/wp\/v2\/product_brand?post=131376"},{"taxonomy":"product_cat","embeddable":true,"href":"https:\/\/glamuur.ee\/et\/wp-json\/wp\/v2\/product_cat?post=131376"},{"taxonomy":"product_tag","embeddable":true,"href":"https:\/\/glamuur.ee\/et\/wp-json\/wp\/v2\/product_tag?post=131376"},{"taxonomy":"giftcard-category","embeddable":true,"href":"https:\/\/glamuur.ee\/et\/wp-json\/wp\/v2\/giftcard-category?post=131376"}],"curies":[{"name":"wp","href":"https:\/\/api.w.org\/{rel}","templated":true}]}}