{"id":130905,"date":"2023-02-28T18:40:44","date_gmt":"2023-02-28T18:40:44","guid":{"rendered":"https:\/\/dev.glamuur.ee\/product\/bronzallure-earrings-wsbz01760-bla\/"},"modified":"2026-02-23T14:31:02","modified_gmt":"2026-02-23T12:31:02","slug":"pronkskorvarongad-wsbz01760-bla","status":"publish","type":"product","link":"https:\/\/glamuur.ee\/et\/product\/bronzallure-earrings-wsbz01760-bla\/","title":{"rendered":"Bronzallure K\u00f5rvar\u00f5ngad"},"content":{"rendered":"<p>Need rippuvad k\u00f5rvar\u00f5ngad v\u00e4rviliste ruudukujuliste ja paveeritud kividega kehastavad t\u00e4ielikult Bronzallure'i uut ideed revolutsioonilistest ehetest taskukohaste hindadega. Kuldses roosakas, 18K roosakullaga kaetud, on need moodsad, kuid samas elegantsed ehted. \u00dchendage need rippuvad k\u00f5rvar\u00f5ngad koosk\u00f5lastatud kaelakee ja teiste Preziosa kollektsiooni pavee-ehetega.<br \/>\n- Patenteeritud Golden Rose sulam 18k roosakuldne pinnakate Sertifitseeritud looduslikud kivid Disainitud Itaalias Niklivaba, kaadmiumivaba, h\u00fcpoallergeenne Pikkus: 2,40cm Laius: 12mm<\/p>","protected":false},"excerpt":{"rendered":"<p>These dangling earrings with colorful square and pave stones fully embody Bronzallure&#8217;s new idea for revolutionary jewelry at affordable prices. In Golden Rose, 18K rose gold plated, they are modern yet elegant jewelry. Pair these dangle earrings with the coordinating necklace and other pav\u00e9 jewelry&#8230;<\/p>","protected":false},"featured_media":130906,"comment_status":"open","ping_status":"closed","template":"","meta":{"jetpack_post_was_ever_published":false},"product_brand":[],"product_cat":[193,194,725,980,939,964],"product_tag":[],"giftcard-category":[],"class_list":{"0":"post-130905","1":"product","2":"type-product","3":"status-publish","4":"has-post-thumbnail","6":"product_cat-bronzallure","7":"product_cat-bronzallure-earrings","8":"product_cat-earrings","9":"product_cat-ready-for-vacation","10":"product_cat-ti-sento-sale-europe","11":"product_cat-summer-sale-ti-sento","12":"pa_material-golden-rose","13":"pa_metal-color-rose-gold","14":"pa_product-brand-bronzallure","15":"pa_stone-color-purple","16":"pa_type-category-earrings","18":"first","19":"instock","20":"featured","21":"taxable","22":"shipping-taxable","23":"purchasable","24":"product-type-simple"},"bundled_by":[],"bundle_stock_status":"instock","bundle_stock_quantity":7,"bundle_virtual":false,"bundle_layout":"","bundle_add_to_cart_form_location":"","bundle_editable_in_cart":false,"bundle_sold_individually_context":"","bundle_item_grouping":"","bundle_min_size":"","bundle_max_size":"","bundle_price":[],"bundled_items":[],"bundle_sell_ids":[],"etheme_brands":{"errors":{"invalid_taxonomy":["Lubamatu taksonoomia."]},"error_data":[]},"_links":{"self":[{"href":"https:\/\/glamuur.ee\/et\/wp-json\/wp\/v2\/product\/130905","targetHints":{"allow":["GET"]}}],"collection":[{"href":"https:\/\/glamuur.ee\/et\/wp-json\/wp\/v2\/product"}],"about":[{"href":"https:\/\/glamuur.ee\/et\/wp-json\/wp\/v2\/types\/product"}],"replies":[{"embeddable":true,"href":"https:\/\/glamuur.ee\/et\/wp-json\/wp\/v2\/comments?post=130905"}],"wp:featuredmedia":[{"embeddable":true,"href":"https:\/\/glamuur.ee\/et\/wp-json\/wp\/v2\/media\/130906"}],"wp:attachment":[{"href":"https:\/\/glamuur.ee\/et\/wp-json\/wp\/v2\/media?parent=130905"}],"wp:term":[{"taxonomy":"product_brand","embeddable":true,"href":"https:\/\/glamuur.ee\/et\/wp-json\/wp\/v2\/product_brand?post=130905"},{"taxonomy":"product_cat","embeddable":true,"href":"https:\/\/glamuur.ee\/et\/wp-json\/wp\/v2\/product_cat?post=130905"},{"taxonomy":"product_tag","embeddable":true,"href":"https:\/\/glamuur.ee\/et\/wp-json\/wp\/v2\/product_tag?post=130905"},{"taxonomy":"giftcard-category","embeddable":true,"href":"https:\/\/glamuur.ee\/et\/wp-json\/wp\/v2\/giftcard-category?post=130905"}],"curies":[{"name":"wp","href":"https:\/\/api.w.org\/{rel}","templated":true}]}}