{"id":130797,"date":"2023-02-28T18:38:11","date_gmt":"2023-02-28T18:38:11","guid":{"rendered":"https:\/\/dev.glamuur.ee\/product\/bronzallure-necklace-wsbz02016-pa\/"},"modified":"2026-01-26T16:40:21","modified_gmt":"2026-01-26T14:40:21","slug":"pronkskaelakee-wsbz02016-pa","status":"publish","type":"product","link":"https:\/\/glamuur.ee\/et\/product\/bronzallure-necklace-wsbz02016-pa\/","title":{"rendered":"Bronzallure Kaelakee"},"content":{"rendered":"<p>Rafineeritud mikro-rolo lingi ja roosakullatud kuldse Golden Ros\u00e9 kinnitusega kaelakee sisaldab valitud mitmetahulist helendava l\u00f5ikega s\u00fcnnikivi ja kuubilise tsirkooniaga detaili.<br \/>\n- Patenteeritud Golden Rose sulam 18K roosakuldne pinnakate Kuubilised tsirkooniumid ja valitud s\u00fcnnikivid Disainitud Made in Italy Niklivaba, kaadmiumivaba, h\u00fcpoallergeenne 47CM<\/p>","protected":false},"excerpt":{"rendered":"<p>The necklace with refined micro rolo link and rose gold plated Golden Ros\u00e9 setting incorporates a selected multi-faceted luminous cut birthstone and Cubic Zirconia detail &#8211; Patented Golden Rose alloy 18K Rose Gold Plating Cubic Zirconia and selected birthstones Designed Made in Italy Nickel free,&#8230;<\/p>","protected":false},"featured_media":130798,"comment_status":"open","ping_status":"closed","template":"","meta":{"jetpack_post_was_ever_published":false},"product_brand":[],"product_cat":[193,195,727,980,939,964,941],"product_tag":[],"giftcard-category":[],"class_list":{"0":"post-130797","1":"product","2":"type-product","3":"status-publish","4":"has-post-thumbnail","6":"product_cat-bronzallure","7":"product_cat-bronzallure-necklaces","8":"product_cat-necklaces","9":"product_cat-ready-for-vacation","10":"product_cat-ti-sento-sale-europe","11":"product_cat-summer-sale-ti-sento","12":"product_cat-valentines-day","13":"pa_material-golden-rose","14":"pa_metal-color-rose-gold","15":"pa_product-brand-bronzallure","16":"pa_stone-color-red","17":"pa_type-category-necklaces","19":"first","20":"instock","21":"featured","22":"taxable","23":"shipping-taxable","24":"purchasable","25":"product-type-simple"},"bundled_by":[],"bundle_stock_status":"instock","bundle_stock_quantity":6,"bundle_virtual":false,"bundle_layout":"","bundle_add_to_cart_form_location":"","bundle_editable_in_cart":false,"bundle_sold_individually_context":"","bundle_item_grouping":"","bundle_min_size":"","bundle_max_size":"","bundle_price":[],"bundled_items":[],"bundle_sell_ids":[],"etheme_brands":{"errors":{"invalid_taxonomy":["Lubamatu taksonoomia."]},"error_data":[]},"_links":{"self":[{"href":"https:\/\/glamuur.ee\/et\/wp-json\/wp\/v2\/product\/130797","targetHints":{"allow":["GET"]}}],"collection":[{"href":"https:\/\/glamuur.ee\/et\/wp-json\/wp\/v2\/product"}],"about":[{"href":"https:\/\/glamuur.ee\/et\/wp-json\/wp\/v2\/types\/product"}],"replies":[{"embeddable":true,"href":"https:\/\/glamuur.ee\/et\/wp-json\/wp\/v2\/comments?post=130797"}],"wp:featuredmedia":[{"embeddable":true,"href":"https:\/\/glamuur.ee\/et\/wp-json\/wp\/v2\/media\/130798"}],"wp:attachment":[{"href":"https:\/\/glamuur.ee\/et\/wp-json\/wp\/v2\/media?parent=130797"}],"wp:term":[{"taxonomy":"product_brand","embeddable":true,"href":"https:\/\/glamuur.ee\/et\/wp-json\/wp\/v2\/product_brand?post=130797"},{"taxonomy":"product_cat","embeddable":true,"href":"https:\/\/glamuur.ee\/et\/wp-json\/wp\/v2\/product_cat?post=130797"},{"taxonomy":"product_tag","embeddable":true,"href":"https:\/\/glamuur.ee\/et\/wp-json\/wp\/v2\/product_tag?post=130797"},{"taxonomy":"giftcard-category","embeddable":true,"href":"https:\/\/glamuur.ee\/et\/wp-json\/wp\/v2\/giftcard-category?post=130797"}],"curies":[{"name":"wp","href":"https:\/\/api.w.org\/{rel}","templated":true}]}}