{"id":130708,"date":"2023-02-28T18:35:59","date_gmt":"2023-02-28T18:35:59","guid":{"rendered":"https:\/\/dev.glamuur.ee\/product\/bronzallure-earrings-wsbz00673-bb\/"},"modified":"2025-04-30T16:52:17","modified_gmt":"2025-04-30T13:52:17","slug":"pronkskorvarongad-wsbz00673-bb","status":"publish","type":"product","link":"https:\/\/glamuur.ee\/et\/product\/bronzallure-earrings-wsbz00673-bb\/","title":{"rendered":"Bronzallure K\u00f5rvar\u00f5ngad"},"content":{"rendered":"<p>Nende k\u00f5rvar\u00f5ngaste voolujooneline, v\u00e4ljendusrikas disain, millel on maksimaalne ruudukujuline lihvitud kivi. 18K roosaga kullatud Golden Rose ehteid pakutakse sinise kaltsedoni, akva, punase, roosakvartsi v\u00f5i suitsukvartsiga. Paaritage need koos koosk\u00f5lastatud s\u00f5rmusega, et saavutada \u00fclim elegantsus, v\u00f5i teiste kollektsiooni ehetega.<br \/>\n- Golden Rose patenteeritud sulam - 18K roosakuldne pinnakate Sertifitseeritud looduslikud kivid Valmistatud Itaalias Nikli- ja kaadmiumivaba, h\u00fcpoallergeenne Kivi l\u00e4bim\u00f5\u00f5t: 1,9 cm. <\/p>","protected":false},"excerpt":{"rendered":"<p>A streamlined, statement design for these earrings with a maxi square faceted stone. The 18K rose gold-plated Golden Rose jewelry is offered in blue chalcedony, aqua, red, rose quartz or smoky quartz. Pair them with the coordinating ring for the ultimate in elegance or the&#8230;<\/p>","protected":false},"featured_media":130709,"comment_status":"open","ping_status":"closed","template":"","meta":{"jetpack_post_was_ever_published":false},"product_brand":[],"product_cat":[193,194,725,980,939,964],"product_tag":[],"giftcard-category":[],"class_list":{"0":"post-130708","1":"product","2":"type-product","3":"status-publish","4":"has-post-thumbnail","6":"product_cat-bronzallure","7":"product_cat-bronzallure-earrings","8":"product_cat-earrings","9":"product_cat-ready-for-vacation","10":"product_cat-ti-sento-sale-europe","11":"product_cat-summer-sale-ti-sento","12":"pa_material-golden-rose","13":"pa_metal-color-rose-gold","14":"pa_product-brand-bronzallure","15":"pa_stone-color-blue","16":"pa_type-category-earrings","18":"first","19":"instock","20":"featured","21":"taxable","22":"shipping-taxable","23":"purchasable","24":"product-type-simple"},"bundled_by":[],"bundle_stock_status":"instock","bundle_stock_quantity":2,"bundle_virtual":false,"bundle_layout":"","bundle_add_to_cart_form_location":"","bundle_editable_in_cart":false,"bundle_sold_individually_context":"","bundle_item_grouping":"","bundle_min_size":"","bundle_max_size":"","bundle_price":[],"bundled_items":[],"bundle_sell_ids":[],"etheme_brands":{"errors":{"invalid_taxonomy":["Lubamatu taksonoomia."]},"error_data":[]},"_links":{"self":[{"href":"https:\/\/glamuur.ee\/et\/wp-json\/wp\/v2\/product\/130708","targetHints":{"allow":["GET"]}}],"collection":[{"href":"https:\/\/glamuur.ee\/et\/wp-json\/wp\/v2\/product"}],"about":[{"href":"https:\/\/glamuur.ee\/et\/wp-json\/wp\/v2\/types\/product"}],"replies":[{"embeddable":true,"href":"https:\/\/glamuur.ee\/et\/wp-json\/wp\/v2\/comments?post=130708"}],"wp:featuredmedia":[{"embeddable":true,"href":"https:\/\/glamuur.ee\/et\/wp-json\/wp\/v2\/media\/130709"}],"wp:attachment":[{"href":"https:\/\/glamuur.ee\/et\/wp-json\/wp\/v2\/media?parent=130708"}],"wp:term":[{"taxonomy":"product_brand","embeddable":true,"href":"https:\/\/glamuur.ee\/et\/wp-json\/wp\/v2\/product_brand?post=130708"},{"taxonomy":"product_cat","embeddable":true,"href":"https:\/\/glamuur.ee\/et\/wp-json\/wp\/v2\/product_cat?post=130708"},{"taxonomy":"product_tag","embeddable":true,"href":"https:\/\/glamuur.ee\/et\/wp-json\/wp\/v2\/product_tag?post=130708"},{"taxonomy":"giftcard-category","embeddable":true,"href":"https:\/\/glamuur.ee\/et\/wp-json\/wp\/v2\/giftcard-category?post=130708"}],"curies":[{"name":"wp","href":"https:\/\/api.w.org\/{rel}","templated":true}]}}