{"id":130412,"date":"2023-02-28T18:28:53","date_gmt":"2023-02-28T18:28:53","guid":{"rendered":"https:\/\/dev.glamuur.ee\/product\/bronzallure-earrings-wsbz01321-wm\/"},"modified":"2026-02-23T14:30:57","modified_gmt":"2026-02-23T12:30:57","slug":"pronkskorvarongad-wsbz01321-wm","status":"publish","type":"product","link":"https:\/\/glamuur.ee\/et\/product\/bronzallure-earrings-wsbz01321-wm\/","title":{"rendered":"Bronzallure K\u00f5rvar\u00f5ngad"},"content":{"rendered":"<p>Need k\u00f5rvar\u00f5ngad on osa Alba kollektsioonist: 18k roosaga kullatud Golden Rose alusele on paigaldatud looduslik kivikettake. Elegantsus ja stiil \u00fches t\u00e4iuslikus ehtes, mida saab kanda iga p\u00e4ev. Sobitage need meie e-kaubanduses olevate kaelakee, s\u00f5rmuste ja k\u00f5rvar\u00f5ngastega.<br \/>\n- Golden Rose patenditud sulam 18KT roosakuldne pinnakate Sertifitseeritud looduslikud kivid Disainitud Made in Italy Nikli- ja kaadmiumivaba, h\u00fcpoallergeenne Pikkus: 2,5 cm Kivi l\u00e4bim\u00f5\u00f5t: 1,2 cm <\/p>","protected":false},"excerpt":{"rendered":"<p>These dangle earrings are part of the Alba collection: a natural stone disc mounted on an 18k rose gold plated Golden Rose base. Elegance and style in one perfect piece of jewelry to wear every day. Match them with the necklace, rings and earrings present&#8230;<\/p>","protected":false},"featured_media":130413,"comment_status":"open","ping_status":"closed","template":"","meta":{"jetpack_post_was_ever_published":false},"product_brand":[],"product_cat":[193,194,725,968,945,939,964],"product_tag":[],"giftcard-category":[],"class_list":{"0":"post-130412","1":"product","2":"type-product","3":"status-publish","4":"has-post-thumbnail","6":"product_cat-bronzallure","7":"product_cat-bronzallure-earrings","8":"product_cat-earrings","9":"product_cat-mothers-day-2025-ti-sento","10":"product_cat-pearls","11":"product_cat-ti-sento-sale-europe","12":"product_cat-summer-sale-ti-sento","13":"pa_material-golden-rose","14":"pa_metal-color-rose-gold","15":"pa_product-brand-bronzallure","16":"pa_stone-color-pearl","17":"pa_type-category-earrings","19":"first","20":"instock","21":"featured","22":"taxable","23":"shipping-taxable","24":"purchasable","25":"product-type-simple"},"bundled_by":[],"bundle_stock_status":"instock","bundle_stock_quantity":4,"bundle_virtual":false,"bundle_layout":"","bundle_add_to_cart_form_location":"","bundle_editable_in_cart":false,"bundle_sold_individually_context":"","bundle_item_grouping":"","bundle_min_size":"","bundle_max_size":"","bundle_price":[],"bundled_items":[],"bundle_sell_ids":[],"etheme_brands":{"errors":{"invalid_taxonomy":["Lubamatu taksonoomia."]},"error_data":[]},"_links":{"self":[{"href":"https:\/\/glamuur.ee\/et\/wp-json\/wp\/v2\/product\/130412","targetHints":{"allow":["GET"]}}],"collection":[{"href":"https:\/\/glamuur.ee\/et\/wp-json\/wp\/v2\/product"}],"about":[{"href":"https:\/\/glamuur.ee\/et\/wp-json\/wp\/v2\/types\/product"}],"replies":[{"embeddable":true,"href":"https:\/\/glamuur.ee\/et\/wp-json\/wp\/v2\/comments?post=130412"}],"wp:featuredmedia":[{"embeddable":true,"href":"https:\/\/glamuur.ee\/et\/wp-json\/wp\/v2\/media\/130413"}],"wp:attachment":[{"href":"https:\/\/glamuur.ee\/et\/wp-json\/wp\/v2\/media?parent=130412"}],"wp:term":[{"taxonomy":"product_brand","embeddable":true,"href":"https:\/\/glamuur.ee\/et\/wp-json\/wp\/v2\/product_brand?post=130412"},{"taxonomy":"product_cat","embeddable":true,"href":"https:\/\/glamuur.ee\/et\/wp-json\/wp\/v2\/product_cat?post=130412"},{"taxonomy":"product_tag","embeddable":true,"href":"https:\/\/glamuur.ee\/et\/wp-json\/wp\/v2\/product_tag?post=130412"},{"taxonomy":"giftcard-category","embeddable":true,"href":"https:\/\/glamuur.ee\/et\/wp-json\/wp\/v2\/giftcard-category?post=130412"}],"curies":[{"name":"wp","href":"https:\/\/api.w.org\/{rel}","templated":true}]}}